{"id":165650,"date":"2024-10-25T08:52:56","date_gmt":"2024-10-25T06:52:56","guid":{"rendered":"https:\/\/www.fabioferro.eu\/fope-prima-flex-it-collection-armband-aus-gelbgold-mit-diamant.html"},"modified":"2026-01-09T16:21:10","modified_gmt":"2026-01-09T15:21:10","slug":"fope-prima-flex-it-collection-armband-aus-gelbgold-mit-diamant","status":"publish","type":"product","link":"https:\/\/www.fabioferro.eu\/de\/fope-prima-flex-it-collection-armband-aus-gelbgold-mit-diamant.html","title":{"rendered":"Fope Prima Flex It Collection Armband aus Gelbgold mit Diamant"},"content":{"rendered":"<p class=\"p1\">Armband der Fope Prima Kollektion aus 18 Karat Gelbgold, ein Symbol f\u00fcr Raffinesse und Handwerkskunst.<\/p>\n<p class=\"p1\">In der Mitte des Armbands sorgt ein 0,01-Karat-Diamant f\u00fcr ein funkelndes Licht und bereichert das Design mit einem Hauch von Klasse.<\/p>\n<p class=\"p1\">Die Flex&#8217;it-Technologie erm\u00f6glicht eine au\u00dfergew\u00f6hnliche Flexibilit\u00e4t, so dass das Armband auch ohne Verschl\u00fcsse bequem zu tragen ist.<\/p>\n<p class=\"p1\">Jedes St\u00fcck wird mit \u00fcber 12.000 Zugzyklen getestet, um die absolute Zuverl\u00e4ssigkeit und St\u00e4rke jeder Manschette zu garantieren.<\/p>\n<p class=\"p1\">Dieses in Italien handgefertigte Armband zeugt von Qualit\u00e4t Made in Italy.<\/p>\n<p class=\"p1\">Geliefert in einer exquisiten Box, begleitet von einer internationalen Fope-Garantie.<\/p>\n<p><img decoding=\"async\" class=\"alignnone size-full wp-image-205465\" src=\"http:\/\/cdn02.fabioferro.eu\/wp-content\/uploads\/tabelle-misure-bracciali.jpg\" alt=\"\" width=\"1900\" height=\"153\" title=\"\" srcset=\"https:\/\/cdn02.fabioferro.eu\/wp-content\/uploads\/tabelle-misure-bracciali.jpg 1900w, https:\/\/cdn02.fabioferro.eu\/wp-content\/uploads\/tabelle-misure-bracciali-768x62.jpg 768w, https:\/\/cdn02.fabioferro.eu\/wp-content\/uploads\/tabelle-misure-bracciali-1536x124.jpg 1536w, https:\/\/cdn02.fabioferro.eu\/wp-content\/uploads\/tabelle-misure-bracciali-990x80.jpg 990w, https:\/\/cdn02.fabioferro.eu\/wp-content\/uploads\/tabelle-misure-bracciali-441x36.jpg 441w, https:\/\/cdn02.fabioferro.eu\/wp-content\/uploads\/tabelle-misure-bracciali-600x48.jpg 600w, https:\/\/cdn02.fabioferro.eu\/wp-content\/uploads\/tabelle-misure-bracciali-150x12.jpg 150w\" sizes=\"(max-width: 1900px) 100vw, 1900px\" \/><\/p>\n","protected":false},"excerpt":{"rendered":"<p class=\"p1\">FOPE-Armband aus Gelbgold, ein Symbol f\u00fcr zeitlosen Stil und Qualit\u00e4t.<\/p>\n","protected":false},"featured_media":164063,"comment_status":"open","ping_status":"closed","template":"","meta":[],"product_brand":[154],"product_cat":[6161],"product_tag":[],"class_list":{"0":"post-165650","1":"product","2":"type-product","3":"status-publish","4":"has-post-thumbnail","6":"product_brand-fope","7":"product_cat-fope-armbander","9":"first","10":"instock","11":"taxable","12":"shipping-taxable","13":"purchasable","14":"product-type-variable","15":"has-default-attributes"},"exclude_global_add_ons":[],"addons":[],"df_price":2560,"df_sale_price":"","df_regular_price":2560,"df_image_link":"https:\/\/cdn02.fabioferro.eu\/wp-content\/uploads\/bracciale-fope-collezione-prima-flex-it-in-oro-giallo-con-diamante.jpg","_links":{"self":[{"href":"https:\/\/www.fabioferro.eu\/de\/wp-json\/wp\/v2\/product\/165650","targetHints":{"allow":["GET"]}}],"collection":[{"href":"https:\/\/www.fabioferro.eu\/de\/wp-json\/wp\/v2\/product"}],"about":[{"href":"https:\/\/www.fabioferro.eu\/de\/wp-json\/wp\/v2\/types\/product"}],"replies":[{"embeddable":true,"href":"https:\/\/www.fabioferro.eu\/de\/wp-json\/wp\/v2\/comments?post=165650"}],"version-history":[{"count":1,"href":"https:\/\/www.fabioferro.eu\/de\/wp-json\/wp\/v2\/product\/165650\/revisions"}],"predecessor-version":[{"id":206295,"href":"https:\/\/www.fabioferro.eu\/de\/wp-json\/wp\/v2\/product\/165650\/revisions\/206295"}],"wp:featuredmedia":[{"embeddable":true,"href":"https:\/\/www.fabioferro.eu\/de\/wp-json\/wp\/v2\/media\/164063"}],"wp:attachment":[{"href":"https:\/\/www.fabioferro.eu\/de\/wp-json\/wp\/v2\/media?parent=165650"}],"wp:term":[{"taxonomy":"product_brand","embeddable":true,"href":"https:\/\/www.fabioferro.eu\/de\/wp-json\/wp\/v2\/product_brand?post=165650"},{"taxonomy":"product_cat","embeddable":true,"href":"https:\/\/www.fabioferro.eu\/de\/wp-json\/wp\/v2\/product_cat?post=165650"},{"taxonomy":"product_tag","embeddable":true,"href":"https:\/\/www.fabioferro.eu\/de\/wp-json\/wp\/v2\/product_tag?post=165650"}],"curies":[{"name":"wp","href":"https:\/\/api.w.org\/{rel}","templated":true}]}}