{"id":165677,"date":"2024-10-25T09:15:49","date_gmt":"2024-10-25T07:15:49","guid":{"rendered":"https:\/\/www.fabioferro.eu\/fope-solo-flex-it-collection-armband-aus-gelb-und-rosegold-mit-diamant.html"},"modified":"2026-01-09T16:19:02","modified_gmt":"2026-01-09T15:19:02","slug":"fope-solo-flex-it-collection-armband-aus-gelb-und-rosegold-mit-diamant","status":"publish","type":"product","link":"https:\/\/www.fabioferro.eu\/de\/fope-solo-flex-it-collection-armband-aus-gelb-und-rosegold-mit-diamant.html","title":{"rendered":"Fope Solo Flex It Collection Armband aus Gelb- und Ros\u00e9gold mit Diamant"},"content":{"rendered":"<p class=\"p1\">Fope Armband aus 18 Karat Gelb- und Ros\u00e9gold, eine perfekte Verschmelzung von Luxus und raffinierter Handwerkskunst.<\/p>\n<p class=\"p1\">Ein 0,01-Karat-Diamant verleiht dem Armband eine leuchtende und kostbare Note und bereichert sein einzigartiges Design.<\/p>\n<p class=\"p1\">Dank der patentierten Flex&#8217;it-Technologie von Fope l\u00e4sst sich das Armband ganz einfach ohne Verschl\u00fcsse anlegen und garantiert so absoluten Komfort.<\/p>\n<p class=\"p1\">Jedes St\u00fcck wird strengen Festigkeitstests unterzogen und durchl\u00e4uft \u00fcber 12.000 Zugzyklen, um eine hohe Qualit\u00e4t zu gew\u00e4hrleisten.<\/p>\n<p class=\"p1\">Handgefertigt in Italien, ist es ein Beispiel f\u00fcr italienische Goldschmiedekunst.<\/p>\n<p class=\"p1\">Zusammen mit einer eleganten Pr\u00e4sentationsbox und einem internationalen Fope-Garantiezertifikat.<\/p>\n<p><img decoding=\"async\" class=\"alignnone size-full wp-image-86002\" src=\"https:\/\/cdn02.fabioferro.eu\/wp-content\/uploads\/tabella-misure-fope-bracciali.jpg\" alt=\"\" width=\"1267\" height=\"160\" title=\"\" srcset=\"https:\/\/cdn02.fabioferro.eu\/wp-content\/uploads\/tabella-misure-fope-bracciali.jpg 1267w, https:\/\/cdn02.fabioferro.eu\/wp-content\/uploads\/tabella-misure-fope-bracciali-768x97.jpg 768w, https:\/\/cdn02.fabioferro.eu\/wp-content\/uploads\/tabella-misure-fope-bracciali-990x125.jpg 990w, https:\/\/cdn02.fabioferro.eu\/wp-content\/uploads\/tabella-misure-fope-bracciali-441x56.jpg 441w, https:\/\/cdn02.fabioferro.eu\/wp-content\/uploads\/tabella-misure-fope-bracciali-600x76.jpg 600w, https:\/\/cdn02.fabioferro.eu\/wp-content\/uploads\/tabella-misure-fope-bracciali-150x19.jpg 150w\" sizes=\"(max-width: 1267px) 100vw, 1267px\" \/><\/p>\n","protected":false},"excerpt":{"rendered":"<p class=\"p1\">Ein handgefertigtes Meisterwerk, das Tradition und Moderne in einem einzigartigen Schmuckst\u00fcck vereint.<\/p>\n","protected":false},"featured_media":164105,"comment_status":"open","ping_status":"closed","template":"","meta":[],"product_brand":[154],"product_cat":[6161],"product_tag":[],"class_list":{"0":"post-165677","1":"product","2":"type-product","3":"status-publish","4":"has-post-thumbnail","6":"product_brand-fope","7":"product_cat-fope-armbander","9":"first","10":"instock","11":"taxable","12":"shipping-taxable","13":"purchasable","14":"product-type-variable","15":"has-default-attributes"},"exclude_global_add_ons":[],"addons":[],"df_price":4000,"df_sale_price":"","df_regular_price":4000,"df_image_link":"https:\/\/cdn02.fabioferro.eu\/wp-content\/uploads\/bracciale-fope-collezione-solo-flex-it-in-oro-giallo-e-rosa-con-diamante.jpg","_links":{"self":[{"href":"https:\/\/www.fabioferro.eu\/de\/wp-json\/wp\/v2\/product\/165677","targetHints":{"allow":["GET"]}}],"collection":[{"href":"https:\/\/www.fabioferro.eu\/de\/wp-json\/wp\/v2\/product"}],"about":[{"href":"https:\/\/www.fabioferro.eu\/de\/wp-json\/wp\/v2\/types\/product"}],"replies":[{"embeddable":true,"href":"https:\/\/www.fabioferro.eu\/de\/wp-json\/wp\/v2\/comments?post=165677"}],"version-history":[{"count":1,"href":"https:\/\/www.fabioferro.eu\/de\/wp-json\/wp\/v2\/product\/165677\/revisions"}],"predecessor-version":[{"id":206240,"href":"https:\/\/www.fabioferro.eu\/de\/wp-json\/wp\/v2\/product\/165677\/revisions\/206240"}],"wp:featuredmedia":[{"embeddable":true,"href":"https:\/\/www.fabioferro.eu\/de\/wp-json\/wp\/v2\/media\/164105"}],"wp:attachment":[{"href":"https:\/\/www.fabioferro.eu\/de\/wp-json\/wp\/v2\/media?parent=165677"}],"wp:term":[{"taxonomy":"product_brand","embeddable":true,"href":"https:\/\/www.fabioferro.eu\/de\/wp-json\/wp\/v2\/product_brand?post=165677"},{"taxonomy":"product_cat","embeddable":true,"href":"https:\/\/www.fabioferro.eu\/de\/wp-json\/wp\/v2\/product_cat?post=165677"},{"taxonomy":"product_tag","embeddable":true,"href":"https:\/\/www.fabioferro.eu\/de\/wp-json\/wp\/v2\/product_tag?post=165677"}],"curies":[{"name":"wp","href":"https:\/\/api.w.org\/{rel}","templated":true}]}}