{"id":165684,"date":"2024-10-25T09:38:07","date_gmt":"2024-10-25T07:38:07","guid":{"rendered":"https:\/\/www.fabioferro.eu\/fope-prima-collection-ring-aus-rosegold-mit-diamantpflaster.html"},"modified":"2026-01-09T16:17:50","modified_gmt":"2026-01-09T15:17:50","slug":"fope-prima-collection-ring-aus-rosegold-mit-diamantpflaster","status":"publish","type":"product","link":"https:\/\/www.fabioferro.eu\/de\/fope-prima-collection-ring-aus-rosegold-mit-diamantpflaster.html","title":{"rendered":"Fope Prima Collection Ring aus Ros\u00e9gold mit Diamantpflaster"},"content":{"rendered":"<p class=\"p1\">Eleganter Ring aus 18 Karat Ros\u00e9gold, handgefertigt.<\/p>\n<p class=\"p1\">In der Mitte ist ein Pav\u00e9 aus 0,09 Karat Diamanten fachm\u00e4nnisch gefasst und verleiht dem exklusiven Design eine funkelnde Note.<\/p>\n<p class=\"p1\">Im Inneren des Schmuckst\u00fccks befinden sich die Stempel und das Fope-Zeichen.<\/p>\n<p class=\"p1\">Der Ring wird in einem luxuri\u00f6sen Etui pr\u00e4sentiert und verf\u00fcgt \u00fcber eine internationale Fope-Garantie, die seine Langlebigkeit bescheinigt.<\/p>\n<p><img decoding=\"async\" class=\"alignnone size-full wp-image-205373\" src=\"http:\/\/cdn02.fabioferro.eu\/wp-content\/uploads\/tabella-misure-anelli-standard-no-flexit-1.jpg\" alt=\"\" width=\"1266\" height=\"723\" title=\"\" srcset=\"https:\/\/cdn02.fabioferro.eu\/wp-content\/uploads\/tabella-misure-anelli-standard-no-flexit-1.jpg 1266w, https:\/\/cdn02.fabioferro.eu\/wp-content\/uploads\/tabella-misure-anelli-standard-no-flexit-1-768x439.jpg 768w, https:\/\/cdn02.fabioferro.eu\/wp-content\/uploads\/tabella-misure-anelli-standard-no-flexit-1-990x565.jpg 990w, https:\/\/cdn02.fabioferro.eu\/wp-content\/uploads\/tabella-misure-anelli-standard-no-flexit-1-441x252.jpg 441w, https:\/\/cdn02.fabioferro.eu\/wp-content\/uploads\/tabella-misure-anelli-standard-no-flexit-1-600x343.jpg 600w, https:\/\/cdn02.fabioferro.eu\/wp-content\/uploads\/tabella-misure-anelli-standard-no-flexit-1-150x86.jpg 150w\" sizes=\"(max-width: 1266px) 100vw, 1266px\" \/><\/p>\n","protected":false},"excerpt":{"rendered":"<p class=\"p1\">Ein handgefertigtes Meisterwerk, das Eleganz und Stil ausdr\u00fcckt.<\/p>\n","protected":false},"featured_media":164141,"comment_status":"open","ping_status":"closed","template":"","meta":[],"product_brand":[154],"product_cat":[6139],"product_tag":[],"class_list":{"0":"post-165684","1":"product","2":"type-product","3":"status-publish","4":"has-post-thumbnail","6":"product_brand-fope","7":"product_cat-fope-ringe","9":"first","10":"instock","11":"taxable","12":"shipping-taxable","13":"purchasable","14":"product-type-variable","15":"has-default-attributes"},"exclude_global_add_ons":[],"addons":[],"df_price":1740,"df_sale_price":"","df_regular_price":1740,"df_image_link":"https:\/\/cdn02.fabioferro.eu\/wp-content\/uploads\/anello-fope-collezione-prima-in-oro-rosa-con-pave-di-diamanti.jpg","_links":{"self":[{"href":"https:\/\/www.fabioferro.eu\/de\/wp-json\/wp\/v2\/product\/165684","targetHints":{"allow":["GET"]}}],"collection":[{"href":"https:\/\/www.fabioferro.eu\/de\/wp-json\/wp\/v2\/product"}],"about":[{"href":"https:\/\/www.fabioferro.eu\/de\/wp-json\/wp\/v2\/types\/product"}],"replies":[{"embeddable":true,"href":"https:\/\/www.fabioferro.eu\/de\/wp-json\/wp\/v2\/comments?post=165684"}],"version-history":[{"count":1,"href":"https:\/\/www.fabioferro.eu\/de\/wp-json\/wp\/v2\/product\/165684\/revisions"}],"predecessor-version":[{"id":206197,"href":"https:\/\/www.fabioferro.eu\/de\/wp-json\/wp\/v2\/product\/165684\/revisions\/206197"}],"wp:featuredmedia":[{"embeddable":true,"href":"https:\/\/www.fabioferro.eu\/de\/wp-json\/wp\/v2\/media\/164141"}],"wp:attachment":[{"href":"https:\/\/www.fabioferro.eu\/de\/wp-json\/wp\/v2\/media?parent=165684"}],"wp:term":[{"taxonomy":"product_brand","embeddable":true,"href":"https:\/\/www.fabioferro.eu\/de\/wp-json\/wp\/v2\/product_brand?post=165684"},{"taxonomy":"product_cat","embeddable":true,"href":"https:\/\/www.fabioferro.eu\/de\/wp-json\/wp\/v2\/product_cat?post=165684"},{"taxonomy":"product_tag","embeddable":true,"href":"https:\/\/www.fabioferro.eu\/de\/wp-json\/wp\/v2\/product_tag?post=165684"}],"curies":[{"name":"wp","href":"https:\/\/api.w.org\/{rel}","templated":true}]}}