{"id":165707,"date":"2024-10-25T09:33:33","date_gmt":"2024-10-25T07:33:33","guid":{"rendered":"https:\/\/www.fabioferro.eu\/fope-prima-collection-gelbgold-ring-mit-diamant-pave.html"},"modified":"2026-01-09T16:18:55","modified_gmt":"2026-01-09T15:18:55","slug":"fope-prima-collection-gelbgold-ring-mit-diamant-pave","status":"publish","type":"product","link":"https:\/\/www.fabioferro.eu\/de\/fope-prima-collection-gelbgold-ring-mit-diamant-pave.html","title":{"rendered":"Fope Prima Collection Gelbgold Ring mit Diamant Pave"},"content":{"rendered":"<p class=\"p1\">Charmanter Ring aus 18-kar\u00e4tigem Gelbgold, handgefertigt, um einen warmen, umh\u00fcllenden Glanz zu enth\u00fcllen.<\/p>\n<p class=\"p1\">Das mit gro\u00dfer Sorgfalt gefasste Diamantenpav\u00e9 verleiht der gesamten Kreation einen Hauch von Luxus und Raffinesse.<\/p>\n<p class=\"p1\">Das Markenzeichen von Fope und die Werksstempel sind elegant in die Innenseite des Rings eingraviert.<\/p>\n<p class=\"p1\">Der Ring ist in einem exklusiven Etui verpackt und wird mit einer internationalen Garantie geliefert, die seine Langlebigkeit und Exzellenz bescheinigt.<\/p>\n<p><img decoding=\"async\" class=\"alignnone size-full wp-image-205373\" src=\"http:\/\/cdn02.fabioferro.eu\/wp-content\/uploads\/tabella-misure-anelli-standard-no-flexit-1.jpg\" alt=\"\" width=\"1266\" height=\"723\" title=\"\" srcset=\"https:\/\/cdn02.fabioferro.eu\/wp-content\/uploads\/tabella-misure-anelli-standard-no-flexit-1.jpg 1266w, https:\/\/cdn02.fabioferro.eu\/wp-content\/uploads\/tabella-misure-anelli-standard-no-flexit-1-768x439.jpg 768w, https:\/\/cdn02.fabioferro.eu\/wp-content\/uploads\/tabella-misure-anelli-standard-no-flexit-1-990x565.jpg 990w, https:\/\/cdn02.fabioferro.eu\/wp-content\/uploads\/tabella-misure-anelli-standard-no-flexit-1-441x252.jpg 441w, https:\/\/cdn02.fabioferro.eu\/wp-content\/uploads\/tabella-misure-anelli-standard-no-flexit-1-600x343.jpg 600w, https:\/\/cdn02.fabioferro.eu\/wp-content\/uploads\/tabella-misure-anelli-standard-no-flexit-1-150x86.jpg 150w\" sizes=\"(max-width: 1266px) 100vw, 1266px\" \/><\/p>\n","protected":false},"excerpt":{"rendered":"<p class=\"p1\">Ein Schmuckst\u00fcck, das durch seine Sch\u00f6nheit und Schlichtheit besticht.<\/p>\n","protected":false},"featured_media":164129,"comment_status":"open","ping_status":"closed","template":"","meta":[],"product_brand":[154],"product_cat":[6139],"product_tag":[],"class_list":{"0":"post-165707","1":"product","2":"type-product","3":"status-publish","4":"has-post-thumbnail","6":"product_brand-fope","7":"product_cat-fope-ringe","9":"first","10":"instock","11":"taxable","12":"shipping-taxable","13":"purchasable","14":"product-type-variable","15":"has-default-attributes"},"exclude_global_add_ons":[],"addons":[],"df_price":1740,"df_sale_price":"","df_regular_price":1740,"df_image_link":"https:\/\/cdn02.fabioferro.eu\/wp-content\/uploads\/anello-fope-collezione-prima-in-oro-giallo-con-pave-di-diamanti.jpg","_links":{"self":[{"href":"https:\/\/www.fabioferro.eu\/de\/wp-json\/wp\/v2\/product\/165707","targetHints":{"allow":["GET"]}}],"collection":[{"href":"https:\/\/www.fabioferro.eu\/de\/wp-json\/wp\/v2\/product"}],"about":[{"href":"https:\/\/www.fabioferro.eu\/de\/wp-json\/wp\/v2\/types\/product"}],"replies":[{"embeddable":true,"href":"https:\/\/www.fabioferro.eu\/de\/wp-json\/wp\/v2\/comments?post=165707"}],"version-history":[{"count":1,"href":"https:\/\/www.fabioferro.eu\/de\/wp-json\/wp\/v2\/product\/165707\/revisions"}],"predecessor-version":[{"id":206246,"href":"https:\/\/www.fabioferro.eu\/de\/wp-json\/wp\/v2\/product\/165707\/revisions\/206246"}],"wp:featuredmedia":[{"embeddable":true,"href":"https:\/\/www.fabioferro.eu\/de\/wp-json\/wp\/v2\/media\/164129"}],"wp:attachment":[{"href":"https:\/\/www.fabioferro.eu\/de\/wp-json\/wp\/v2\/media?parent=165707"}],"wp:term":[{"taxonomy":"product_brand","embeddable":true,"href":"https:\/\/www.fabioferro.eu\/de\/wp-json\/wp\/v2\/product_brand?post=165707"},{"taxonomy":"product_cat","embeddable":true,"href":"https:\/\/www.fabioferro.eu\/de\/wp-json\/wp\/v2\/product_cat?post=165707"},{"taxonomy":"product_tag","embeddable":true,"href":"https:\/\/www.fabioferro.eu\/de\/wp-json\/wp\/v2\/product_tag?post=165707"}],"curies":[{"name":"wp","href":"https:\/\/api.w.org\/{rel}","templated":true}]}}