{"id":167604,"date":"2023-10-30T09:46:59","date_gmt":"2023-10-30T08:46:59","guid":{"rendered":"https:\/\/www.fabioferro.eu\/fope-vendome-collection-flex-it-armband-in-rose-gold-mit-schwarzen-diamanten.html"},"modified":"2026-01-09T16:22:51","modified_gmt":"2026-01-09T15:22:51","slug":"fope-vendome-collection-flex-it-armband-in-rose-gold-mit-schwarzen-diamanten","status":"publish","type":"product","link":"https:\/\/www.fabioferro.eu\/de\/fope-vendome-collection-flex-it-armband-in-rose-gold-mit-schwarzen-diamanten.html","title":{"rendered":"Fope Vendome Collection Flex It Armband in Rose Gold mit schwarzen Diamanten"},"content":{"rendered":"<p class=\"p1\">Mit seinem warmen 18-kar\u00e4tigen Ros\u00e9goldton ist dieses Armband von Fope ein Meisterwerk an Eleganz und Handwerkskunst.<\/p>\n<p class=\"p1\">Das zentrale Element ist mit schwarzen Diamanten von 0,56 Karat besetzt, die der Textur des Armbands eine k\u00fchne Note verleihen.<\/p>\n<p class=\"p1\">Die Flex It-Technologie, ein offizielles Fope-Patent, garantiert eine perfekte, nat\u00fcrliche Passform ohne Verschl\u00fcsse.<\/p>\n<p class=\"p1\">Jedes Armband wurde strengen Tests unterzogen, um eine au\u00dfergew\u00f6hnliche Widerstandsf\u00e4higkeit zu gew\u00e4hrleisten, und hat mehr als 12.000 Ziehvorg\u00e4nge bestanden.<\/p>\n<p class=\"p1\">Pr\u00e4sentiert in einer eleganten Verpackung mit internationaler Garantie ist es eine Hommage an die Perfektion des italienischen Designs.<\/p>\n<p><img decoding=\"async\" class=\"alignnone size-full wp-image-205465\" src=\"http:\/\/cdn02.fabioferro.eu\/wp-content\/uploads\/tabelle-misure-bracciali.jpg\" alt=\"\" width=\"1900\" height=\"153\" title=\"\" srcset=\"https:\/\/cdn02.fabioferro.eu\/wp-content\/uploads\/tabelle-misure-bracciali.jpg 1900w, https:\/\/cdn02.fabioferro.eu\/wp-content\/uploads\/tabelle-misure-bracciali-768x62.jpg 768w, https:\/\/cdn02.fabioferro.eu\/wp-content\/uploads\/tabelle-misure-bracciali-1536x124.jpg 1536w, https:\/\/cdn02.fabioferro.eu\/wp-content\/uploads\/tabelle-misure-bracciali-990x80.jpg 990w, https:\/\/cdn02.fabioferro.eu\/wp-content\/uploads\/tabelle-misure-bracciali-441x36.jpg 441w, https:\/\/cdn02.fabioferro.eu\/wp-content\/uploads\/tabelle-misure-bracciali-600x48.jpg 600w, https:\/\/cdn02.fabioferro.eu\/wp-content\/uploads\/tabelle-misure-bracciali-150x12.jpg 150w\" sizes=\"(max-width: 1900px) 100vw, 1900px\" \/><\/p>\n","protected":false},"excerpt":{"rendered":"<p class=\"p1\">FOPE Armband aus Ros\u00e9gold, ein Meisterwerk an kompromisslosem Stil und Raffinesse.<\/p>\n","protected":false},"featured_media":166546,"comment_status":"open","ping_status":"closed","template":"","meta":[],"product_brand":[154],"product_cat":[6161],"product_tag":[],"class_list":{"0":"post-167604","1":"product","2":"type-product","3":"status-publish","4":"has-post-thumbnail","6":"product_brand-fope","7":"product_cat-fope-armbander","9":"first","10":"instock","11":"taxable","12":"shipping-taxable","13":"purchasable","14":"product-type-variable","15":"has-default-attributes"},"exclude_global_add_ons":[],"addons":[],"df_price":6460,"df_sale_price":"","df_regular_price":6460,"df_image_link":"https:\/\/cdn02.fabioferro.eu\/wp-content\/uploads\/bracciale-fope-collezione-vendome-flex-it-in-oro-rosa-con-diamanti-neri.jpg","_links":{"self":[{"href":"https:\/\/www.fabioferro.eu\/de\/wp-json\/wp\/v2\/product\/167604","targetHints":{"allow":["GET"]}}],"collection":[{"href":"https:\/\/www.fabioferro.eu\/de\/wp-json\/wp\/v2\/product"}],"about":[{"href":"https:\/\/www.fabioferro.eu\/de\/wp-json\/wp\/v2\/types\/product"}],"replies":[{"embeddable":true,"href":"https:\/\/www.fabioferro.eu\/de\/wp-json\/wp\/v2\/comments?post=167604"}],"version-history":[{"count":1,"href":"https:\/\/www.fabioferro.eu\/de\/wp-json\/wp\/v2\/product\/167604\/revisions"}],"predecessor-version":[{"id":206439,"href":"https:\/\/www.fabioferro.eu\/de\/wp-json\/wp\/v2\/product\/167604\/revisions\/206439"}],"wp:featuredmedia":[{"embeddable":true,"href":"https:\/\/www.fabioferro.eu\/de\/wp-json\/wp\/v2\/media\/166546"}],"wp:attachment":[{"href":"https:\/\/www.fabioferro.eu\/de\/wp-json\/wp\/v2\/media?parent=167604"}],"wp:term":[{"taxonomy":"product_brand","embeddable":true,"href":"https:\/\/www.fabioferro.eu\/de\/wp-json\/wp\/v2\/product_brand?post=167604"},{"taxonomy":"product_cat","embeddable":true,"href":"https:\/\/www.fabioferro.eu\/de\/wp-json\/wp\/v2\/product_cat?post=167604"},{"taxonomy":"product_tag","embeddable":true,"href":"https:\/\/www.fabioferro.eu\/de\/wp-json\/wp\/v2\/product_tag?post=167604"}],"curies":[{"name":"wp","href":"https:\/\/api.w.org\/{rel}","templated":true}]}}