{"id":167611,"date":"2023-10-30T09:40:42","date_gmt":"2023-10-30T08:40:42","guid":{"rendered":"https:\/\/www.fabioferro.eu\/fope-vendome-collection-flex-it-armband-aus-gelbgold-mit-schwarzen-diamanten.html"},"modified":"2026-01-09T16:22:48","modified_gmt":"2026-01-09T15:22:48","slug":"fope-vendome-collection-flex-it-armband-aus-gelbgold-mit-schwarzen-diamanten","status":"publish","type":"product","link":"https:\/\/www.fabioferro.eu\/de\/fope-vendome-collection-flex-it-armband-aus-gelbgold-mit-schwarzen-diamanten.html","title":{"rendered":"Fope Vendome Collection Flex It Armband aus Gelbgold mit schwarzen Diamanten"},"content":{"rendered":"<p class=\"p1\">Dieses Armband aus 18-kar\u00e4tigem Gelbgold von Fope ist ein Ausdruck von Luxus und Tradition und unterstreicht den klassischen Stil mit einer modernen Note.<\/p>\n<p class=\"p1\">In der Mitte reflektieren schwarze Diamanten von 0,56 Karat ein faszinierendes, einh\u00fcllendes Licht und fangen die Essenz raffinierter Eleganz ein.<\/p>\n<p class=\"p1\">Die Flex it-Technologie, die es nur bei Fope gibt, erm\u00f6glicht eine bequeme Passform ohne Verschl\u00fcsse und passt sich flexibel jeder Bewegung an.<\/p>\n<p class=\"p1\">Jedes Teil wird strengen Qualit\u00e4tstests unterzogen, um eine au\u00dfergew\u00f6hnliche Haltbarkeit zu gew\u00e4hrleisten, und hat dabei mehr als 12.000 Zugversuche bestanden.<\/p>\n<p class=\"p1\">Sie wird in einem edlen Etui mit internationalem Garantiezertifikat geliefert und ist ein zeitloses Stilmerkmal.<\/p>\n<p><img decoding=\"async\" class=\"alignnone size-full wp-image-205465\" src=\"http:\/\/cdn02.fabioferro.eu\/wp-content\/uploads\/tabelle-misure-bracciali.jpg\" alt=\"\" width=\"1900\" height=\"153\" title=\"\" srcset=\"https:\/\/cdn02.fabioferro.eu\/wp-content\/uploads\/tabelle-misure-bracciali.jpg 1900w, https:\/\/cdn02.fabioferro.eu\/wp-content\/uploads\/tabelle-misure-bracciali-768x62.jpg 768w, https:\/\/cdn02.fabioferro.eu\/wp-content\/uploads\/tabelle-misure-bracciali-1536x124.jpg 1536w, https:\/\/cdn02.fabioferro.eu\/wp-content\/uploads\/tabelle-misure-bracciali-990x80.jpg 990w, https:\/\/cdn02.fabioferro.eu\/wp-content\/uploads\/tabelle-misure-bracciali-441x36.jpg 441w, https:\/\/cdn02.fabioferro.eu\/wp-content\/uploads\/tabelle-misure-bracciali-600x48.jpg 600w, https:\/\/cdn02.fabioferro.eu\/wp-content\/uploads\/tabelle-misure-bracciali-150x12.jpg 150w\" sizes=\"(max-width: 1900px) 100vw, 1900px\" \/><\/p>\n","protected":false},"excerpt":{"rendered":"<p class=\"p1\">Fope Armband, Eleganz und Innovation vereinen sich in diesem handgefertigten Meisterwerk.<\/p>\n","protected":false},"featured_media":166237,"comment_status":"open","ping_status":"closed","template":"","meta":[],"product_brand":[154],"product_cat":[6161],"product_tag":[],"class_list":{"0":"post-167611","1":"product","2":"type-product","3":"status-publish","4":"has-post-thumbnail","6":"product_brand-fope","7":"product_cat-fope-armbander","9":"first","10":"instock","11":"taxable","12":"shipping-taxable","13":"purchasable","14":"product-type-variable","15":"has-default-attributes"},"exclude_global_add_ons":[],"addons":[],"df_price":6460,"df_sale_price":"","df_regular_price":6460,"df_image_link":"https:\/\/cdn02.fabioferro.eu\/wp-content\/uploads\/bracciale-fope-collezione-vendome-flex-it-in-oro-giallo-con-diamanti-neri.jpg","_links":{"self":[{"href":"https:\/\/www.fabioferro.eu\/de\/wp-json\/wp\/v2\/product\/167611","targetHints":{"allow":["GET"]}}],"collection":[{"href":"https:\/\/www.fabioferro.eu\/de\/wp-json\/wp\/v2\/product"}],"about":[{"href":"https:\/\/www.fabioferro.eu\/de\/wp-json\/wp\/v2\/types\/product"}],"replies":[{"embeddable":true,"href":"https:\/\/www.fabioferro.eu\/de\/wp-json\/wp\/v2\/comments?post=167611"}],"version-history":[{"count":1,"href":"https:\/\/www.fabioferro.eu\/de\/wp-json\/wp\/v2\/product\/167611\/revisions"}],"predecessor-version":[{"id":206440,"href":"https:\/\/www.fabioferro.eu\/de\/wp-json\/wp\/v2\/product\/167611\/revisions\/206440"}],"wp:featuredmedia":[{"embeddable":true,"href":"https:\/\/www.fabioferro.eu\/de\/wp-json\/wp\/v2\/media\/166237"}],"wp:attachment":[{"href":"https:\/\/www.fabioferro.eu\/de\/wp-json\/wp\/v2\/media?parent=167611"}],"wp:term":[{"taxonomy":"product_brand","embeddable":true,"href":"https:\/\/www.fabioferro.eu\/de\/wp-json\/wp\/v2\/product_brand?post=167611"},{"taxonomy":"product_cat","embeddable":true,"href":"https:\/\/www.fabioferro.eu\/de\/wp-json\/wp\/v2\/product_cat?post=167611"},{"taxonomy":"product_tag","embeddable":true,"href":"https:\/\/www.fabioferro.eu\/de\/wp-json\/wp\/v2\/product_tag?post=167611"}],"curies":[{"name":"wp","href":"https:\/\/api.w.org\/{rel}","templated":true}]}}