{"id":167682,"date":"2024-03-30T16:10:26","date_gmt":"2024-03-30T15:10:26","guid":{"rendered":"https:\/\/www.fabioferro.eu\/fope-vendome-kollektion-flex-it-armband-aus-weissgold-mit-diamanten-klein.html"},"modified":"2026-01-09T16:21:03","modified_gmt":"2026-01-09T15:21:03","slug":"fope-vendome-kollektion-flex-it-armband-aus-weissgold-mit-diamanten-klein","status":"publish","type":"product","link":"https:\/\/www.fabioferro.eu\/de\/fope-vendome-kollektion-flex-it-armband-aus-weissgold-mit-diamanten-klein.html","title":{"rendered":"Fope Vendome Kollektion Flex It Armband aus Wei\u00dfgold mit Diamanten Klein"},"content":{"rendered":"<p class=\"p1\">Dieses Fope Armband aus 18 Karat Wei\u00dfgold verk\u00f6rpert Eleganz und Raffinesse mit einem Design, das die italienische Handwerkskunst betont.<\/p>\n<p class=\"p1\">Die Mitte des Armbands ist mit Diamanten mit einem Gesamtgewicht von 0,24 Karat besetzt.<\/p>\n<p class=\"p1\">Dank der Flex it-Technologie und der feinen Goldfedern schmiegt sich das Armband ganz nat\u00fcrlich um das Handgelenk und sitzt ohne Verschluss.<\/p>\n<p class=\"p1\">Jedes Teil wird einer strengen Qualit\u00e4tskontrolle unterzogen und durchl\u00e4uft vor der Auslieferung 12.000 Ziehzyklen, um die hervorragende Qualit\u00e4t sicherzustellen.<\/p>\n<p class=\"p1\">Pr\u00e4sentiert in einem eleganten Etui, einschlie\u00dflich eines internationalen Garantiezertifikats von Fope.<\/p>\n<p><img decoding=\"async\" class=\"alignnone size-full wp-image-205465\" src=\"http:\/\/cdn02.fabioferro.eu\/wp-content\/uploads\/tabelle-misure-bracciali.jpg\" alt=\"\" width=\"1900\" height=\"153\" title=\"\" srcset=\"https:\/\/cdn02.fabioferro.eu\/wp-content\/uploads\/tabelle-misure-bracciali.jpg 1900w, https:\/\/cdn02.fabioferro.eu\/wp-content\/uploads\/tabelle-misure-bracciali-768x62.jpg 768w, https:\/\/cdn02.fabioferro.eu\/wp-content\/uploads\/tabelle-misure-bracciali-1536x124.jpg 1536w, https:\/\/cdn02.fabioferro.eu\/wp-content\/uploads\/tabelle-misure-bracciali-990x80.jpg 990w, https:\/\/cdn02.fabioferro.eu\/wp-content\/uploads\/tabelle-misure-bracciali-441x36.jpg 441w, https:\/\/cdn02.fabioferro.eu\/wp-content\/uploads\/tabelle-misure-bracciali-600x48.jpg 600w, https:\/\/cdn02.fabioferro.eu\/wp-content\/uploads\/tabelle-misure-bracciali-150x12.jpg 150w\" sizes=\"(max-width: 1900px) 100vw, 1900px\" \/><\/p>\n","protected":false},"excerpt":{"rendered":"<p class=\"p1\">Ein Juwel von purer Eleganz, das nicht unbemerkt bleibt.<\/p>\n","protected":false},"featured_media":164769,"comment_status":"open","ping_status":"closed","template":"","meta":[],"product_brand":[154],"product_cat":[6161],"product_tag":[],"class_list":{"0":"post-167682","1":"product","2":"type-product","3":"status-publish","4":"has-post-thumbnail","6":"product_brand-fope","7":"product_cat-fope-armbander","9":"first","10":"instock","11":"taxable","12":"shipping-taxable","13":"purchasable","14":"product-type-variable","15":"has-default-attributes"},"exclude_global_add_ons":[],"addons":[],"df_price":7450,"df_sale_price":"","df_regular_price":7450,"df_image_link":"https:\/\/cdn02.fabioferro.eu\/wp-content\/uploads\/bracciale-fope-collezione-vendome-in-oro-bianco-con-diamanti-piccolo.jpg","_links":{"self":[{"href":"https:\/\/www.fabioferro.eu\/de\/wp-json\/wp\/v2\/product\/167682","targetHints":{"allow":["GET"]}}],"collection":[{"href":"https:\/\/www.fabioferro.eu\/de\/wp-json\/wp\/v2\/product"}],"about":[{"href":"https:\/\/www.fabioferro.eu\/de\/wp-json\/wp\/v2\/types\/product"}],"replies":[{"embeddable":true,"href":"https:\/\/www.fabioferro.eu\/de\/wp-json\/wp\/v2\/comments?post=167682"}],"version-history":[{"count":1,"href":"https:\/\/www.fabioferro.eu\/de\/wp-json\/wp\/v2\/product\/167682\/revisions"}],"predecessor-version":[{"id":206285,"href":"https:\/\/www.fabioferro.eu\/de\/wp-json\/wp\/v2\/product\/167682\/revisions\/206285"}],"wp:featuredmedia":[{"embeddable":true,"href":"https:\/\/www.fabioferro.eu\/de\/wp-json\/wp\/v2\/media\/164769"}],"wp:attachment":[{"href":"https:\/\/www.fabioferro.eu\/de\/wp-json\/wp\/v2\/media?parent=167682"}],"wp:term":[{"taxonomy":"product_brand","embeddable":true,"href":"https:\/\/www.fabioferro.eu\/de\/wp-json\/wp\/v2\/product_brand?post=167682"},{"taxonomy":"product_cat","embeddable":true,"href":"https:\/\/www.fabioferro.eu\/de\/wp-json\/wp\/v2\/product_cat?post=167682"},{"taxonomy":"product_tag","embeddable":true,"href":"https:\/\/www.fabioferro.eu\/de\/wp-json\/wp\/v2\/product_tag?post=167682"}],"curies":[{"name":"wp","href":"https:\/\/api.w.org\/{rel}","templated":true}]}}