{"id":167698,"date":"2024-10-30T16:07:43","date_gmt":"2024-10-30T15:07:43","guid":{"rendered":"https:\/\/www.fabioferro.eu\/fope-vendome-kollektion-flex-it-armband-aus-weissgold-mit-grossen-diamanten.html"},"modified":"2026-01-09T16:16:26","modified_gmt":"2026-01-09T15:16:26","slug":"fope-vendome-kollektion-flex-it-armband-aus-weissgold-mit-grossen-diamanten","status":"publish","type":"product","link":"https:\/\/www.fabioferro.eu\/de\/fope-vendome-kollektion-flex-it-armband-aus-weissgold-mit-grossen-diamanten.html","title":{"rendered":"Fope Vendome Kollektion Flex It Armband aus Wei\u00dfgold mit gro\u00dfen Diamanten"},"content":{"rendered":"<p class=\"p1\">Armband aus 18 Karat Wei\u00dfgold, ein Meisterwerk aus der Kollektion Vendome von Fope.<\/p>\n<p class=\"p1\">Das zentrale Element aus Wei\u00dfgold ist mit fein gefassten Diamanten von insgesamt 0,35 Karat verziert, die ihm einen raffinierten Glanz verleihen.<\/p>\n<p class=\"p1\">Dank der Flex it-Technologie muss das Armband nicht geschlossen werden, was f\u00fcr optimalen Komfort sorgt.<\/p>\n<p class=\"p1\">Jedes Armband wird strengen Tests unterzogen und durchl\u00e4uft \u00fcber 12.000 Zugzyklen, um St\u00e4rke und Haltbarkeit zu gew\u00e4hrleisten.<\/p>\n<p class=\"p1\">Es wird in einer eleganten Fope-Box geliefert, begleitet von einem internationalen Garantiezertifikat, das seine Qualit\u00e4t und Echtheit best\u00e4tigt.<\/p>\n<p><img decoding=\"async\" class=\"alignnone size-full wp-image-205465\" src=\"http:\/\/cdn02.fabioferro.eu\/wp-content\/uploads\/tabelle-misure-bracciali.jpg\" alt=\"\" width=\"1900\" height=\"153\" title=\"\" srcset=\"https:\/\/cdn02.fabioferro.eu\/wp-content\/uploads\/tabelle-misure-bracciali.jpg 1900w, https:\/\/cdn02.fabioferro.eu\/wp-content\/uploads\/tabelle-misure-bracciali-768x62.jpg 768w, https:\/\/cdn02.fabioferro.eu\/wp-content\/uploads\/tabelle-misure-bracciali-1536x124.jpg 1536w, https:\/\/cdn02.fabioferro.eu\/wp-content\/uploads\/tabelle-misure-bracciali-990x80.jpg 990w, https:\/\/cdn02.fabioferro.eu\/wp-content\/uploads\/tabelle-misure-bracciali-441x36.jpg 441w, https:\/\/cdn02.fabioferro.eu\/wp-content\/uploads\/tabelle-misure-bracciali-600x48.jpg 600w, https:\/\/cdn02.fabioferro.eu\/wp-content\/uploads\/tabelle-misure-bracciali-150x12.jpg 150w\" sizes=\"(max-width: 1900px) 100vw, 1900px\" \/><\/p>\n","protected":false},"excerpt":{"rendered":"<p class=\"p1\">Fope Armband aus Wei\u00dfgold mit Diamanten, ein Symbol f\u00fcr Luxus und Raffinesse.<\/p>\n","protected":false},"featured_media":166913,"comment_status":"open","ping_status":"closed","template":"","meta":[],"product_brand":[154],"product_cat":[6161],"product_tag":[],"class_list":{"0":"post-167698","1":"product","2":"type-product","3":"status-publish","4":"has-post-thumbnail","6":"product_brand-fope","7":"product_cat-fope-armbander","9":"first","10":"instock","11":"taxable","12":"shipping-taxable","13":"purchasable","14":"product-type-variable","15":"has-default-attributes"},"exclude_global_add_ons":[],"addons":[],"df_price":7650,"df_sale_price":"","df_regular_price":7650,"df_image_link":"https:\/\/cdn02.fabioferro.eu\/wp-content\/uploads\/bracciale-fope-collezione-vendome-flex-it-in-oro-bianco-con-diamanti-grande.jpg","_links":{"self":[{"href":"https:\/\/www.fabioferro.eu\/de\/wp-json\/wp\/v2\/product\/167698","targetHints":{"allow":["GET"]}}],"collection":[{"href":"https:\/\/www.fabioferro.eu\/de\/wp-json\/wp\/v2\/product"}],"about":[{"href":"https:\/\/www.fabioferro.eu\/de\/wp-json\/wp\/v2\/types\/product"}],"replies":[{"embeddable":true,"href":"https:\/\/www.fabioferro.eu\/de\/wp-json\/wp\/v2\/comments?post=167698"}],"version-history":[{"count":1,"href":"https:\/\/www.fabioferro.eu\/de\/wp-json\/wp\/v2\/product\/167698\/revisions"}],"predecessor-version":[{"id":206165,"href":"https:\/\/www.fabioferro.eu\/de\/wp-json\/wp\/v2\/product\/167698\/revisions\/206165"}],"wp:featuredmedia":[{"embeddable":true,"href":"https:\/\/www.fabioferro.eu\/de\/wp-json\/wp\/v2\/media\/166913"}],"wp:attachment":[{"href":"https:\/\/www.fabioferro.eu\/de\/wp-json\/wp\/v2\/media?parent=167698"}],"wp:term":[{"taxonomy":"product_brand","embeddable":true,"href":"https:\/\/www.fabioferro.eu\/de\/wp-json\/wp\/v2\/product_brand?post=167698"},{"taxonomy":"product_cat","embeddable":true,"href":"https:\/\/www.fabioferro.eu\/de\/wp-json\/wp\/v2\/product_cat?post=167698"},{"taxonomy":"product_tag","embeddable":true,"href":"https:\/\/www.fabioferro.eu\/de\/wp-json\/wp\/v2\/product_tag?post=167698"}],"curies":[{"name":"wp","href":"https:\/\/api.w.org\/{rel}","templated":true}]}}