{"id":167821,"date":"2024-10-31T10:12:10","date_gmt":"2024-10-31T09:12:10","guid":{"rendered":"https:\/\/www.fabioferro.eu\/fope-vendome-kollektion-flex-it-ring-aus-rose-und-weissgold-mit-schwarzem-diamanten-pave.html"},"modified":"2026-01-09T16:16:05","modified_gmt":"2026-01-09T15:16:05","slug":"fope-vendome-kollektion-flex-it-ring-aus-rose-und-weissgold-mit-schwarzem-diamanten-pave","status":"publish","type":"product","link":"https:\/\/www.fabioferro.eu\/de\/fope-vendome-kollektion-flex-it-ring-aus-rose-und-weissgold-mit-schwarzem-diamanten-pave.html","title":{"rendered":"Fope Vendome Kollektion Flex It Ring aus Ros\u00e9- und Wei\u00dfgold mit schwarzem Diamanten Pave"},"content":{"rendered":"<p class=\"p1\">Raffinierter Ring aus 18 Karat Ros\u00e9gold, verziert mit einem Pav\u00e9 aus schwarzen Diamanten von 0,11 Karat, die sorgf\u00e4ltig auf einem zentralen Rondell aus Wei\u00dfgold gefasst sind.<\/p>\n<p class=\"p1\">Der Ring ist das Ergebnis kompromissloser Handwerkskunst und dr\u00fcckt in jedem Detail italienische Raffinesse und Qualit\u00e4t aus.<\/p>\n<p class=\"p1\">Die Flex it-Technologie garantiert eine bequeme Passform und ein flexibles Design, das jede Bewegung mitmacht.<\/p>\n<p class=\"p1\">Es ist in einer wertvollen Box verpackt und wird mit einer internationalen Garantie, einem Echtheits- und Wertesiegel geliefert.<\/p>\n<p><img decoding=\"async\" class=\"alignnone size-full wp-image-205376\" src=\"http:\/\/cdn02.fabioferro.eu\/wp-content\/uploads\/tabella-misure-anelli-completa-1.jpg\" alt=\"\" width=\"1900\" height=\"153\" title=\"\" srcset=\"https:\/\/cdn02.fabioferro.eu\/wp-content\/uploads\/tabella-misure-anelli-completa-1.jpg 1900w, https:\/\/cdn02.fabioferro.eu\/wp-content\/uploads\/tabella-misure-anelli-completa-1-768x62.jpg 768w, https:\/\/cdn02.fabioferro.eu\/wp-content\/uploads\/tabella-misure-anelli-completa-1-1536x124.jpg 1536w, https:\/\/cdn02.fabioferro.eu\/wp-content\/uploads\/tabella-misure-anelli-completa-1-990x80.jpg 990w, https:\/\/cdn02.fabioferro.eu\/wp-content\/uploads\/tabella-misure-anelli-completa-1-441x36.jpg 441w, https:\/\/cdn02.fabioferro.eu\/wp-content\/uploads\/tabella-misure-anelli-completa-1-600x48.jpg 600w, https:\/\/cdn02.fabioferro.eu\/wp-content\/uploads\/tabella-misure-anelli-completa-1-150x12.jpg 150w\" sizes=\"(max-width: 1900px) 100vw, 1900px\" \/> <img decoding=\"async\" class=\"alignnone size-full wp-image-205373\" src=\"http:\/\/cdn02.fabioferro.eu\/wp-content\/uploads\/tabella-misure-anelli-standard-no-flexit-1.jpg\" alt=\"\" width=\"1266\" height=\"723\" title=\"\" srcset=\"https:\/\/cdn02.fabioferro.eu\/wp-content\/uploads\/tabella-misure-anelli-standard-no-flexit-1.jpg 1266w, https:\/\/cdn02.fabioferro.eu\/wp-content\/uploads\/tabella-misure-anelli-standard-no-flexit-1-768x439.jpg 768w, https:\/\/cdn02.fabioferro.eu\/wp-content\/uploads\/tabella-misure-anelli-standard-no-flexit-1-990x565.jpg 990w, https:\/\/cdn02.fabioferro.eu\/wp-content\/uploads\/tabella-misure-anelli-standard-no-flexit-1-441x252.jpg 441w, https:\/\/cdn02.fabioferro.eu\/wp-content\/uploads\/tabella-misure-anelli-standard-no-flexit-1-600x343.jpg 600w, https:\/\/cdn02.fabioferro.eu\/wp-content\/uploads\/tabella-misure-anelli-standard-no-flexit-1-150x86.jpg 150w\" sizes=\"(max-width: 1266px) 100vw, 1266px\" \/><\/p>\n","protected":false},"excerpt":{"rendered":"<p class=\"p1\">Ein Schmuckst\u00fcck aus Rotgold mit der Signatur FOPE f\u00fcr alle, die zeitlosen Luxus lieben.<\/p>\n","protected":false},"featured_media":167745,"comment_status":"open","ping_status":"closed","template":"","meta":[],"product_brand":[154],"product_cat":[6187,6139],"product_tag":[],"class_list":{"0":"post-167821","1":"product","2":"type-product","3":"status-publish","4":"has-post-thumbnail","6":"product_brand-fope","7":"product_cat-fope-herrenschmuck","8":"product_cat-fope-ringe","10":"first","11":"instock","12":"taxable","13":"shipping-taxable","14":"purchasable","15":"product-type-variable","16":"has-default-attributes"},"exclude_global_add_ons":[],"addons":[],"df_price":2440,"df_sale_price":"","df_regular_price":2440,"df_image_link":"https:\/\/cdn02.fabioferro.eu\/wp-content\/uploads\/Anello-Fope-Collezione-Vendome-Flex-It-in-Oro-Rosa-e-Bianco-con-Pave-di-Diamanti-Neri.jpg","_links":{"self":[{"href":"https:\/\/www.fabioferro.eu\/de\/wp-json\/wp\/v2\/product\/167821","targetHints":{"allow":["GET"]}}],"collection":[{"href":"https:\/\/www.fabioferro.eu\/de\/wp-json\/wp\/v2\/product"}],"about":[{"href":"https:\/\/www.fabioferro.eu\/de\/wp-json\/wp\/v2\/types\/product"}],"replies":[{"embeddable":true,"href":"https:\/\/www.fabioferro.eu\/de\/wp-json\/wp\/v2\/comments?post=167821"}],"version-history":[{"count":1,"href":"https:\/\/www.fabioferro.eu\/de\/wp-json\/wp\/v2\/product\/167821\/revisions"}],"predecessor-version":[{"id":206161,"href":"https:\/\/www.fabioferro.eu\/de\/wp-json\/wp\/v2\/product\/167821\/revisions\/206161"}],"wp:featuredmedia":[{"embeddable":true,"href":"https:\/\/www.fabioferro.eu\/de\/wp-json\/wp\/v2\/media\/167745"}],"wp:attachment":[{"href":"https:\/\/www.fabioferro.eu\/de\/wp-json\/wp\/v2\/media?parent=167821"}],"wp:term":[{"taxonomy":"product_brand","embeddable":true,"href":"https:\/\/www.fabioferro.eu\/de\/wp-json\/wp\/v2\/product_brand?post=167821"},{"taxonomy":"product_cat","embeddable":true,"href":"https:\/\/www.fabioferro.eu\/de\/wp-json\/wp\/v2\/product_cat?post=167821"},{"taxonomy":"product_tag","embeddable":true,"href":"https:\/\/www.fabioferro.eu\/de\/wp-json\/wp\/v2\/product_tag?post=167821"}],"curies":[{"name":"wp","href":"https:\/\/api.w.org\/{rel}","templated":true}]}}