{"id":167833,"date":"2024-10-31T10:16:56","date_gmt":"2024-10-31T09:16:56","guid":{"rendered":"https:\/\/www.fabioferro.eu\/fope-vendome-kollektion-flex-it-ring-aus-rosegold-mit-schwarzem-diamant-pave.html"},"modified":"2026-01-09T16:19:52","modified_gmt":"2026-01-09T15:19:52","slug":"fope-vendome-kollektion-flex-it-ring-aus-rosegold-mit-schwarzem-diamant-pave","status":"publish","type":"product","link":"https:\/\/www.fabioferro.eu\/de\/fope-vendome-kollektion-flex-it-ring-aus-rosegold-mit-schwarzem-diamant-pave.html","title":{"rendered":"Fope Vendome Kollektion Flex It Ring aus Ros\u00e9gold mit schwarzem Diamant Pave"},"content":{"rendered":"<p class=\"p1\">Pr\u00e4chtiger Ring aus 18 Karat Ros\u00e9gold mit einem zentralen Rondell, das mit einem pr\u00e4zise gefassten Pav\u00e9 aus schwarzen Diamanten von 0,11 Karat verziert ist.<\/p>\n<p class=\"p1\">Von Meisterhand gefertigt, repr\u00e4sentiert es die Sch\u00f6nheit und Handwerkskunst des italienischen Designs.<\/p>\n<p class=\"p1\">Dank der Flex it-Technologie sitzt der Ring perfekt am Finger und bietet unvergleichlichen Komfort.<\/p>\n<p class=\"p1\">Sie wird in einer luxuri\u00f6sen Schachtel pr\u00e4sentiert und kommt mit einer von Fope unterzeichneten Garantie, die von Exzellenz und Haltbarkeit zeugt.<\/p>\n<p><img decoding=\"async\" class=\"alignnone size-full wp-image-205376\" src=\"http:\/\/cdn02.fabioferro.eu\/wp-content\/uploads\/tabella-misure-anelli-completa-1.jpg\" alt=\"\" width=\"1900\" height=\"153\" title=\"\" srcset=\"https:\/\/cdn02.fabioferro.eu\/wp-content\/uploads\/tabella-misure-anelli-completa-1.jpg 1900w, https:\/\/cdn02.fabioferro.eu\/wp-content\/uploads\/tabella-misure-anelli-completa-1-768x62.jpg 768w, https:\/\/cdn02.fabioferro.eu\/wp-content\/uploads\/tabella-misure-anelli-completa-1-1536x124.jpg 1536w, https:\/\/cdn02.fabioferro.eu\/wp-content\/uploads\/tabella-misure-anelli-completa-1-990x80.jpg 990w, https:\/\/cdn02.fabioferro.eu\/wp-content\/uploads\/tabella-misure-anelli-completa-1-441x36.jpg 441w, https:\/\/cdn02.fabioferro.eu\/wp-content\/uploads\/tabella-misure-anelli-completa-1-600x48.jpg 600w, https:\/\/cdn02.fabioferro.eu\/wp-content\/uploads\/tabella-misure-anelli-completa-1-150x12.jpg 150w\" sizes=\"(max-width: 1900px) 100vw, 1900px\" \/> <img decoding=\"async\" class=\"alignnone size-full wp-image-205373\" src=\"http:\/\/cdn02.fabioferro.eu\/wp-content\/uploads\/tabella-misure-anelli-standard-no-flexit-1.jpg\" alt=\"\" width=\"1266\" height=\"723\" title=\"\" srcset=\"https:\/\/cdn02.fabioferro.eu\/wp-content\/uploads\/tabella-misure-anelli-standard-no-flexit-1.jpg 1266w, https:\/\/cdn02.fabioferro.eu\/wp-content\/uploads\/tabella-misure-anelli-standard-no-flexit-1-768x439.jpg 768w, https:\/\/cdn02.fabioferro.eu\/wp-content\/uploads\/tabella-misure-anelli-standard-no-flexit-1-990x565.jpg 990w, https:\/\/cdn02.fabioferro.eu\/wp-content\/uploads\/tabella-misure-anelli-standard-no-flexit-1-441x252.jpg 441w, https:\/\/cdn02.fabioferro.eu\/wp-content\/uploads\/tabella-misure-anelli-standard-no-flexit-1-600x343.jpg 600w, https:\/\/cdn02.fabioferro.eu\/wp-content\/uploads\/tabella-misure-anelli-standard-no-flexit-1-150x86.jpg 150w\" sizes=\"(max-width: 1266px) 100vw, 1266px\" \/><\/p>\n","protected":false},"excerpt":{"rendered":"<p class=\"p1\">Wundersch\u00f6ner FOPE Ring mit schwarzen Diamanten, perfekt f\u00fcr alle, die italienischen Luxus lieben.<\/p>\n","protected":false},"featured_media":167756,"comment_status":"open","ping_status":"closed","template":"","meta":[],"product_brand":[154],"product_cat":[6187,6139],"product_tag":[],"class_list":{"0":"post-167833","1":"product","2":"type-product","3":"status-publish","4":"has-post-thumbnail","6":"product_brand-fope","7":"product_cat-fope-herrenschmuck","8":"product_cat-fope-ringe","10":"first","11":"instock","12":"taxable","13":"shipping-taxable","14":"purchasable","15":"product-type-variable","16":"has-default-attributes"},"exclude_global_add_ons":[],"addons":[],"df_price":2440,"df_sale_price":"","df_regular_price":2440,"df_image_link":"https:\/\/cdn02.fabioferro.eu\/wp-content\/uploads\/anello-fope-collezione-vendome-flex-it-in-oro-rosa-con-pave-di-diamanti-neri.jpg","_links":{"self":[{"href":"https:\/\/www.fabioferro.eu\/de\/wp-json\/wp\/v2\/product\/167833","targetHints":{"allow":["GET"]}}],"collection":[{"href":"https:\/\/www.fabioferro.eu\/de\/wp-json\/wp\/v2\/product"}],"about":[{"href":"https:\/\/www.fabioferro.eu\/de\/wp-json\/wp\/v2\/types\/product"}],"replies":[{"embeddable":true,"href":"https:\/\/www.fabioferro.eu\/de\/wp-json\/wp\/v2\/comments?post=167833"}],"version-history":[{"count":1,"href":"https:\/\/www.fabioferro.eu\/de\/wp-json\/wp\/v2\/product\/167833\/revisions"}],"predecessor-version":[{"id":206269,"href":"https:\/\/www.fabioferro.eu\/de\/wp-json\/wp\/v2\/product\/167833\/revisions\/206269"}],"wp:featuredmedia":[{"embeddable":true,"href":"https:\/\/www.fabioferro.eu\/de\/wp-json\/wp\/v2\/media\/167756"}],"wp:attachment":[{"href":"https:\/\/www.fabioferro.eu\/de\/wp-json\/wp\/v2\/media?parent=167833"}],"wp:term":[{"taxonomy":"product_brand","embeddable":true,"href":"https:\/\/www.fabioferro.eu\/de\/wp-json\/wp\/v2\/product_brand?post=167833"},{"taxonomy":"product_cat","embeddable":true,"href":"https:\/\/www.fabioferro.eu\/de\/wp-json\/wp\/v2\/product_cat?post=167833"},{"taxonomy":"product_tag","embeddable":true,"href":"https:\/\/www.fabioferro.eu\/de\/wp-json\/wp\/v2\/product_tag?post=167833"}],"curies":[{"name":"wp","href":"https:\/\/api.w.org\/{rel}","templated":true}]}}