{"id":168239,"date":"2024-11-06T17:06:27","date_gmt":"2024-11-06T16:06:27","guid":{"rendered":"https:\/\/www.fabioferro.eu\/.html?post_type=product&#038;p=168239"},"modified":"2025-03-06T11:33:08","modified_gmt":"2025-03-06T10:33:08","slug":"fabio-ferro-punto-luce-halskette-aus-weissgold-mit-025-karat-diamant","status":"publish","type":"product","link":"https:\/\/www.fabioferro.eu\/de\/fabio-ferro-punto-luce-halskette-aus-weissgold-mit-025-karat-diamant.html","title":{"rendered":"Fabio Ferro Punto Luce Halskette aus Wei\u00dfgold mit 0,25 Karat Diamant"},"content":{"rendered":"<p>Halskette mit Punktlicht, handgefertigt in unserer Goldschmiedewerkstatt aus 750\/1000er Wei\u00dfgold mit einem Gewicht von 2,05 Gramm. 4 x 4 mm gro\u00dfe, verschiebbare quadratische L\u00fcnette, Dicke 3 mm. 0,25 ct schwerer Brillant im Solit\u00e4rschliff, Farbe F und Reinheit VS1, mit 4 flachen Riffs gefasst.<\/p>\n<p>Besondere venezianische Kette von 45 cm L\u00e4nge, mit der M\u00f6glichkeit, sie dank einer Zwischenschlaufe, die am Ende der Kette angel\u00f6tet ist, 42 cm lang zu tragen, Karabinerverschluss. Das Schmuckst\u00fcck wird von einem Etui mit Logo begleitet, das von einer von Fabio Ferro unterzeichneten Qualit\u00e4tsgarantie begleitet wird.<\/p>\n<p><img decoding=\"async\" class=\"alignnone size-full wp-image-68675\" src=\"https:\/\/cdn02.fabioferro.eu\/wp-content\/uploads\/IGI-4cs-chart-IT-scaled.jpg\" alt=\"\" width=\"1864\" height=\"2560\" title=\"\" srcset=\"https:\/\/cdn02.fabioferro.eu\/wp-content\/uploads\/IGI-4cs-chart-IT-scaled.jpg 1864w, https:\/\/cdn02.fabioferro.eu\/wp-content\/uploads\/IGI-4cs-chart-IT-768x1055.jpg 768w, https:\/\/cdn02.fabioferro.eu\/wp-content\/uploads\/IGI-4cs-chart-IT-1119x1536.jpg 1119w, https:\/\/cdn02.fabioferro.eu\/wp-content\/uploads\/IGI-4cs-chart-IT-1491x2048.jpg 1491w, https:\/\/cdn02.fabioferro.eu\/wp-content\/uploads\/IGI-4cs-chart-IT-990x1359.jpg 990w, https:\/\/cdn02.fabioferro.eu\/wp-content\/uploads\/IGI-4cs-chart-IT-441x606.jpg 441w, https:\/\/cdn02.fabioferro.eu\/wp-content\/uploads\/IGI-4cs-chart-IT-600x824.jpg 600w, https:\/\/cdn02.fabioferro.eu\/wp-content\/uploads\/IGI-4cs-chart-IT-150x206.jpg 150w\" sizes=\"(max-width: 1864px) 100vw, 1864px\" \/><\/p>\n","protected":false},"excerpt":{"rendered":"<p>Eine Halskette mit unglaublichem Licht, die Sie zu jeder Tageszeit tragen k\u00f6nnen!<\/p>\n","protected":false},"featured_media":168755,"comment_status":"open","ping_status":"closed","template":"","meta":[],"product_brand":[152],"product_cat":[6016],"product_tag":[7442],"class_list":{"0":"post-168239","1":"product","2":"type-product","3":"status-publish","4":"has-post-thumbnail","6":"product_brand-fabio-ferro-i-gioielli","7":"product_cat-dot-light-halsketten","8":"product_tag-verfugbar","10":"first","11":"instock","12":"sale","13":"taxable","14":"shipping-taxable","15":"purchasable","16":"product-type-simple"},"exclude_global_add_ons":[],"addons":[],"df_price":1516,"df_sale_price":1516,"df_regular_price":1895,"df_image_link":"https:\/\/cdn02.fabioferro.eu\/wp-content\/uploads\/collana-punto-luce-in-oro-bianco-con-diamante-fabio-ferro-ff1342.jpg","_links":{"self":[{"href":"https:\/\/www.fabioferro.eu\/de\/wp-json\/wp\/v2\/product\/168239","targetHints":{"allow":["GET"]}}],"collection":[{"href":"https:\/\/www.fabioferro.eu\/de\/wp-json\/wp\/v2\/product"}],"about":[{"href":"https:\/\/www.fabioferro.eu\/de\/wp-json\/wp\/v2\/types\/product"}],"replies":[{"embeddable":true,"href":"https:\/\/www.fabioferro.eu\/de\/wp-json\/wp\/v2\/comments?post=168239"}],"version-history":[{"count":0,"href":"https:\/\/www.fabioferro.eu\/de\/wp-json\/wp\/v2\/product\/168239\/revisions"}],"wp:featuredmedia":[{"embeddable":true,"href":"https:\/\/www.fabioferro.eu\/de\/wp-json\/wp\/v2\/media\/168755"}],"wp:attachment":[{"href":"https:\/\/www.fabioferro.eu\/de\/wp-json\/wp\/v2\/media?parent=168239"}],"wp:term":[{"taxonomy":"product_brand","embeddable":true,"href":"https:\/\/www.fabioferro.eu\/de\/wp-json\/wp\/v2\/product_brand?post=168239"},{"taxonomy":"product_cat","embeddable":true,"href":"https:\/\/www.fabioferro.eu\/de\/wp-json\/wp\/v2\/product_cat?post=168239"},{"taxonomy":"product_tag","embeddable":true,"href":"https:\/\/www.fabioferro.eu\/de\/wp-json\/wp\/v2\/product_tag?post=168239"}],"curies":[{"name":"wp","href":"https:\/\/api.w.org\/{rel}","templated":true}]}}