{"id":168273,"date":"2024-11-06T19:05:50","date_gmt":"2024-11-06T18:05:50","guid":{"rendered":"https:\/\/www.fabioferro.eu\/.html?post_type=product&#038;p=168273"},"modified":"2025-03-06T11:33:01","modified_gmt":"2025-03-06T10:33:01","slug":"fabio-ferro-ring-gestreifter-ring-aus-weissgold-mit-diamanten","status":"publish","type":"product","link":"https:\/\/www.fabioferro.eu\/de\/fabio-ferro-ring-gestreifter-ring-aus-weissgold-mit-diamanten.html","title":{"rendered":"Fabio Ferro Ring Gestreifter Ring aus Wei\u00dfgold mit Diamanten"},"content":{"rendered":"<p>Handgefertigter Ring aus 18-kar\u00e4tigem Wei\u00dfgold, hergestellt in Italien, besetzt mit sieben Diamanten im Brillantschliff von insgesamt 0,21 Karat. Die Diamanten zeichnen sich durch eine Farbe von F und einen Reinheitsgrad von VS1 aus. Das Gesamtgewicht des Rings betr\u00e4gt 2,96 g.<\/p>\n<p>Eine spezielle flache Bearbeitung macht den Schaft einzigartig und versch\u00f6nert das Schmuckst\u00fcck noch mehr. Bitte verlassen Sie sich auf die Beschreibung f\u00fcr die tats\u00e4chlichen Eigenschaften des Schmuckst\u00fccks, das Foto dient nur zu Demonstrationszwecken. Wird von einer speziellen Verpackung und einem von Fabio Ferro I Gioielli unterzeichneten Garantiezertifikat begleitet.<\/p>\n<p><img decoding=\"async\" class=\"alignnone size-full wp-image-68675\" src=\"https:\/\/cdn02.fabioferro.eu\/wp-content\/uploads\/IGI-4cs-chart-IT-scaled.jpg\" alt=\"\" width=\"1864\" height=\"2560\" title=\"\" srcset=\"https:\/\/cdn02.fabioferro.eu\/wp-content\/uploads\/IGI-4cs-chart-IT-scaled.jpg 1864w, https:\/\/cdn02.fabioferro.eu\/wp-content\/uploads\/IGI-4cs-chart-IT-768x1055.jpg 768w, https:\/\/cdn02.fabioferro.eu\/wp-content\/uploads\/IGI-4cs-chart-IT-1119x1536.jpg 1119w, https:\/\/cdn02.fabioferro.eu\/wp-content\/uploads\/IGI-4cs-chart-IT-1491x2048.jpg 1491w, https:\/\/cdn02.fabioferro.eu\/wp-content\/uploads\/IGI-4cs-chart-IT-990x1359.jpg 990w, https:\/\/cdn02.fabioferro.eu\/wp-content\/uploads\/IGI-4cs-chart-IT-441x606.jpg 441w, https:\/\/cdn02.fabioferro.eu\/wp-content\/uploads\/IGI-4cs-chart-IT-600x824.jpg 600w, https:\/\/cdn02.fabioferro.eu\/wp-content\/uploads\/IGI-4cs-chart-IT-150x206.jpg 150w\" sizes=\"(max-width: 1864px) 100vw, 1864px\" \/><\/p>\n","protected":false},"excerpt":{"rendered":"<p>Ein einfaches und zartes Album, das Erfahrungen, Emotionen und wahre Gef\u00fchle einfangen will.<\/p>\n","protected":false},"featured_media":168739,"comment_status":"open","ping_status":"closed","template":"","meta":[],"product_brand":[152],"product_cat":[5934],"product_tag":[],"class_list":{"0":"post-168273","1":"product","2":"type-product","3":"status-publish","4":"has-post-thumbnail","6":"product_brand-fabio-ferro-i-gioielli","7":"product_cat-ringe","9":"first","10":"instock","11":"sale","12":"taxable","13":"shipping-taxable","14":"purchasable","15":"product-type-variable","16":"has-default-attributes"},"exclude_global_add_ons":[],"addons":[],"df_price":1350,"df_sale_price":"","df_regular_price":1350,"df_image_link":"https:\/\/cdn02.fabioferro.eu\/wp-content\/uploads\/anello-fabio-ferro-fedina-in-oro-bianco-con-diamanti-ff1345.jpg","_links":{"self":[{"href":"https:\/\/www.fabioferro.eu\/de\/wp-json\/wp\/v2\/product\/168273","targetHints":{"allow":["GET"]}}],"collection":[{"href":"https:\/\/www.fabioferro.eu\/de\/wp-json\/wp\/v2\/product"}],"about":[{"href":"https:\/\/www.fabioferro.eu\/de\/wp-json\/wp\/v2\/types\/product"}],"replies":[{"embeddable":true,"href":"https:\/\/www.fabioferro.eu\/de\/wp-json\/wp\/v2\/comments?post=168273"}],"version-history":[{"count":0,"href":"https:\/\/www.fabioferro.eu\/de\/wp-json\/wp\/v2\/product\/168273\/revisions"}],"wp:featuredmedia":[{"embeddable":true,"href":"https:\/\/www.fabioferro.eu\/de\/wp-json\/wp\/v2\/media\/168739"}],"wp:attachment":[{"href":"https:\/\/www.fabioferro.eu\/de\/wp-json\/wp\/v2\/media?parent=168273"}],"wp:term":[{"taxonomy":"product_brand","embeddable":true,"href":"https:\/\/www.fabioferro.eu\/de\/wp-json\/wp\/v2\/product_brand?post=168273"},{"taxonomy":"product_cat","embeddable":true,"href":"https:\/\/www.fabioferro.eu\/de\/wp-json\/wp\/v2\/product_cat?post=168273"},{"taxonomy":"product_tag","embeddable":true,"href":"https:\/\/www.fabioferro.eu\/de\/wp-json\/wp\/v2\/product_tag?post=168273"}],"curies":[{"name":"wp","href":"https:\/\/api.w.org\/{rel}","templated":true}]}}