{"id":168820,"date":"2024-11-14T11:31:33","date_gmt":"2024-11-14T10:31:33","guid":{"rendered":"https:\/\/www.fabioferro.eu\/fabio-ferro-herz-prasiolith-ring-aus-rosegold-und-diamanten.html"},"modified":"2024-11-14T11:31:33","modified_gmt":"2024-11-14T10:31:33","slug":"fabio-ferro-herz-prasiolith-ring-aus-rosegold-und-diamanten","status":"publish","type":"product","link":"https:\/\/www.fabioferro.eu\/de\/fabio-ferro-herz-prasiolith-ring-aus-rosegold-und-diamanten.html","title":{"rendered":"Fabio Ferro Herz Prasiolith Ring aus Ros\u00e9gold und Diamanten"},"content":{"rendered":"<p>Handgefertigter Ring aus 18 Karat Ros\u00e9gold. Der Hauptstein ist ein 5,07 Karat schwerer, nat\u00fcrlicher und unbehandelter Prasiolith im Herzschliff, der von 0,16 Karat nat\u00fcrlichen Diamanten im Brillantschliff begleitet wird, die sich durch Farbe F und Reinheit VS1 auszeichnen.<\/p>\n<p>Die Fassung hat eine innere W\u00f6lbung, die sie \u00e4u\u00dferst bequem und alltagstauglich macht. Die Spitzen, die den Hauptstein halten, sind abgerundet, um Unannehmlichkeiten beim Tragen zu vermeiden. Das Schmuckst\u00fcck wird von einem Echtheits- und Garantiezertifikat begleitet, das von Fabio Ferro I Gioielli unterzeichnet ist.<\/p>\n<p><img decoding=\"async\" class=\"alignnone size-full wp-image-68675\" src=\"https:\/\/cdn02.fabioferro.eu\/wp-content\/uploads\/IGI-4cs-chart-IT-scaled.jpg\" alt=\"\" width=\"1864\" height=\"2560\" title=\"\" srcset=\"https:\/\/cdn02.fabioferro.eu\/wp-content\/uploads\/IGI-4cs-chart-IT-scaled.jpg 1864w, https:\/\/cdn02.fabioferro.eu\/wp-content\/uploads\/IGI-4cs-chart-IT-768x1055.jpg 768w, https:\/\/cdn02.fabioferro.eu\/wp-content\/uploads\/IGI-4cs-chart-IT-1119x1536.jpg 1119w, https:\/\/cdn02.fabioferro.eu\/wp-content\/uploads\/IGI-4cs-chart-IT-1491x2048.jpg 1491w, https:\/\/cdn02.fabioferro.eu\/wp-content\/uploads\/IGI-4cs-chart-IT-990x1359.jpg 990w, https:\/\/cdn02.fabioferro.eu\/wp-content\/uploads\/IGI-4cs-chart-IT-441x606.jpg 441w, https:\/\/cdn02.fabioferro.eu\/wp-content\/uploads\/IGI-4cs-chart-IT-600x824.jpg 600w, https:\/\/cdn02.fabioferro.eu\/wp-content\/uploads\/IGI-4cs-chart-IT-150x206.jpg 150w\" sizes=\"(max-width: 1864px) 100vw, 1864px\" \/><\/p>\n","protected":false},"excerpt":{"rendered":"<p>Ein Ring, der nur durch seine unendliche Sch\u00f6nheit erz\u00e4hlt werden kann, angesichts der extremen Qualit\u00e4t seiner Herstellung.<\/p>\n","protected":false},"featured_media":168717,"comment_status":"open","ping_status":"closed","template":"","meta":[],"product_brand":[152],"product_cat":[5934],"product_tag":[],"class_list":{"0":"post-168820","1":"product","2":"type-product","3":"status-publish","4":"has-post-thumbnail","6":"product_brand-fabio-ferro-i-gioielli","7":"product_cat-ringe","9":"first","10":"instock","11":"sale","12":"taxable","13":"shipping-taxable","14":"purchasable","15":"product-type-variable","16":"has-default-attributes"},"exclude_global_add_ons":[],"addons":[],"df_price":1760,"df_sale_price":"","df_regular_price":1760,"df_image_link":"https:\/\/cdn02.fabioferro.eu\/wp-content\/uploads\/anello-fabio-ferro-prasiolite-cuore-in-oro-rosa-con-diamanti-ff1337-2.jpg","_links":{"self":[{"href":"https:\/\/www.fabioferro.eu\/de\/wp-json\/wp\/v2\/product\/168820","targetHints":{"allow":["GET"]}}],"collection":[{"href":"https:\/\/www.fabioferro.eu\/de\/wp-json\/wp\/v2\/product"}],"about":[{"href":"https:\/\/www.fabioferro.eu\/de\/wp-json\/wp\/v2\/types\/product"}],"replies":[{"embeddable":true,"href":"https:\/\/www.fabioferro.eu\/de\/wp-json\/wp\/v2\/comments?post=168820"}],"version-history":[{"count":0,"href":"https:\/\/www.fabioferro.eu\/de\/wp-json\/wp\/v2\/product\/168820\/revisions"}],"wp:featuredmedia":[{"embeddable":true,"href":"https:\/\/www.fabioferro.eu\/de\/wp-json\/wp\/v2\/media\/168717"}],"wp:attachment":[{"href":"https:\/\/www.fabioferro.eu\/de\/wp-json\/wp\/v2\/media?parent=168820"}],"wp:term":[{"taxonomy":"product_brand","embeddable":true,"href":"https:\/\/www.fabioferro.eu\/de\/wp-json\/wp\/v2\/product_brand?post=168820"},{"taxonomy":"product_cat","embeddable":true,"href":"https:\/\/www.fabioferro.eu\/de\/wp-json\/wp\/v2\/product_cat?post=168820"},{"taxonomy":"product_tag","embeddable":true,"href":"https:\/\/www.fabioferro.eu\/de\/wp-json\/wp\/v2\/product_tag?post=168820"}],"curies":[{"name":"wp","href":"https:\/\/api.w.org\/{rel}","templated":true}]}}