{"id":168823,"date":"2024-11-14T18:56:45","date_gmt":"2024-11-14T17:56:45","guid":{"rendered":"https:\/\/www.fabioferro.eu\/fabio-ferro-topas-london-medium-heart-cut-ohrringe.html"},"modified":"2024-11-14T18:56:45","modified_gmt":"2024-11-14T17:56:45","slug":"fabio-ferro-topas-london-medium-heart-cut-ohrringe","status":"publish","type":"product","link":"https:\/\/www.fabioferro.eu\/de\/fabio-ferro-topas-london-medium-heart-cut-ohrringe.html","title":{"rendered":"Fabio Ferro Topas London Medium Heart Cut Ohrringe"},"content":{"rendered":"<p>Ein Paar Ohrringe, handgefertigt in unserer Goldschmiedewerkstatt, komplett aus 18 Karat Ros\u00e9gold. Die beiden sternf\u00f6rmigen Edelsteine sind unbehandelte nat\u00fcrliche Londoner Topase, die in Form eines Herzens geschliffen wurden. Das Gesamtkarat betr\u00e4gt 5,82 Karat. Sie werden von 0,08 Karat nat\u00fcrlichen Diamanten im Brillantschliff begleitet, die sich durch die Farbe F und die Reinheit VS1 auszeichnen. Auf der R\u00fcckseite der Schlie\u00dfe befinden sich zwei gefederte Verschl\u00fcsse, die ein bequemes und sicheres Tragen gew\u00e4hrleisten.<\/p>\n<p>Der Rahmen ist vollst\u00e4ndig in Italien handgefertigt.<\/p>\n<p>Begleitet von einer eleganten Schachtel und einer von Fabio Ferro I Gioielli unterzeichneten Qualit\u00e4tsgarantie.<\/p>\n<p><img decoding=\"async\" class=\"alignnone size-full wp-image-68675\" src=\"https:\/\/cdn02.fabioferro.eu\/wp-content\/uploads\/IGI-4cs-chart-IT-scaled.jpg\" alt=\"\" width=\"1864\" height=\"2560\" title=\"\" srcset=\"https:\/\/cdn02.fabioferro.eu\/wp-content\/uploads\/IGI-4cs-chart-IT-scaled.jpg 1864w, https:\/\/cdn02.fabioferro.eu\/wp-content\/uploads\/IGI-4cs-chart-IT-768x1055.jpg 768w, https:\/\/cdn02.fabioferro.eu\/wp-content\/uploads\/IGI-4cs-chart-IT-1119x1536.jpg 1119w, https:\/\/cdn02.fabioferro.eu\/wp-content\/uploads\/IGI-4cs-chart-IT-1491x2048.jpg 1491w, https:\/\/cdn02.fabioferro.eu\/wp-content\/uploads\/IGI-4cs-chart-IT-990x1359.jpg 990w, https:\/\/cdn02.fabioferro.eu\/wp-content\/uploads\/IGI-4cs-chart-IT-441x606.jpg 441w, https:\/\/cdn02.fabioferro.eu\/wp-content\/uploads\/IGI-4cs-chart-IT-600x824.jpg 600w, https:\/\/cdn02.fabioferro.eu\/wp-content\/uploads\/IGI-4cs-chart-IT-150x206.jpg 150w\" sizes=\"(max-width: 1864px) 100vw, 1864px\" \/><\/p>\n<p>&nbsp;<\/p>\n","protected":false},"excerpt":{"rendered":"<p>Ein Paar elegante Ohrringe, die die Sch\u00f6nheit des Londoner Topas, eines Steins von geheimnisvoller Farbe, in sich vereinen.<\/p>\n","protected":false},"featured_media":168749,"comment_status":"open","ping_status":"closed","template":"","meta":[],"product_brand":[152],"product_cat":[6014],"product_tag":[7442],"class_list":{"0":"post-168823","1":"product","2":"type-product","3":"status-publish","4":"has-post-thumbnail","6":"product_brand-fabio-ferro-i-gioielli","7":"product_cat-ohrringe","8":"product_tag-verfugbar","10":"first","11":"instock","12":"sale","13":"taxable","14":"shipping-taxable","15":"purchasable","16":"product-type-simple"},"exclude_global_add_ons":[],"addons":[],"df_price":1590,"df_sale_price":1590,"df_regular_price":1990,"df_image_link":"https:\/\/cdn02.fabioferro.eu\/wp-content\/uploads\/orecchini-fabio-ferro-cuore-topazio-london-in-oro-rosa-con-diamanti-ff1341.jpg","_links":{"self":[{"href":"https:\/\/www.fabioferro.eu\/de\/wp-json\/wp\/v2\/product\/168823","targetHints":{"allow":["GET"]}}],"collection":[{"href":"https:\/\/www.fabioferro.eu\/de\/wp-json\/wp\/v2\/product"}],"about":[{"href":"https:\/\/www.fabioferro.eu\/de\/wp-json\/wp\/v2\/types\/product"}],"replies":[{"embeddable":true,"href":"https:\/\/www.fabioferro.eu\/de\/wp-json\/wp\/v2\/comments?post=168823"}],"version-history":[{"count":0,"href":"https:\/\/www.fabioferro.eu\/de\/wp-json\/wp\/v2\/product\/168823\/revisions"}],"wp:featuredmedia":[{"embeddable":true,"href":"https:\/\/www.fabioferro.eu\/de\/wp-json\/wp\/v2\/media\/168749"}],"wp:attachment":[{"href":"https:\/\/www.fabioferro.eu\/de\/wp-json\/wp\/v2\/media?parent=168823"}],"wp:term":[{"taxonomy":"product_brand","embeddable":true,"href":"https:\/\/www.fabioferro.eu\/de\/wp-json\/wp\/v2\/product_brand?post=168823"},{"taxonomy":"product_cat","embeddable":true,"href":"https:\/\/www.fabioferro.eu\/de\/wp-json\/wp\/v2\/product_cat?post=168823"},{"taxonomy":"product_tag","embeddable":true,"href":"https:\/\/www.fabioferro.eu\/de\/wp-json\/wp\/v2\/product_tag?post=168823"}],"curies":[{"name":"wp","href":"https:\/\/api.w.org\/{rel}","templated":true}]}}