{"id":168853,"date":"2024-11-14T16:20:28","date_gmt":"2024-11-14T15:20:28","guid":{"rendered":"https:\/\/www.fabioferro.eu\/fabio-ferro-prasiolith-herz-halskette-in-rosegold.html"},"modified":"2024-11-14T16:20:28","modified_gmt":"2024-11-14T15:20:28","slug":"fabio-ferro-prasiolith-herz-halskette-in-rosegold","status":"publish","type":"product","link":"https:\/\/www.fabioferro.eu\/de\/fabio-ferro-prasiolith-herz-halskette-in-rosegold.html","title":{"rendered":"Fabio Ferro Prasiolith-Herz-Halskette in Ros\u00e9gold"},"content":{"rendered":"<p>Handgefertigtes Collier aus 18 Karat Ros\u00e9gold. Der Star des Schmuckst\u00fccks ist ein nat\u00fcrlicher Prasiolith im Herzschliff mit einem Gewicht von 4,96 Karat. Der Edelstein ist unbehandelt und hat nur eine nat\u00fcrliche F\u00e4rbung. Ein kleiner Diamant im Brillantschliff, Farbe F und Reinheit VS1, der auf einer eleganten Zwiebel gefasst ist, schm\u00fcckt die Kette. Das Collier im Rolodex-Stil endet mit einem eleganten runden Verschluss, der das Schmuckst\u00fcck zus\u00e4tzlich versch\u00f6nert. Die gesamte Fassung ist in Italien handgefertigt. Das Schmuckst\u00fcck wird von einer eleganten Geschenkbox mit einer von Fabio Ferro I Gioielli unterzeichneten Qualit\u00e4tsgarantie begleitet.<\/p>\n<p><img decoding=\"async\" class=\"alignnone size-full wp-image-68675\" src=\"https:\/\/cdn02.fabioferro.eu\/wp-content\/uploads\/IGI-4cs-chart-IT-scaled.jpg\" alt=\"\" width=\"1864\" height=\"2560\" title=\"\" srcset=\"https:\/\/cdn02.fabioferro.eu\/wp-content\/uploads\/IGI-4cs-chart-IT-scaled.jpg 1864w, https:\/\/cdn02.fabioferro.eu\/wp-content\/uploads\/IGI-4cs-chart-IT-768x1055.jpg 768w, https:\/\/cdn02.fabioferro.eu\/wp-content\/uploads\/IGI-4cs-chart-IT-1119x1536.jpg 1119w, https:\/\/cdn02.fabioferro.eu\/wp-content\/uploads\/IGI-4cs-chart-IT-1491x2048.jpg 1491w, https:\/\/cdn02.fabioferro.eu\/wp-content\/uploads\/IGI-4cs-chart-IT-990x1359.jpg 990w, https:\/\/cdn02.fabioferro.eu\/wp-content\/uploads\/IGI-4cs-chart-IT-441x606.jpg 441w, https:\/\/cdn02.fabioferro.eu\/wp-content\/uploads\/IGI-4cs-chart-IT-600x824.jpg 600w, https:\/\/cdn02.fabioferro.eu\/wp-content\/uploads\/IGI-4cs-chart-IT-150x206.jpg 150w\" sizes=\"(max-width: 1864px) 100vw, 1864px\" \/><\/p>\n","protected":false},"excerpt":{"rendered":"<p>Ein Schmuckst\u00fcck, das eine unglaubliche Geschichte von Sch\u00f6nheit und Innovation erz\u00e4hlt.<\/p>\n","protected":false},"featured_media":168727,"comment_status":"open","ping_status":"closed","template":"","meta":[],"product_brand":[152],"product_cat":[6015],"product_tag":[7442],"class_list":{"0":"post-168853","1":"product","2":"type-product","3":"status-publish","4":"has-post-thumbnail","6":"product_brand-fabio-ferro-i-gioielli","7":"product_cat-halsketten","8":"product_tag-verfugbar","10":"first","11":"instock","12":"sale","13":"taxable","14":"shipping-taxable","15":"purchasable","16":"product-type-simple"},"exclude_global_add_ons":[],"addons":[],"df_price":1700,"df_sale_price":1700,"df_regular_price":2130,"df_image_link":"https:\/\/cdn02.fabioferro.eu\/wp-content\/uploads\/collana-fabio-ferro-cuore-prasiolite-in-oro-rosa-con-diamante-ff1340.jpg","_links":{"self":[{"href":"https:\/\/www.fabioferro.eu\/de\/wp-json\/wp\/v2\/product\/168853","targetHints":{"allow":["GET"]}}],"collection":[{"href":"https:\/\/www.fabioferro.eu\/de\/wp-json\/wp\/v2\/product"}],"about":[{"href":"https:\/\/www.fabioferro.eu\/de\/wp-json\/wp\/v2\/types\/product"}],"replies":[{"embeddable":true,"href":"https:\/\/www.fabioferro.eu\/de\/wp-json\/wp\/v2\/comments?post=168853"}],"version-history":[{"count":0,"href":"https:\/\/www.fabioferro.eu\/de\/wp-json\/wp\/v2\/product\/168853\/revisions"}],"wp:featuredmedia":[{"embeddable":true,"href":"https:\/\/www.fabioferro.eu\/de\/wp-json\/wp\/v2\/media\/168727"}],"wp:attachment":[{"href":"https:\/\/www.fabioferro.eu\/de\/wp-json\/wp\/v2\/media?parent=168853"}],"wp:term":[{"taxonomy":"product_brand","embeddable":true,"href":"https:\/\/www.fabioferro.eu\/de\/wp-json\/wp\/v2\/product_brand?post=168853"},{"taxonomy":"product_cat","embeddable":true,"href":"https:\/\/www.fabioferro.eu\/de\/wp-json\/wp\/v2\/product_cat?post=168853"},{"taxonomy":"product_tag","embeddable":true,"href":"https:\/\/www.fabioferro.eu\/de\/wp-json\/wp\/v2\/product_tag?post=168853"}],"curies":[{"name":"wp","href":"https:\/\/api.w.org\/{rel}","templated":true}]}}