{"id":169060,"date":"2024-11-16T18:37:14","date_gmt":"2024-11-16T17:37:14","guid":{"rendered":"https:\/\/www.fabioferro.eu\/.html?post_type=product&#038;p=169060"},"modified":"2025-03-06T11:32:37","modified_gmt":"2025-03-06T10:32:37","slug":"fabio-iron-point-light-halskette-aus-weissgold-mit-diamant-036-karat-igi","status":"publish","type":"product","link":"https:\/\/www.fabioferro.eu\/de\/fabio-iron-point-light-halskette-aus-weissgold-mit-diamant-036-karat-igi.html","title":{"rendered":"Fabio Ferro Point Light Halskette aus Wei\u00dfgold mit Diamant 0,36 Karat IGI"},"content":{"rendered":"<p>Puntooluce-Halskette mit einem Diamanten im Brillantschliff von 0,36 Karat, Farbe E und Reinheit Vs2, handgefertigt in unserer Goldschmiedewerkstatt. Das venezianische Gliedercollier aus 750\/1000er Wei\u00dfgold mit einem Gewicht von 2,75 g ist 45 cm lang und kann auch mit einer L\u00e4nge von 42 cm getragen werden, da am Ende der Kette eine Schlaufe eingef\u00fcgt ist, der Verschluss ist ein Karabiner.<\/p>\n<p>Die L\u00fcnette mit dem Diamanten ist verschiebbar und hat eine Gr\u00f6\u00dfe von 5 x 5 mm. Die Fassung hat kleine seitliche Rillen, die es dem Diamanten erm\u00f6glichen, das Licht zu reflektieren.<\/p>\n<p>Der Diamant wird mit einem internationalen IGI-Zertifikat geliefert.<\/p>\n<p>Das Schmuckst\u00fcck wird von einem von Fabio Ferro unterzeichneten Garantie- und Qualit\u00e4tszertifikat sowie einer eleganten Spezialverpackung begleitet.<\/p>\n<p><img decoding=\"async\" class=\"alignnone size-full wp-image-68675\" src=\"https:\/\/cdn02.fabioferro.eu\/wp-content\/uploads\/IGI-4cs-chart-IT-scaled.jpg\" alt=\"\" width=\"1864\" height=\"2560\" title=\"\" srcset=\"https:\/\/cdn02.fabioferro.eu\/wp-content\/uploads\/IGI-4cs-chart-IT-scaled.jpg 1864w, https:\/\/cdn02.fabioferro.eu\/wp-content\/uploads\/IGI-4cs-chart-IT-768x1055.jpg 768w, https:\/\/cdn02.fabioferro.eu\/wp-content\/uploads\/IGI-4cs-chart-IT-1119x1536.jpg 1119w, https:\/\/cdn02.fabioferro.eu\/wp-content\/uploads\/IGI-4cs-chart-IT-1491x2048.jpg 1491w, https:\/\/cdn02.fabioferro.eu\/wp-content\/uploads\/IGI-4cs-chart-IT-990x1359.jpg 990w, https:\/\/cdn02.fabioferro.eu\/wp-content\/uploads\/IGI-4cs-chart-IT-441x606.jpg 441w, https:\/\/cdn02.fabioferro.eu\/wp-content\/uploads\/IGI-4cs-chart-IT-600x824.jpg 600w, https:\/\/cdn02.fabioferro.eu\/wp-content\/uploads\/IGI-4cs-chart-IT-150x206.jpg 150w\" sizes=\"(max-width: 1864px) 100vw, 1864px\" \/><\/p>\n","protected":false},"excerpt":{"rendered":"<p>Eine wundersch\u00f6ne Halskette, die die Schlichtheit und Eleganz eines zeitlosen Schmuckst\u00fccks widerspiegelt.<\/p>\n","protected":false},"featured_media":119532,"comment_status":"open","ping_status":"closed","template":"","meta":[],"product_brand":[],"product_cat":[6016],"product_tag":[],"class_list":{"0":"post-169060","1":"product","2":"type-product","3":"status-publish","4":"has-post-thumbnail","6":"product_cat-dot-light-halsketten","8":"first","9":"instock","10":"sale","11":"taxable","12":"shipping-taxable","13":"purchasable","14":"product-type-simple"},"exclude_global_add_ons":[],"addons":[],"df_price":1960,"df_sale_price":1960,"df_regular_price":2450,"df_image_link":"https:\/\/cdn02.fabioferro.eu\/wp-content\/uploads\/collana-fabio-ferro-punto-luce-in-oro-bianco-e-diamanti-ff1122.jpg","_links":{"self":[{"href":"https:\/\/www.fabioferro.eu\/de\/wp-json\/wp\/v2\/product\/169060","targetHints":{"allow":["GET"]}}],"collection":[{"href":"https:\/\/www.fabioferro.eu\/de\/wp-json\/wp\/v2\/product"}],"about":[{"href":"https:\/\/www.fabioferro.eu\/de\/wp-json\/wp\/v2\/types\/product"}],"replies":[{"embeddable":true,"href":"https:\/\/www.fabioferro.eu\/de\/wp-json\/wp\/v2\/comments?post=169060"}],"version-history":[{"count":0,"href":"https:\/\/www.fabioferro.eu\/de\/wp-json\/wp\/v2\/product\/169060\/revisions"}],"wp:featuredmedia":[{"embeddable":true,"href":"https:\/\/www.fabioferro.eu\/de\/wp-json\/wp\/v2\/media\/119532"}],"wp:attachment":[{"href":"https:\/\/www.fabioferro.eu\/de\/wp-json\/wp\/v2\/media?parent=169060"}],"wp:term":[{"taxonomy":"product_brand","embeddable":true,"href":"https:\/\/www.fabioferro.eu\/de\/wp-json\/wp\/v2\/product_brand?post=169060"},{"taxonomy":"product_cat","embeddable":true,"href":"https:\/\/www.fabioferro.eu\/de\/wp-json\/wp\/v2\/product_cat?post=169060"},{"taxonomy":"product_tag","embeddable":true,"href":"https:\/\/www.fabioferro.eu\/de\/wp-json\/wp\/v2\/product_tag?post=169060"}],"curies":[{"name":"wp","href":"https:\/\/api.w.org\/{rel}","templated":true}]}}