{"id":169426,"date":"2024-11-23T10:21:19","date_gmt":"2024-11-23T09:21:19","guid":{"rendered":"https:\/\/www.fabioferro.eu\/ti-sento-milano-halbmond-vergoldete-zirkone-ohrringe.html"},"modified":"2024-11-23T10:21:19","modified_gmt":"2024-11-23T09:21:19","slug":"ti-sento-milano-halbmond-vergoldete-zirkone-ohrringe","status":"publish","type":"product","link":"https:\/\/www.fabioferro.eu\/de\/ti-sento-milano-halbmond-vergoldete-zirkone-ohrringe.html","title":{"rendered":"Ti Sento Milano Halbmond vergoldete Zirkone Ohrringe"},"content":{"rendered":"<p>Paar Ohrringe aus 925er gelbvergoldetem Silber, die am Ohrring befestigt werden. Die Steine sind wei\u00dfe Zirkone. Praktischer Verschluss mit Stift und Schmetterling zum \u00d6ffnen auf der R\u00fcckseite. Wird von der offiziellen Ti Sento Milano Box und Garantie begleitet.<\/p>\n","protected":false},"excerpt":{"rendered":"<p>Ein Paar Ohrringe, das Sie jeden Tag tragen k\u00f6nnen und das Sie noch heller strahlen l\u00e4sst.<\/p>\n","protected":false},"featured_media":169288,"comment_status":"open","ping_status":"closed","template":"","meta":[],"product_brand":[158],"product_cat":[6060],"product_tag":[7442],"class_list":{"0":"post-169426","1":"product","2":"type-product","3":"status-publish","4":"has-post-thumbnail","6":"product_brand-ti-sento-milano","7":"product_cat-ti-sento-milano-ohrringe","8":"product_tag-verfugbar","10":"first","11":"instock","12":"taxable","13":"shipping-taxable","14":"purchasable","15":"product-type-simple"},"exclude_global_add_ons":[],"addons":[],"df_price":89,"df_sale_price":"","df_regular_price":89,"df_image_link":"https:\/\/cdn02.fabioferro.eu\/wp-content\/uploads\/orecchini-ti-sento-milano-mezza-luna-7862zy-2.jpg","_links":{"self":[{"href":"https:\/\/www.fabioferro.eu\/de\/wp-json\/wp\/v2\/product\/169426","targetHints":{"allow":["GET"]}}],"collection":[{"href":"https:\/\/www.fabioferro.eu\/de\/wp-json\/wp\/v2\/product"}],"about":[{"href":"https:\/\/www.fabioferro.eu\/de\/wp-json\/wp\/v2\/types\/product"}],"replies":[{"embeddable":true,"href":"https:\/\/www.fabioferro.eu\/de\/wp-json\/wp\/v2\/comments?post=169426"}],"version-history":[{"count":0,"href":"https:\/\/www.fabioferro.eu\/de\/wp-json\/wp\/v2\/product\/169426\/revisions"}],"wp:featuredmedia":[{"embeddable":true,"href":"https:\/\/www.fabioferro.eu\/de\/wp-json\/wp\/v2\/media\/169288"}],"wp:attachment":[{"href":"https:\/\/www.fabioferro.eu\/de\/wp-json\/wp\/v2\/media?parent=169426"}],"wp:term":[{"taxonomy":"product_brand","embeddable":true,"href":"https:\/\/www.fabioferro.eu\/de\/wp-json\/wp\/v2\/product_brand?post=169426"},{"taxonomy":"product_cat","embeddable":true,"href":"https:\/\/www.fabioferro.eu\/de\/wp-json\/wp\/v2\/product_cat?post=169426"},{"taxonomy":"product_tag","embeddable":true,"href":"https:\/\/www.fabioferro.eu\/de\/wp-json\/wp\/v2\/product_tag?post=169426"}],"curies":[{"name":"wp","href":"https:\/\/api.w.org\/{rel}","templated":true}]}}