{"id":169435,"date":"2024-11-23T09:10:35","date_gmt":"2024-11-23T08:10:35","guid":{"rendered":"https:\/\/www.fabioferro.eu\/ti-sento-milano-cuore-bombato-zirkoni-halskette.html"},"modified":"2025-05-29T17:16:32","modified_gmt":"2025-05-29T15:16:32","slug":"ti-sento-milano-cuore-bombato-zirkoni-halskette","status":"publish","type":"product","link":"https:\/\/www.fabioferro.eu\/de\/ti-sento-milano-cuore-bombato-zirkoni-halskette.html","title":{"rendered":"Ti Sento Milano Cuore Bombato Zirkoni Halskette"},"content":{"rendered":"<p>Halskette aus 925\/1000er Silber. Das runde Herz ist innen hohl, damit es beim Tragen nicht zu schwer ist. Die Steine sind wei\u00dfe Zirkone. Die L\u00e4nge ist 42 cm, verstellbar. Wird von der offiziellen Ti Sento Milano Box und Garantie begleitet.<\/p>\n","protected":false},"excerpt":{"rendered":"<p>Ein s\u00fc\u00dfes Herz, das Sie in Ihrem t\u00e4glichen Leben zu begleiten wei\u00df.<\/p>\n","protected":false},"featured_media":169339,"comment_status":"open","ping_status":"closed","template":"","meta":[],"product_brand":[],"product_cat":[6090],"product_tag":[7442],"class_list":{"0":"post-169435","1":"product","2":"type-product","3":"status-publish","4":"has-post-thumbnail","6":"product_cat-ti-sento-milano-halsketten","7":"product_tag-verfugbar","9":"first","10":"instock","11":"sale","12":"taxable","13":"shipping-taxable","14":"purchasable","15":"product-type-simple"},"exclude_global_add_ons":[],"addons":[],"df_price":80.1,"df_sale_price":80.1,"df_regular_price":89,"df_image_link":"https:\/\/cdn02.fabioferro.eu\/wp-content\/uploads\/collana-ti-sento-milano-cuore-bombato-zirconi-6745si.jpg","_links":{"self":[{"href":"https:\/\/www.fabioferro.eu\/de\/wp-json\/wp\/v2\/product\/169435","targetHints":{"allow":["GET"]}}],"collection":[{"href":"https:\/\/www.fabioferro.eu\/de\/wp-json\/wp\/v2\/product"}],"about":[{"href":"https:\/\/www.fabioferro.eu\/de\/wp-json\/wp\/v2\/types\/product"}],"replies":[{"embeddable":true,"href":"https:\/\/www.fabioferro.eu\/de\/wp-json\/wp\/v2\/comments?post=169435"}],"version-history":[{"count":0,"href":"https:\/\/www.fabioferro.eu\/de\/wp-json\/wp\/v2\/product\/169435\/revisions"}],"wp:featuredmedia":[{"embeddable":true,"href":"https:\/\/www.fabioferro.eu\/de\/wp-json\/wp\/v2\/media\/169339"}],"wp:attachment":[{"href":"https:\/\/www.fabioferro.eu\/de\/wp-json\/wp\/v2\/media?parent=169435"}],"wp:term":[{"taxonomy":"product_brand","embeddable":true,"href":"https:\/\/www.fabioferro.eu\/de\/wp-json\/wp\/v2\/product_brand?post=169435"},{"taxonomy":"product_cat","embeddable":true,"href":"https:\/\/www.fabioferro.eu\/de\/wp-json\/wp\/v2\/product_cat?post=169435"},{"taxonomy":"product_tag","embeddable":true,"href":"https:\/\/www.fabioferro.eu\/de\/wp-json\/wp\/v2\/product_tag?post=169435"}],"curies":[{"name":"wp","href":"https:\/\/api.w.org\/{rel}","templated":true}]}}