{"id":169441,"date":"2024-11-23T10:07:02","date_gmt":"2024-11-23T09:07:02","guid":{"rendered":"https:\/\/www.fabioferro.eu\/ti-sento-milano-creolen-kleine-goldene-zirkone.html"},"modified":"2024-11-23T10:07:02","modified_gmt":"2024-11-23T09:07:02","slug":"ti-sento-milano-creolen-kleine-goldene-zirkone","status":"publish","type":"product","link":"https:\/\/www.fabioferro.eu\/de\/ti-sento-milano-creolen-kleine-goldene-zirkone.html","title":{"rendered":"Ti Sento Milano Creolen Kleine goldene Zirkone"},"content":{"rendered":"<p>Paar Ohrringe aus 925er gelbvergoldetem Silber, mit wei\u00dfen Zirkonen besetzt. Praktischer Verschluss mit Stift zum \u00d6ffnen auf der R\u00fcckseite. Wird von der offiziellen Ti Sento Milano Box und Garantie begleitet.<\/p>\n","protected":false},"excerpt":{"rendered":"<p>Ein Paar Ohrringe, das Sie jeden Tag tragen k\u00f6nnen und das Sie noch heller strahlen l\u00e4sst.<\/p>\n","protected":false},"featured_media":169327,"comment_status":"open","ping_status":"closed","template":"","meta":[],"product_brand":[158],"product_cat":[6060],"product_tag":[7442],"class_list":{"0":"post-169441","1":"product","2":"type-product","3":"status-publish","4":"has-post-thumbnail","6":"product_brand-ti-sento-milano","7":"product_cat-ti-sento-milano-ohrringe","8":"product_tag-verfugbar","10":"first","11":"instock","12":"taxable","13":"shipping-taxable","14":"purchasable","15":"product-type-simple"},"exclude_global_add_ons":[],"addons":[],"df_price":129,"df_sale_price":"","df_regular_price":129,"df_image_link":"https:\/\/cdn02.fabioferro.eu\/wp-content\/uploads\/orecchini-ti-sento-milano-cerchio-dorati-zirconi-7953zy.jpg","_links":{"self":[{"href":"https:\/\/www.fabioferro.eu\/de\/wp-json\/wp\/v2\/product\/169441","targetHints":{"allow":["GET"]}}],"collection":[{"href":"https:\/\/www.fabioferro.eu\/de\/wp-json\/wp\/v2\/product"}],"about":[{"href":"https:\/\/www.fabioferro.eu\/de\/wp-json\/wp\/v2\/types\/product"}],"replies":[{"embeddable":true,"href":"https:\/\/www.fabioferro.eu\/de\/wp-json\/wp\/v2\/comments?post=169441"}],"version-history":[{"count":0,"href":"https:\/\/www.fabioferro.eu\/de\/wp-json\/wp\/v2\/product\/169441\/revisions"}],"wp:featuredmedia":[{"embeddable":true,"href":"https:\/\/www.fabioferro.eu\/de\/wp-json\/wp\/v2\/media\/169327"}],"wp:attachment":[{"href":"https:\/\/www.fabioferro.eu\/de\/wp-json\/wp\/v2\/media?parent=169441"}],"wp:term":[{"taxonomy":"product_brand","embeddable":true,"href":"https:\/\/www.fabioferro.eu\/de\/wp-json\/wp\/v2\/product_brand?post=169441"},{"taxonomy":"product_cat","embeddable":true,"href":"https:\/\/www.fabioferro.eu\/de\/wp-json\/wp\/v2\/product_cat?post=169441"},{"taxonomy":"product_tag","embeddable":true,"href":"https:\/\/www.fabioferro.eu\/de\/wp-json\/wp\/v2\/product_tag?post=169441"}],"curies":[{"name":"wp","href":"https:\/\/api.w.org\/{rel}","templated":true}]}}