{"id":172152,"date":"2025-01-22T09:28:11","date_gmt":"2025-01-22T08:28:11","guid":{"rendered":"https:\/\/www.fabioferro.eu\/.html?post_type=product&#038;p=172152"},"modified":"2025-04-02T21:18:44","modified_gmt":"2025-04-02T19:18:44","slug":"hamilton-jazzmaster-open-heart-auto-gruen-42-mm-uhr","status":"publish","type":"product","link":"https:\/\/www.fabioferro.eu\/de\/hamilton-jazzmaster-open-heart-auto-gruen-42-mm-uhr.html","title":{"rendered":"Hamilton Jazzmaster Offenes Herz 42mm H32705560"},"content":{"rendered":"<p>Hamilton Jazzmaster Open Heart 42mm H32705560. Dreizeigerwerk mit Datum und 80 Stunden Gangreserve, mechanisch automatisch. Kaliber H-10 mit aufw\u00e4ndigen Perlmuttmotiven.<\/p>\n<p>Gew\u00f6lbtes Saphirkristallglas, beidseitig gegen Reflexionen behandelt.<\/p>\n<p>Seitlich satiniertes Edelstahlgeh\u00e4use mit einem Durchmesser von 42 mm, ger\u00e4ndelte Einrastkrone mit Hamilton-Logo, Geh\u00e4useboden, der einen Blick auf den Mechanismus erlaubt, durch Druck geschlossen.<\/p>\n<p>Wasserdicht bis zu 5 bar\/50 Meter.<\/p>\n<p>Gr\u00fcnes Zifferblatt mit hervorgehobenen Markierungen. Es ist m\u00f6glich, einen gro\u00dfen Teil des Uhrwerks zu betrachten, einschlie\u00dflich der Unruh, der Schublade und der oberen Platine.<\/p>\n<p>Hamilton Viewmatic&#8221;-Logo bei 9 Uhr.<\/p>\n<p>Armband aus braunem gealtertem Rindsleder. Klassische Dornschlie\u00dfe.<\/p>\n<p>Uhr wird mit offizieller Hamilton-Box und Garantie verkauft.<\/p>\n","protected":false},"excerpt":{"rendered":"<p>Hamilton Jazzmaster Open Heart 42mm H32705560. Ein schattiertes, gr\u00fcnes Zifferblatt, wie Sie es noch nie gesehen haben, das Sie jederzeit verzaubern kann.<\/p>\n","protected":false},"featured_media":172156,"comment_status":"open","ping_status":"closed","template":"","meta":[],"product_brand":[161],"product_cat":[5974],"product_tag":[],"class_list":{"0":"post-172152","1":"product","2":"type-product","3":"status-publish","4":"has-post-thumbnail","6":"product_brand-hamilton","7":"product_cat-hamilton-herrenuhren","9":"first","10":"instock","11":"sale","12":"taxable","13":"shipping-taxable","14":"purchasable","15":"product-type-simple"},"exclude_global_add_ons":[],"addons":[],"df_price":916,"df_sale_price":916,"df_regular_price":1145,"df_image_link":"https:\/\/cdn02.fabioferro.eu\/wp-content\/uploads\/orologio-hamilton-jazzmaster-open-heart-verde-H32705560.jpg","_links":{"self":[{"href":"https:\/\/www.fabioferro.eu\/de\/wp-json\/wp\/v2\/product\/172152","targetHints":{"allow":["GET"]}}],"collection":[{"href":"https:\/\/www.fabioferro.eu\/de\/wp-json\/wp\/v2\/product"}],"about":[{"href":"https:\/\/www.fabioferro.eu\/de\/wp-json\/wp\/v2\/types\/product"}],"replies":[{"embeddable":true,"href":"https:\/\/www.fabioferro.eu\/de\/wp-json\/wp\/v2\/comments?post=172152"}],"version-history":[{"count":0,"href":"https:\/\/www.fabioferro.eu\/de\/wp-json\/wp\/v2\/product\/172152\/revisions"}],"wp:featuredmedia":[{"embeddable":true,"href":"https:\/\/www.fabioferro.eu\/de\/wp-json\/wp\/v2\/media\/172156"}],"wp:attachment":[{"href":"https:\/\/www.fabioferro.eu\/de\/wp-json\/wp\/v2\/media?parent=172152"}],"wp:term":[{"taxonomy":"product_brand","embeddable":true,"href":"https:\/\/www.fabioferro.eu\/de\/wp-json\/wp\/v2\/product_brand?post=172152"},{"taxonomy":"product_cat","embeddable":true,"href":"https:\/\/www.fabioferro.eu\/de\/wp-json\/wp\/v2\/product_cat?post=172152"},{"taxonomy":"product_tag","embeddable":true,"href":"https:\/\/www.fabioferro.eu\/de\/wp-json\/wp\/v2\/product_tag?post=172152"}],"curies":[{"name":"wp","href":"https:\/\/api.w.org\/{rel}","templated":true}]}}