{"id":172983,"date":"2025-01-30T21:52:49","date_gmt":"2025-01-30T20:52:49","guid":{"rendered":"https:\/\/www.fabioferro.eu\/madi-laguna-ohrringe-aus-perlmutt.html"},"modified":"2025-01-30T21:52:49","modified_gmt":"2025-01-30T20:52:49","slug":"madi-laguna-ohrringe-aus-perlmutt","status":"publish","type":"product","link":"https:\/\/www.fabioferro.eu\/de\/madi-laguna-ohrringe-aus-perlmutt.html","title":{"rendered":"Madi Laguna Ohrringe aus Perlmutt"},"content":{"rendered":"<p class=\"p1\">Ein Paar Mad\u00ec-Ohrringe aus 925er Sterlingsilber, umh\u00fcllt von einer zarten Ros\u00e9vergoldung.<\/p>\n<p class=\"p1\">Die Eleganz des Perlmutts verbindet sich mit dem lebendigen Farbton des Ros\u00e9golds zu einem raffinierten Lichtspiel.<\/p>\n<p class=\"p1\">Der Clipverschluss mit Riegel sorgt f\u00fcr einen bequemen und einwandfreien Sitz.<\/p>\n<p class=\"p1\">Das Ergebnis italienischer Handwerkskunst, bei der jedes Detail mit Pr\u00e4zision gepflegt wird.<\/p>\n<p>Hergestellt in Italien.<\/p>\n<p class=\"p1\">Pr\u00e4sentiert in einer exklusiven Verpackung, begleitet von einer offiziellen Mad\u00ec-Garantie.<\/p>\n","protected":false},"excerpt":{"rendered":"<p class=\"p1\">Ein Symbol der reinen Sch\u00f6nheit, entworfen f\u00fcr diejenigen, die mit Klasse auffallen wollen.<\/p>\n","protected":false},"featured_media":172755,"comment_status":"open","ping_status":"closed","template":"","meta":[],"product_brand":[],"product_cat":[5921],"product_tag":[7442],"class_list":{"0":"post-172983","1":"product","2":"type-product","3":"status-publish","4":"has-post-thumbnail","6":"product_cat-madi-ohrringe","7":"product_tag-verfugbar","9":"first","10":"instock","11":"sale","12":"taxable","13":"shipping-taxable","14":"purchasable","15":"product-type-simple"},"exclude_global_add_ons":[],"addons":[],"df_price":161.1,"df_sale_price":161.1,"df_regular_price":179,"df_image_link":"https:\/\/cdn02.fabioferro.eu\/wp-content\/uploads\/orecchini-madi-oblo-con-madreperla.jpg","_links":{"self":[{"href":"https:\/\/www.fabioferro.eu\/de\/wp-json\/wp\/v2\/product\/172983","targetHints":{"allow":["GET"]}}],"collection":[{"href":"https:\/\/www.fabioferro.eu\/de\/wp-json\/wp\/v2\/product"}],"about":[{"href":"https:\/\/www.fabioferro.eu\/de\/wp-json\/wp\/v2\/types\/product"}],"replies":[{"embeddable":true,"href":"https:\/\/www.fabioferro.eu\/de\/wp-json\/wp\/v2\/comments?post=172983"}],"version-history":[{"count":0,"href":"https:\/\/www.fabioferro.eu\/de\/wp-json\/wp\/v2\/product\/172983\/revisions"}],"wp:featuredmedia":[{"embeddable":true,"href":"https:\/\/www.fabioferro.eu\/de\/wp-json\/wp\/v2\/media\/172755"}],"wp:attachment":[{"href":"https:\/\/www.fabioferro.eu\/de\/wp-json\/wp\/v2\/media?parent=172983"}],"wp:term":[{"taxonomy":"product_brand","embeddable":true,"href":"https:\/\/www.fabioferro.eu\/de\/wp-json\/wp\/v2\/product_brand?post=172983"},{"taxonomy":"product_cat","embeddable":true,"href":"https:\/\/www.fabioferro.eu\/de\/wp-json\/wp\/v2\/product_cat?post=172983"},{"taxonomy":"product_tag","embeddable":true,"href":"https:\/\/www.fabioferro.eu\/de\/wp-json\/wp\/v2\/product_tag?post=172983"}],"curies":[{"name":"wp","href":"https:\/\/api.w.org\/{rel}","templated":true}]}}