{"id":172988,"date":"2025-01-30T22:03:49","date_gmt":"2025-01-30T21:03:49","guid":{"rendered":"https:\/\/www.fabioferro.eu\/madi-laguna-perlmutt-ohrringe-mit-weissen-zirkonen.html"},"modified":"2025-01-30T22:03:49","modified_gmt":"2025-01-30T21:03:49","slug":"madi-laguna-perlmutt-ohrringe-mit-weissen-zirkonen","status":"publish","type":"product","link":"https:\/\/www.fabioferro.eu\/de\/madi-laguna-perlmutt-ohrringe-mit-weissen-zirkonen.html","title":{"rendered":"Madi Laguna Perlmutt-Ohrringe mit wei\u00dfen Zirkonen"},"content":{"rendered":"<p class=\"p1\">Ein Paar Mad\u00ec-Ohrringe aus Sterlingsilber, veredelt mit einer feinen Ros\u00e9vergoldung.<\/p>\n<p class=\"p1\">Verziert mit wei\u00dfen Zirkonen, die das Licht einfangen und dem Design Eleganz und Brillanz verleihen.<\/p>\n<p class=\"p1\">Sicherer und einfacher Verschluss f\u00fcr unvergleichlichen Komfort.<\/p>\n<p class=\"p1\">Jedes Detail ist das Ergebnis italienischer Handwerkskunst, die Tradition und Innovation vereint.<\/p>\n<p class=\"p1\">Vollst\u00e4ndig in Italien hergestellt, f\u00fcr zeitlose Exklusivit\u00e4t, Made in Italy.<\/p>\n<p class=\"p1\">Wird in einer eleganten Verpackung geliefert, komplett mit offizieller Mad\u00ec Garantie.<\/p>\n","protected":false},"excerpt":{"rendered":"<p class=\"p1\">Ein Hauch von Licht, der jeden Moment besonders und unvergesslich macht.<\/p>\n","protected":false},"featured_media":172771,"comment_status":"open","ping_status":"closed","template":"","meta":[],"product_brand":[],"product_cat":[5921],"product_tag":[],"class_list":{"0":"post-172988","1":"product","2":"type-product","3":"status-publish","4":"has-post-thumbnail","6":"product_cat-madi-ohrringe","8":"first","9":"instock","10":"sale","11":"taxable","12":"shipping-taxable","13":"purchasable","14":"product-type-simple"},"exclude_global_add_ons":[],"addons":[],"df_price":152.1,"df_sale_price":152.1,"df_regular_price":169,"df_image_link":"https:\/\/cdn02.fabioferro.eu\/wp-content\/uploads\/orecchini-madi-oblo-con-zirconi-bianchi.jpg","_links":{"self":[{"href":"https:\/\/www.fabioferro.eu\/de\/wp-json\/wp\/v2\/product\/172988","targetHints":{"allow":["GET"]}}],"collection":[{"href":"https:\/\/www.fabioferro.eu\/de\/wp-json\/wp\/v2\/product"}],"about":[{"href":"https:\/\/www.fabioferro.eu\/de\/wp-json\/wp\/v2\/types\/product"}],"replies":[{"embeddable":true,"href":"https:\/\/www.fabioferro.eu\/de\/wp-json\/wp\/v2\/comments?post=172988"}],"version-history":[{"count":0,"href":"https:\/\/www.fabioferro.eu\/de\/wp-json\/wp\/v2\/product\/172988\/revisions"}],"wp:featuredmedia":[{"embeddable":true,"href":"https:\/\/www.fabioferro.eu\/de\/wp-json\/wp\/v2\/media\/172771"}],"wp:attachment":[{"href":"https:\/\/www.fabioferro.eu\/de\/wp-json\/wp\/v2\/media?parent=172988"}],"wp:term":[{"taxonomy":"product_brand","embeddable":true,"href":"https:\/\/www.fabioferro.eu\/de\/wp-json\/wp\/v2\/product_brand?post=172988"},{"taxonomy":"product_cat","embeddable":true,"href":"https:\/\/www.fabioferro.eu\/de\/wp-json\/wp\/v2\/product_cat?post=172988"},{"taxonomy":"product_tag","embeddable":true,"href":"https:\/\/www.fabioferro.eu\/de\/wp-json\/wp\/v2\/product_tag?post=172988"}],"curies":[{"name":"wp","href":"https:\/\/api.w.org\/{rel}","templated":true}]}}