{"id":172989,"date":"2025-01-30T22:09:52","date_gmt":"2025-01-30T21:09:52","guid":{"rendered":"https:\/\/www.fabioferro.eu\/madi-laguna-perlmutt-ring-mit-weissen-zirkonen.html"},"modified":"2025-01-30T22:09:52","modified_gmt":"2025-01-30T21:09:52","slug":"madi-laguna-perlmutt-ring-mit-weissen-zirkonen","status":"publish","type":"product","link":"https:\/\/www.fabioferro.eu\/de\/madi-laguna-perlmutt-ring-mit-weissen-zirkonen.html","title":{"rendered":"Madi Laguna Perlmutt Ring mit wei\u00dfen Zirkonen"},"content":{"rendered":"<p class=\"p1\">Solit\u00e4rring Mad\u00ec aus 925er Sterlingsilber, veredelt mit einer feinen Ros\u00e9goldplattierung.<\/p>\n<p class=\"p1\">Das wei\u00dfe Zirkonia-Pav\u00e9 verleiht dem Schmuckst\u00fcck eine einzigartige Brillanz und unterstreicht seine schlichte Eleganz.<\/p>\n<p class=\"p1\">Das Ergebnis italienischer Handwerkskunst, jedes Detail ist mit Sorgfalt und Pr\u00e4zision gearbeitet, Made in Italy.<\/p>\n<p class=\"p1\">Sorgf\u00e4ltig verpackt, mit zwei Jahren Garantie, offizieller Schachtel und Einkaufstasche im Lieferumfang.<\/p>\n","protected":false},"excerpt":{"rendered":"<p class=\"p1\">Ein Accessoire, das den Stil mit einem Hauch von Raffinesse bereichert.<\/p>\n","protected":false},"featured_media":172781,"comment_status":"open","ping_status":"closed","template":"","meta":[],"product_brand":[],"product_cat":[7595],"product_tag":[7442],"class_list":{"0":"post-172989","1":"product","2":"type-product","3":"status-publish","4":"has-post-thumbnail","6":"product_cat-madi-ringe-de","7":"product_tag-verfugbar","9":"first","10":"instock","11":"sale","12":"taxable","13":"shipping-taxable","14":"purchasable","15":"product-type-variable","16":"has-default-attributes"},"exclude_global_add_ons":[],"addons":[],"df_price":142.2,"df_sale_price":"","df_regular_price":142.2,"df_image_link":"https:\/\/cdn02.fabioferro.eu\/wp-content\/uploads\/anello-madi-madreperla-laguna-con-zirconi-bianchi.jpg","_links":{"self":[{"href":"https:\/\/www.fabioferro.eu\/de\/wp-json\/wp\/v2\/product\/172989","targetHints":{"allow":["GET"]}}],"collection":[{"href":"https:\/\/www.fabioferro.eu\/de\/wp-json\/wp\/v2\/product"}],"about":[{"href":"https:\/\/www.fabioferro.eu\/de\/wp-json\/wp\/v2\/types\/product"}],"replies":[{"embeddable":true,"href":"https:\/\/www.fabioferro.eu\/de\/wp-json\/wp\/v2\/comments?post=172989"}],"version-history":[{"count":0,"href":"https:\/\/www.fabioferro.eu\/de\/wp-json\/wp\/v2\/product\/172989\/revisions"}],"wp:featuredmedia":[{"embeddable":true,"href":"https:\/\/www.fabioferro.eu\/de\/wp-json\/wp\/v2\/media\/172781"}],"wp:attachment":[{"href":"https:\/\/www.fabioferro.eu\/de\/wp-json\/wp\/v2\/media?parent=172989"}],"wp:term":[{"taxonomy":"product_brand","embeddable":true,"href":"https:\/\/www.fabioferro.eu\/de\/wp-json\/wp\/v2\/product_brand?post=172989"},{"taxonomy":"product_cat","embeddable":true,"href":"https:\/\/www.fabioferro.eu\/de\/wp-json\/wp\/v2\/product_cat?post=172989"},{"taxonomy":"product_tag","embeddable":true,"href":"https:\/\/www.fabioferro.eu\/de\/wp-json\/wp\/v2\/product_tag?post=172989"}],"curies":[{"name":"wp","href":"https:\/\/api.w.org\/{rel}","templated":true}]}}