{"id":173012,"date":"2025-01-29T17:47:11","date_gmt":"2025-01-29T16:47:11","guid":{"rendered":"https:\/\/www.fabioferro.eu\/madi-oblo-ohrringe-mit-blauem-und-beigem-hydrothermalquarz.html"},"modified":"2025-05-02T17:23:07","modified_gmt":"2025-05-02T15:23:07","slug":"madi-oblo-ohrringe-mit-blauem-und-beigem-hydrothermalquarz","status":"publish","type":"product","link":"https:\/\/www.fabioferro.eu\/de\/madi-oblo-ohrringe-mit-blauem-und-beigem-hydrothermalquarz.html","title":{"rendered":"Madi Oblo Ohrringe mit blauem und beigem Hydrothermalquarz"},"content":{"rendered":"<p>Ein Paar Madi Ohrringe aus ros\u00e9vergoldetem 925er Silber. Praktischer Clip- und Stiftverschluss, ideal f\u00fcr schnelles und einfaches Tragen. Mit Sorgfalt in Italien hergestellt, Made in Italy. Wird von der offiziellen Mad\u00ec Box und Garantie begleitet.<\/p>\n","protected":false},"excerpt":{"rendered":"<p class=\"p1\">Pure Eleganz in einem Paar Ohrringe, die die Sch\u00f6nheit der Tr\u00e4gerin betonen.<\/p>\n","protected":false},"featured_media":172339,"comment_status":"open","ping_status":"closed","template":"","meta":[],"product_brand":[],"product_cat":[5921],"product_tag":[],"class_list":{"0":"post-173012","1":"product","2":"type-product","3":"status-publish","4":"has-post-thumbnail","6":"product_cat-madi-ohrringe","8":"first","9":"instock","10":"sale","11":"taxable","12":"shipping-taxable","13":"purchasable","14":"product-type-simple"},"exclude_global_add_ons":[],"addons":[],"df_price":160.2,"df_sale_price":160.2,"df_regular_price":178,"df_image_link":"https:\/\/cdn02.fabioferro.eu\/wp-content\/uploads\/orecchini-madi-oblo-con-quarzi-idrotermali-blue-e-beige.jpg","_links":{"self":[{"href":"https:\/\/www.fabioferro.eu\/de\/wp-json\/wp\/v2\/product\/173012","targetHints":{"allow":["GET"]}}],"collection":[{"href":"https:\/\/www.fabioferro.eu\/de\/wp-json\/wp\/v2\/product"}],"about":[{"href":"https:\/\/www.fabioferro.eu\/de\/wp-json\/wp\/v2\/types\/product"}],"replies":[{"embeddable":true,"href":"https:\/\/www.fabioferro.eu\/de\/wp-json\/wp\/v2\/comments?post=173012"}],"version-history":[{"count":0,"href":"https:\/\/www.fabioferro.eu\/de\/wp-json\/wp\/v2\/product\/173012\/revisions"}],"wp:featuredmedia":[{"embeddable":true,"href":"https:\/\/www.fabioferro.eu\/de\/wp-json\/wp\/v2\/media\/172339"}],"wp:attachment":[{"href":"https:\/\/www.fabioferro.eu\/de\/wp-json\/wp\/v2\/media?parent=173012"}],"wp:term":[{"taxonomy":"product_brand","embeddable":true,"href":"https:\/\/www.fabioferro.eu\/de\/wp-json\/wp\/v2\/product_brand?post=173012"},{"taxonomy":"product_cat","embeddable":true,"href":"https:\/\/www.fabioferro.eu\/de\/wp-json\/wp\/v2\/product_cat?post=173012"},{"taxonomy":"product_tag","embeddable":true,"href":"https:\/\/www.fabioferro.eu\/de\/wp-json\/wp\/v2\/product_tag?post=173012"}],"curies":[{"name":"wp","href":"https:\/\/api.w.org\/{rel}","templated":true}]}}