{"id":173014,"date":"2025-01-29T17:47:12","date_gmt":"2025-01-29T16:47:12","guid":{"rendered":"https:\/\/www.fabioferro.eu\/madi-oblo-ring-mit-lapislazuli-blauer-quarz.html"},"modified":"2025-01-29T17:47:12","modified_gmt":"2025-01-29T16:47:12","slug":"madi-oblo-ring-mit-lapislazuli-blauer-quarz","status":"publish","type":"product","link":"https:\/\/www.fabioferro.eu\/de\/madi-oblo-ring-mit-lapislazuli-blauer-quarz.html","title":{"rendered":"Madi Oblo Ring mit Lapislazuli Blauer Quarz"},"content":{"rendered":"<p class=\"p1\">Solit\u00e4rring Mad\u00ec aus Sterlingsilber, verziert mit einer Ros\u00e9vergoldung.<\/p>\n<p class=\"p1\">Ein lapislazuliblauer hydrothermaler Quarz ist vorhanden, mit einer eleganten Form und geringer Gr\u00f6\u00dfe.<\/p>\n<p class=\"p1\">Von italienischen Kunsthandwerkern meisterhaft gefertigt, zertifiziert Made in Italy.<\/p>\n<p class=\"p1\">Sorgf\u00e4ltig verpackt und mit einer zweij\u00e4hrigen Garantie geliefert, inklusive offizieller Schachtel und Einkaufstasche.<\/p>\n","protected":false},"excerpt":{"rendered":"<p class=\"p1\">Ein Accessoire, das die nat\u00fcrliche Sch\u00f6nheit unterstreicht, perfekt f\u00fcr jede Gelegenheit.<\/p>\n","protected":false},"featured_media":172370,"comment_status":"open","ping_status":"closed","template":"","meta":[],"product_brand":[],"product_cat":[7595],"product_tag":[],"class_list":{"0":"post-173014","1":"product","2":"type-product","3":"status-publish","4":"has-post-thumbnail","6":"product_cat-madi-ringe-de","8":"first","9":"instock","10":"sale","11":"taxable","12":"shipping-taxable","13":"purchasable","14":"product-type-variable","15":"has-default-attributes"},"exclude_global_add_ons":[],"addons":[],"df_price":130.5,"df_sale_price":"","df_regular_price":130.5,"df_image_link":"https:\/\/cdn02.fabioferro.eu\/wp-content\/uploads\/anello-madi-oblo-con-quarzo-blu-lapislazzuli.jpg","_links":{"self":[{"href":"https:\/\/www.fabioferro.eu\/de\/wp-json\/wp\/v2\/product\/173014","targetHints":{"allow":["GET"]}}],"collection":[{"href":"https:\/\/www.fabioferro.eu\/de\/wp-json\/wp\/v2\/product"}],"about":[{"href":"https:\/\/www.fabioferro.eu\/de\/wp-json\/wp\/v2\/types\/product"}],"replies":[{"embeddable":true,"href":"https:\/\/www.fabioferro.eu\/de\/wp-json\/wp\/v2\/comments?post=173014"}],"version-history":[{"count":0,"href":"https:\/\/www.fabioferro.eu\/de\/wp-json\/wp\/v2\/product\/173014\/revisions"}],"wp:featuredmedia":[{"embeddable":true,"href":"https:\/\/www.fabioferro.eu\/de\/wp-json\/wp\/v2\/media\/172370"}],"wp:attachment":[{"href":"https:\/\/www.fabioferro.eu\/de\/wp-json\/wp\/v2\/media?parent=173014"}],"wp:term":[{"taxonomy":"product_brand","embeddable":true,"href":"https:\/\/www.fabioferro.eu\/de\/wp-json\/wp\/v2\/product_brand?post=173014"},{"taxonomy":"product_cat","embeddable":true,"href":"https:\/\/www.fabioferro.eu\/de\/wp-json\/wp\/v2\/product_cat?post=173014"},{"taxonomy":"product_tag","embeddable":true,"href":"https:\/\/www.fabioferro.eu\/de\/wp-json\/wp\/v2\/product_tag?post=173014"}],"curies":[{"name":"wp","href":"https:\/\/api.w.org\/{rel}","templated":true}]}}