{"id":173039,"date":"2025-01-27T19:17:12","date_gmt":"2025-01-27T18:17:12","guid":{"rendered":"https:\/\/www.fabioferro.eu\/madi-oblo-ohrringe-mit-gruenem-und-beigem-hydrothermalquarz.html"},"modified":"2025-01-27T19:17:12","modified_gmt":"2025-01-27T18:17:12","slug":"madi-oblo-ohrringe-mit-gruenem-und-beigem-hydrothermalquarz","status":"publish","type":"product","link":"https:\/\/www.fabioferro.eu\/de\/madi-oblo-ohrringe-mit-gruenem-und-beigem-hydrothermalquarz.html","title":{"rendered":"Madi Oblo Ohrringe mit gr\u00fcnem und beigem Hydrothermalquarz"},"content":{"rendered":"<p class=\"p1\">Mad\u00ec Ohrringe aus der Obl\u00f2-Kollektion aus 925er Sterlingsilber mit Ros\u00e9goldplattierung.<\/p>\n<p class=\"p1\">Ausgestattet mit einem praktischen Clip-Verschluss mit Pflock, bieten sie eine einfache und unkomplizierte Befestigung.<\/p>\n<p class=\"p1\">Sorgf\u00e4ltig in Italien hergestellt, garantieren sie Qualit\u00e4t Made in Italy.<\/p>\n<p class=\"p1\">Wird mit Originalverpackung und offiziellem Mad\u00ec-Garantiezertifikat geliefert.<\/p>\n","protected":false},"excerpt":{"rendered":"<p class=\"p1\">Ein Paar exquisiter Schmuckst\u00fccke, Symbole f\u00fcr zeitlosen Stil und Anmut.<\/p>\n","protected":false},"featured_media":172345,"comment_status":"open","ping_status":"closed","template":"","meta":[],"product_brand":[],"product_cat":[5921],"product_tag":[7442],"class_list":{"0":"post-173039","1":"product","2":"type-product","3":"status-publish","4":"has-post-thumbnail","6":"product_cat-madi-ohrringe","7":"product_tag-verfugbar","9":"first","10":"instock","11":"sale","12":"taxable","13":"shipping-taxable","14":"purchasable","15":"product-type-simple"},"exclude_global_add_ons":[],"addons":[],"df_price":160.2,"df_sale_price":160.2,"df_regular_price":178,"df_image_link":"https:\/\/cdn02.fabioferro.eu\/wp-content\/uploads\/orecchini-madi-oblo-con-quarzi-idrotermali-verdi-e-beige.jpg","_links":{"self":[{"href":"https:\/\/www.fabioferro.eu\/de\/wp-json\/wp\/v2\/product\/173039","targetHints":{"allow":["GET"]}}],"collection":[{"href":"https:\/\/www.fabioferro.eu\/de\/wp-json\/wp\/v2\/product"}],"about":[{"href":"https:\/\/www.fabioferro.eu\/de\/wp-json\/wp\/v2\/types\/product"}],"replies":[{"embeddable":true,"href":"https:\/\/www.fabioferro.eu\/de\/wp-json\/wp\/v2\/comments?post=173039"}],"version-history":[{"count":0,"href":"https:\/\/www.fabioferro.eu\/de\/wp-json\/wp\/v2\/product\/173039\/revisions"}],"wp:featuredmedia":[{"embeddable":true,"href":"https:\/\/www.fabioferro.eu\/de\/wp-json\/wp\/v2\/media\/172345"}],"wp:attachment":[{"href":"https:\/\/www.fabioferro.eu\/de\/wp-json\/wp\/v2\/media?parent=173039"}],"wp:term":[{"taxonomy":"product_brand","embeddable":true,"href":"https:\/\/www.fabioferro.eu\/de\/wp-json\/wp\/v2\/product_brand?post=173039"},{"taxonomy":"product_cat","embeddable":true,"href":"https:\/\/www.fabioferro.eu\/de\/wp-json\/wp\/v2\/product_cat?post=173039"},{"taxonomy":"product_tag","embeddable":true,"href":"https:\/\/www.fabioferro.eu\/de\/wp-json\/wp\/v2\/product_tag?post=173039"}],"curies":[{"name":"wp","href":"https:\/\/api.w.org\/{rel}","templated":true}]}}