{"id":173057,"date":"2025-01-28T19:46:52","date_gmt":"2025-01-28T18:46:52","guid":{"rendered":"https:\/\/www.fabioferro.eu\/madi-oblo-armband-mit-neun-hydrothermalquarz.html"},"modified":"2025-01-28T19:46:52","modified_gmt":"2025-01-28T18:46:52","slug":"madi-oblo-armband-mit-neun-hydrothermalquarz","status":"publish","type":"product","link":"https:\/\/www.fabioferro.eu\/de\/madi-oblo-armband-mit-neun-hydrothermalquarz.html","title":{"rendered":"Madi Oblo Armband mit Neun Hydrothermalquarz"},"content":{"rendered":"<p class=\"p1\">Mad\u00ec Armband aus 925er Silber, verziert mit einer Ros\u00e9goldplattierung.<\/p>\n<p class=\"p1\">Angereichert mit neun hydrothermalen Quarzen in verschiedenen Farbt\u00f6nen.<\/p>\n<p class=\"p1\">Sicherer Karabinerhakenverschluss.<\/p>\n<p class=\"p1\">Handgefertigt mit Handwerkskunst, Made in Italy.<\/p>\n<p class=\"p1\">Mit zwei Jahren Garantie, offizieller Mad\u00ec-Box und Einkaufstasche.<\/p>\n","protected":false},"excerpt":{"rendered":"<p class=\"p1\">Ein Accessoire, das die nat\u00fcrliche Sch\u00f6nheit unterstreicht, perfekt f\u00fcr jede Gelegenheit.<\/p>\n","protected":false},"featured_media":172554,"comment_status":"open","ping_status":"closed","template":"","meta":[],"product_brand":[203],"product_cat":[5954],"product_tag":[7442],"class_list":{"0":"post-173057","1":"product","2":"type-product","3":"status-publish","4":"has-post-thumbnail","6":"product_brand-madi","7":"product_cat-madi-armbander","8":"product_tag-verfugbar","10":"first","11":"instock","12":"sale","13":"featured","14":"taxable","15":"shipping-taxable","16":"purchasable","17":"product-type-simple"},"exclude_global_add_ons":[],"addons":[],"df_price":242.1,"df_sale_price":242.1,"df_regular_price":269,"df_image_link":"https:\/\/cdn02.fabioferro.eu\/wp-content\/uploads\/bracciale-madi-oblo-con-nove-quarzi-idrotermali.jpg","_links":{"self":[{"href":"https:\/\/www.fabioferro.eu\/de\/wp-json\/wp\/v2\/product\/173057","targetHints":{"allow":["GET"]}}],"collection":[{"href":"https:\/\/www.fabioferro.eu\/de\/wp-json\/wp\/v2\/product"}],"about":[{"href":"https:\/\/www.fabioferro.eu\/de\/wp-json\/wp\/v2\/types\/product"}],"replies":[{"embeddable":true,"href":"https:\/\/www.fabioferro.eu\/de\/wp-json\/wp\/v2\/comments?post=173057"}],"version-history":[{"count":0,"href":"https:\/\/www.fabioferro.eu\/de\/wp-json\/wp\/v2\/product\/173057\/revisions"}],"wp:featuredmedia":[{"embeddable":true,"href":"https:\/\/www.fabioferro.eu\/de\/wp-json\/wp\/v2\/media\/172554"}],"wp:attachment":[{"href":"https:\/\/www.fabioferro.eu\/de\/wp-json\/wp\/v2\/media?parent=173057"}],"wp:term":[{"taxonomy":"product_brand","embeddable":true,"href":"https:\/\/www.fabioferro.eu\/de\/wp-json\/wp\/v2\/product_brand?post=173057"},{"taxonomy":"product_cat","embeddable":true,"href":"https:\/\/www.fabioferro.eu\/de\/wp-json\/wp\/v2\/product_cat?post=173057"},{"taxonomy":"product_tag","embeddable":true,"href":"https:\/\/www.fabioferro.eu\/de\/wp-json\/wp\/v2\/product_tag?post=173057"}],"curies":[{"name":"wp","href":"https:\/\/api.w.org\/{rel}","templated":true}]}}