{"id":173184,"date":"2025-02-05T12:33:18","date_gmt":"2025-02-05T11:33:18","guid":{"rendered":"https:\/\/www.fabioferro.eu\/.html?post_type=product&#038;p=173184"},"modified":"2025-05-02T17:23:03","modified_gmt":"2025-05-02T15:23:03","slug":"fabio-ferro-akoya-perlen-ring-in-weissgold-mit-diamanten-9-mm","status":"publish","type":"product","link":"https:\/\/www.fabioferro.eu\/de\/fabio-ferro-akoya-perlen-ring-in-weissgold-mit-diamanten-9-mm.html","title":{"rendered":"Ring Fabio Ferro Akoya Perle in Wei\u00dfgold mit Diamanten 9 mm"},"content":{"rendered":"<p>Ring aus 18 Karat Wei\u00dfgold, hergestellt in unserer Goldschmiedewerkstatt.<\/p>\n<p>Der engagierte vierzackige Rahmen umarmt das Juwel des Meeres. Ausgew\u00e4hlte nat\u00fcrliche Diamanten, die sich durch Farbe F und Reinheit VS1 auszeichnen, sind um die Perle herum gefasst. Das Gesamtkarat betr\u00e4gt 0,16 Karat. <\/p>\n<p>Die Akoya-Perle mit einem Durchmesser von 9 mm ist eine nat\u00fcrliche Perle aus Mare.<\/p>\n<p>Das Gesamtgewicht betr\u00e4gt 4,15 g.<\/p>\n<p>Hergestellt in Italien.<\/p>\n<p>Begleitet von einer eleganten Geschenkbox und 2 Jahren Qualit\u00e4tsgarantie signiert Fabio Ferro Schmuck.<\/p>\n<p><img decoding=\"async\" class=\"alignnone size-full wp-image-68675\" src=\"https:\/\/cdn02.fabioferro.eu\/wp-content\/uploads\/IGI-4cs-chart-IT-scaled.jpg\" alt=\"\" width=\"1864\" height=\"2560\" title=\"\" srcset=\"https:\/\/cdn02.fabioferro.eu\/wp-content\/uploads\/IGI-4cs-chart-IT-scaled.jpg 1864w, https:\/\/cdn02.fabioferro.eu\/wp-content\/uploads\/IGI-4cs-chart-IT-768x1055.jpg 768w, https:\/\/cdn02.fabioferro.eu\/wp-content\/uploads\/IGI-4cs-chart-IT-1119x1536.jpg 1119w, https:\/\/cdn02.fabioferro.eu\/wp-content\/uploads\/IGI-4cs-chart-IT-1491x2048.jpg 1491w, https:\/\/cdn02.fabioferro.eu\/wp-content\/uploads\/IGI-4cs-chart-IT-990x1359.jpg 990w, https:\/\/cdn02.fabioferro.eu\/wp-content\/uploads\/IGI-4cs-chart-IT-441x606.jpg 441w, https:\/\/cdn02.fabioferro.eu\/wp-content\/uploads\/IGI-4cs-chart-IT-600x824.jpg 600w, https:\/\/cdn02.fabioferro.eu\/wp-content\/uploads\/IGI-4cs-chart-IT-150x206.jpg 150w\" sizes=\"(max-width: 1864px) 100vw, 1864px\" \/><\/p>\n","protected":false},"excerpt":{"rendered":"<p>Ein Schmuckst\u00fcck, das die Geschichte der Tr\u00e4gerin erz\u00e4hlt, Schritt f\u00fcr Schritt zum Gl\u00fcck.<\/p>\n","protected":false},"featured_media":199672,"comment_status":"open","ping_status":"closed","template":"","meta":[],"product_brand":[152],"product_cat":[6425,5934],"product_tag":[],"class_list":{"0":"post-173184","1":"product","2":"type-product","3":"status-publish","4":"has-post-thumbnail","6":"product_brand-fabio-ferro-i-gioielli","7":"product_cat-armbander-und-perlenringe","8":"product_cat-ringe","10":"first","11":"instock","12":"sale","13":"taxable","14":"shipping-taxable","15":"purchasable","16":"product-type-variable","17":"has-default-attributes"},"exclude_global_add_ons":[],"addons":[],"df_price":1830,"df_sale_price":"","df_regular_price":1830,"df_image_link":"https:\/\/cdn02.fabioferro.eu\/wp-content\/uploads\/anello-fabio-ferro-perla-akoya-ff1350-1.jpg","_links":{"self":[{"href":"https:\/\/www.fabioferro.eu\/de\/wp-json\/wp\/v2\/product\/173184","targetHints":{"allow":["GET"]}}],"collection":[{"href":"https:\/\/www.fabioferro.eu\/de\/wp-json\/wp\/v2\/product"}],"about":[{"href":"https:\/\/www.fabioferro.eu\/de\/wp-json\/wp\/v2\/types\/product"}],"replies":[{"embeddable":true,"href":"https:\/\/www.fabioferro.eu\/de\/wp-json\/wp\/v2\/comments?post=173184"}],"version-history":[{"count":0,"href":"https:\/\/www.fabioferro.eu\/de\/wp-json\/wp\/v2\/product\/173184\/revisions"}],"wp:featuredmedia":[{"embeddable":true,"href":"https:\/\/www.fabioferro.eu\/de\/wp-json\/wp\/v2\/media\/199672"}],"wp:attachment":[{"href":"https:\/\/www.fabioferro.eu\/de\/wp-json\/wp\/v2\/media?parent=173184"}],"wp:term":[{"taxonomy":"product_brand","embeddable":true,"href":"https:\/\/www.fabioferro.eu\/de\/wp-json\/wp\/v2\/product_brand?post=173184"},{"taxonomy":"product_cat","embeddable":true,"href":"https:\/\/www.fabioferro.eu\/de\/wp-json\/wp\/v2\/product_cat?post=173184"},{"taxonomy":"product_tag","embeddable":true,"href":"https:\/\/www.fabioferro.eu\/de\/wp-json\/wp\/v2\/product_tag?post=173184"}],"curies":[{"name":"wp","href":"https:\/\/api.w.org\/{rel}","templated":true}]}}