{"id":173762,"date":"2025-02-14T18:55:02","date_gmt":"2025-02-14T17:55:02","guid":{"rendered":"https:\/\/www.fabioferro.eu\/.html?post_type=product&#038;p=173762"},"modified":"2025-05-15T09:40:51","modified_gmt":"2025-05-15T07:40:51","slug":"fabio-ferro-punto-luce-halskette-aus-weisgold-mit-040-karat-igi-diamant-copy","status":"publish","type":"product","link":"https:\/\/www.fabioferro.eu\/de\/fabio-ferro-punto-luce-halskette-aus-weisgold-mit-040-karat-igi-diamant-copy.html","title":{"rendered":"Fabio Ferro Punto Luce Wei\u00dfgold Halskette mit 0,40 Karat Diamant GIA"},"content":{"rendered":"<p>Punto luce Halskette, handgefertigt in unserer Goldschmiedewerkstatt, komplett aus 750\/1000 g Wei\u00dfgold, mit einem Gewicht von 2,62 g und einer Fassung mit 4 Steinen. Die L\u00fcnette misst 5 x 5 mm.<\/p>\n<p>Solit\u00e4r-Diamant im Brillantschliff mit einem Gewicht von 0,40 Karat, Farbe G und Reinheit SI1 , lasergeschnitten mit einzigartigem Code auf dem G\u00fcrtel und GIA-Zertifikat.<\/p>\n<p>Besondere venezianische Kette mit Karabinerverschluss, L\u00e4nge 45 cm, kann durch ein in die Kette eingef\u00fcgtes Gelenkglied auf 42 cm gek\u00fcrzt werden.<\/p>\n<p>Schmuckst\u00fcck mit Schatulle und Original-Garantiezertifikat von Fabio Ferro I Gioielli, begleitet von einer h\u00fcbschen Geschenkbox f\u00fcr kostbare Anl\u00e4sse.<\/p>\n<p><img decoding=\"async\" class=\"alignnone size-full wp-image-82738\" src=\"https:\/\/cdn02.fabioferro.eu\/wp-content\/uploads\/tabella-gia-diamanti-1-scaled.jpg\" alt=\"\" width=\"1810\" height=\"2560\" title=\"\" srcset=\"https:\/\/cdn02.fabioferro.eu\/wp-content\/uploads\/tabella-gia-diamanti-1-scaled.jpg 1810w, https:\/\/cdn02.fabioferro.eu\/wp-content\/uploads\/tabella-gia-diamanti-1-768x1086.jpg 768w, https:\/\/cdn02.fabioferro.eu\/wp-content\/uploads\/tabella-gia-diamanti-1-1086x1536.jpg 1086w, https:\/\/cdn02.fabioferro.eu\/wp-content\/uploads\/tabella-gia-diamanti-1-1448x2048.jpg 1448w, https:\/\/cdn02.fabioferro.eu\/wp-content\/uploads\/tabella-gia-diamanti-1-990x1400.jpg 990w, https:\/\/cdn02.fabioferro.eu\/wp-content\/uploads\/tabella-gia-diamanti-1-441x624.jpg 441w, https:\/\/cdn02.fabioferro.eu\/wp-content\/uploads\/tabella-gia-diamanti-1-600x849.jpg 600w, https:\/\/cdn02.fabioferro.eu\/wp-content\/uploads\/tabella-gia-diamanti-1-150x212.jpg 150w\" sizes=\"(max-width: 1810px) 100vw, 1810px\" \/><\/p>\n","protected":false},"excerpt":{"rendered":"<p>Ein Schmuckst\u00fcck, das sich darauf freut, in jedem einzelnen Moment des Tages getragen zu werden.<\/p>\n","protected":false},"featured_media":113803,"comment_status":"open","ping_status":"closed","template":"","meta":[],"product_brand":[152],"product_cat":[6016],"product_tag":[7442],"class_list":{"0":"post-173762","1":"product","2":"type-product","3":"status-publish","4":"has-post-thumbnail","6":"product_brand-fabio-ferro-i-gioielli","7":"product_cat-dot-light-halsketten","8":"product_tag-verfugbar","10":"first","11":"instock","12":"sale","13":"taxable","14":"shipping-taxable","15":"purchasable","16":"product-type-simple"},"exclude_global_add_ons":[],"addons":[],"df_price":2040,"df_sale_price":2040,"df_regular_price":2550,"df_image_link":"https:\/\/cdn02.fabioferro.eu\/wp-content\/uploads\/collana-punto-luce-fabio-ferro-in-oro-bianco-e-diamanti-ff1027.jpg","_links":{"self":[{"href":"https:\/\/www.fabioferro.eu\/de\/wp-json\/wp\/v2\/product\/173762","targetHints":{"allow":["GET"]}}],"collection":[{"href":"https:\/\/www.fabioferro.eu\/de\/wp-json\/wp\/v2\/product"}],"about":[{"href":"https:\/\/www.fabioferro.eu\/de\/wp-json\/wp\/v2\/types\/product"}],"replies":[{"embeddable":true,"href":"https:\/\/www.fabioferro.eu\/de\/wp-json\/wp\/v2\/comments?post=173762"}],"version-history":[{"count":0,"href":"https:\/\/www.fabioferro.eu\/de\/wp-json\/wp\/v2\/product\/173762\/revisions"}],"wp:featuredmedia":[{"embeddable":true,"href":"https:\/\/www.fabioferro.eu\/de\/wp-json\/wp\/v2\/media\/113803"}],"wp:attachment":[{"href":"https:\/\/www.fabioferro.eu\/de\/wp-json\/wp\/v2\/media?parent=173762"}],"wp:term":[{"taxonomy":"product_brand","embeddable":true,"href":"https:\/\/www.fabioferro.eu\/de\/wp-json\/wp\/v2\/product_brand?post=173762"},{"taxonomy":"product_cat","embeddable":true,"href":"https:\/\/www.fabioferro.eu\/de\/wp-json\/wp\/v2\/product_cat?post=173762"},{"taxonomy":"product_tag","embeddable":true,"href":"https:\/\/www.fabioferro.eu\/de\/wp-json\/wp\/v2\/product_tag?post=173762"}],"curies":[{"name":"wp","href":"https:\/\/api.w.org\/{rel}","templated":true}]}}