{"id":174047,"date":"2025-02-12T18:48:40","date_gmt":"2025-02-12T17:48:40","guid":{"rendered":"https:\/\/www.fabioferro.eu\/tamashii-tibetisches-bernsteinarmband.html"},"modified":"2025-09-09T07:58:07","modified_gmt":"2025-09-09T05:58:07","slug":"tamashii-tibetisches-bernsteinarmband","status":"publish","type":"product","link":"https:\/\/www.fabioferro.eu\/de\/tamashii-tibetisches-bernsteinarmband.html","title":{"rendered":"Tamashii Tibetisches Bernsteinarmband"},"content":{"rendered":"<p class=\"p1\">Unisex tibetisches Tamashii-Armband aus nat\u00fcrlichem Bernstein und brauner Kordel, gesegnet von buddhistischen M\u00f6nchen.<\/p>\n<p class=\"p1\">Dieses Armband beschw\u00f6rt die W\u00e4rme und Gelassenheit der Erde herauf, eine Erinnerung an alte Erinnerungen und nat\u00fcrliche Anregungen. Bernstein mit seiner glatten und gl\u00e4nzenden Oberfl\u00e4che setzt warme T\u00f6ne frei, die Geborgenheit und Willkommenheit vermitteln. Ein Schmuckst\u00fcck, das die Tr\u00e4gerin wieder mit der stillen Kraft der Natur verbindet und sie an einen Ort der Ruhe und Besinnung bringt. Es ist eine Einladung, das Tempo zu drosseln, zu beobachten und dem tiefen Rhythmus des Lebens zu lauschen und in eine Atmosph\u00e4re einzutauchen, die ohne L\u00e4rm, aber voller Bedeutung ist.   <\/p>\n<p class=\"p1\">Die bernsteinfarbenen Steine haben einen Durchmesser von 8 mm.<\/p>\n<p class=\"p1\">Dank des verstellbaren Schlaufensystems passt das Armband problemlos an jedes Handgelenk und kann durch Zuschneiden der Kordel auf die perfekte Gr\u00f6\u00dfe angepasst werden.<\/p>\n<p class=\"p1\">Jedes Armband ist in der Originalverpackung von Tamashii verpackt und mit einem Echtheitszertifikat und einer Garantie versehen.<\/p>\n","protected":false},"excerpt":{"rendered":"<p class=\"p1\">Tamashii-Armband, Symbol f\u00fcr W\u00e4rme und die Verbindung zur Erde.<\/p>\n","protected":false},"featured_media":173636,"comment_status":"open","ping_status":"closed","template":"","meta":[],"product_brand":[199],"product_cat":[6318],"product_tag":[],"class_list":{"0":"post-174047","1":"product","2":"type-product","3":"status-publish","4":"has-post-thumbnail","6":"product_brand-tamashii","7":"product_cat-tamashii","9":"first","10":"instock","11":"taxable","12":"shipping-taxable","13":"purchasable","14":"product-type-simple"},"exclude_global_add_ons":[],"addons":[],"df_price":49,"df_sale_price":"","df_regular_price":49,"df_image_link":"https:\/\/cdn02.fabioferro.eu\/wp-content\/uploads\/bracciale-tamashii-tibetano-ambra.jpg","_links":{"self":[{"href":"https:\/\/www.fabioferro.eu\/de\/wp-json\/wp\/v2\/product\/174047","targetHints":{"allow":["GET"]}}],"collection":[{"href":"https:\/\/www.fabioferro.eu\/de\/wp-json\/wp\/v2\/product"}],"about":[{"href":"https:\/\/www.fabioferro.eu\/de\/wp-json\/wp\/v2\/types\/product"}],"replies":[{"embeddable":true,"href":"https:\/\/www.fabioferro.eu\/de\/wp-json\/wp\/v2\/comments?post=174047"}],"version-history":[{"count":1,"href":"https:\/\/www.fabioferro.eu\/de\/wp-json\/wp\/v2\/product\/174047\/revisions"}],"predecessor-version":[{"id":186761,"href":"https:\/\/www.fabioferro.eu\/de\/wp-json\/wp\/v2\/product\/174047\/revisions\/186761"}],"wp:featuredmedia":[{"embeddable":true,"href":"https:\/\/www.fabioferro.eu\/de\/wp-json\/wp\/v2\/media\/173636"}],"wp:attachment":[{"href":"https:\/\/www.fabioferro.eu\/de\/wp-json\/wp\/v2\/media?parent=174047"}],"wp:term":[{"taxonomy":"product_brand","embeddable":true,"href":"https:\/\/www.fabioferro.eu\/de\/wp-json\/wp\/v2\/product_brand?post=174047"},{"taxonomy":"product_cat","embeddable":true,"href":"https:\/\/www.fabioferro.eu\/de\/wp-json\/wp\/v2\/product_cat?post=174047"},{"taxonomy":"product_tag","embeddable":true,"href":"https:\/\/www.fabioferro.eu\/de\/wp-json\/wp\/v2\/product_tag?post=174047"}],"curies":[{"name":"wp","href":"https:\/\/api.w.org\/{rel}","templated":true}]}}