{"id":174050,"date":"2025-02-12T19:30:27","date_gmt":"2025-02-12T18:30:27","guid":{"rendered":"https:\/\/www.fabioferro.eu\/tamashii-tibetisches-gebetsrad-gestreifter-achat-mix-farbe-armband.html"},"modified":"2025-07-16T17:35:46","modified_gmt":"2025-07-16T15:35:46","slug":"tamashii-tibetisches-gebetsrad-gestreifter-achat-mix-farbe-armband","status":"publish","type":"product","link":"https:\/\/www.fabioferro.eu\/de\/tamashii-tibetisches-gebetsrad-gestreifter-achat-mix-farbe-armband.html","title":{"rendered":"Tamashii Tibetisches Gebetsrad Gestreifter Achat Mix Farbe Armband"},"content":{"rendered":"<p class=\"p1\">Originales tibetisches Tamashii-Armband aus der Gebetsrad-Linie, hergestellt aus nat\u00fcrlichen gestreiften Achat-Steinen und brauner Kordel, gesegnet von buddhistischen M\u00f6nchen.<\/p>\n<p class=\"p1\">Der Achat, ein Stein, der die Harmonie der Farben der Natur verk\u00f6rpert, vereint die Eigenschaften aller Schattierungen, aus denen er sich zusammensetzt, und verleiht Gleichgewicht, Schutz und St\u00e4rke. Seine mehrfarbige Variante ist ein Symbol f\u00fcr Vollst\u00e4ndigkeit und Wohlbefinden. <\/p>\n<p class=\"p1\">Angereichert mit einem Rad aus 925\/1000 Sterling Silber, in das das Mantra &#8216;Om Mani Padme H\u016bm&#8217; eingraviert ist.<\/p>\n<p class=\"p1\">Die Steine messen 8 mm.<\/p>\n<p class=\"p1\">Mit seinem verstellbaren Schlaufensystem passt das Armband problemlos an jedes Handgelenk.<\/p>\n<p>Da es sich um ein handgefertigtes Produkt handelt, ist jedes St\u00fcck einzigartig und kann leichte Farbabweichungen aufweisen.<\/p>\n<p class=\"p1\">Jedes Armband ist in der Originalverpackung von Tamashii mit einer Echtheitserkl\u00e4rung verpackt.<\/p>\n","protected":false},"excerpt":{"rendered":"<p class=\"p1\">Tamashii-Armband mit mehrfarbigem Achat, Symbol f\u00fcr Gleichgewicht und Schutz.<\/p>\n","protected":false},"featured_media":173657,"comment_status":"open","ping_status":"closed","template":"","meta":[],"product_brand":[199],"product_cat":[6318],"product_tag":[7442],"class_list":{"0":"post-174050","1":"product","2":"type-product","3":"status-publish","4":"has-post-thumbnail","6":"product_brand-tamashii","7":"product_cat-tamashii","8":"product_tag-verfugbar","10":"first","11":"instock","12":"taxable","13":"shipping-taxable","14":"purchasable","15":"product-type-simple"},"exclude_global_add_ons":[],"addons":[],"df_price":69,"df_sale_price":"","df_regular_price":69,"df_image_link":"https:\/\/cdn02.fabioferro.eu\/wp-content\/uploads\/bracciale-tamashii-tibetano-ruota-della-preghiera-agata-striata-mix-color.jpg","_links":{"self":[{"href":"https:\/\/www.fabioferro.eu\/de\/wp-json\/wp\/v2\/product\/174050","targetHints":{"allow":["GET"]}}],"collection":[{"href":"https:\/\/www.fabioferro.eu\/de\/wp-json\/wp\/v2\/product"}],"about":[{"href":"https:\/\/www.fabioferro.eu\/de\/wp-json\/wp\/v2\/types\/product"}],"replies":[{"embeddable":true,"href":"https:\/\/www.fabioferro.eu\/de\/wp-json\/wp\/v2\/comments?post=174050"}],"version-history":[{"count":1,"href":"https:\/\/www.fabioferro.eu\/de\/wp-json\/wp\/v2\/product\/174050\/revisions"}],"predecessor-version":[{"id":188870,"href":"https:\/\/www.fabioferro.eu\/de\/wp-json\/wp\/v2\/product\/174050\/revisions\/188870"}],"wp:featuredmedia":[{"embeddable":true,"href":"https:\/\/www.fabioferro.eu\/de\/wp-json\/wp\/v2\/media\/173657"}],"wp:attachment":[{"href":"https:\/\/www.fabioferro.eu\/de\/wp-json\/wp\/v2\/media?parent=174050"}],"wp:term":[{"taxonomy":"product_brand","embeddable":true,"href":"https:\/\/www.fabioferro.eu\/de\/wp-json\/wp\/v2\/product_brand?post=174050"},{"taxonomy":"product_cat","embeddable":true,"href":"https:\/\/www.fabioferro.eu\/de\/wp-json\/wp\/v2\/product_cat?post=174050"},{"taxonomy":"product_tag","embeddable":true,"href":"https:\/\/www.fabioferro.eu\/de\/wp-json\/wp\/v2\/product_tag?post=174050"}],"curies":[{"name":"wp","href":"https:\/\/api.w.org\/{rel}","templated":true}]}}