{"id":174051,"date":"2025-02-12T19:24:02","date_gmt":"2025-02-12T18:24:02","guid":{"rendered":"https:\/\/www.fabioferro.eu\/tamashii-tibetanisches-gebetsrad-mintgruenes-achat-armband.html"},"modified":"2025-02-12T19:24:02","modified_gmt":"2025-02-12T18:24:02","slug":"tamashii-tibetanisches-gebetsrad-mintgruenes-achat-armband","status":"publish","type":"product","link":"https:\/\/www.fabioferro.eu\/de\/tamashii-tibetanisches-gebetsrad-mintgruenes-achat-armband.html","title":{"rendered":"Tamashii Tibetanisches Gebetsrad Mintgr\u00fcnes Achat-Armband"},"content":{"rendered":"<p class=\"p1\">Originales tibetisches Tamashii-Armband aus der Gebetsrad-Linie, hergestellt aus nat\u00fcrlichen gr\u00fcnen Achatsteinen und brauner Kordel, gesegnet von buddhistischen M\u00f6nchen.<\/p>\n<p class=\"p1\">Der Achat in seiner gr\u00fcnen Variante erinnert an die Kraft der Natur und die Harmonie der Pflanzenwelt und symbolisiert Gleichgewicht und kraftvolle Dynamik. Dieses Armband erinnert an innere Weisheit und die F\u00e4higkeit, Eifersucht in pers\u00f6nliche Erf\u00fcllung zu verwandeln. <\/p>\n<p class=\"p1\">Angereichert mit einem Rad aus 925\/1000 Sterling Silber, auf dem das Mantra &#8216;Om Mani Padme H\u016bm&#8217; eingraviert ist, das dem Buddha des Mitgef\u00fchls, Cenresig, gewidmet ist.<\/p>\n<p class=\"p1\">Gr\u00f6\u00dfe des Steins: 8 mm.<\/p>\n<p class=\"p1\">Einheitsgr\u00f6\u00dfe: Das Armband passt sich dank der bereits vorhandenen Schlitze jedem Handgelenk an. Sobald Sie die Gr\u00f6\u00dfe gew\u00e4hlt haben, k\u00f6nnen Sie die Kordel abschneiden.<\/p>\n<p class=\"p1\">Jedes Armband ist in der Originalverpackung von Tamashii mit einer Echtheitserkl\u00e4rung verpackt.<\/p>\n","protected":false},"excerpt":{"rendered":"<p class=\"p1\">Tamashii Armband, Symbol des Gleichgewichts und der Wiedergeburt, eingraviert mit dem Mantra &#8216;Om Mani Padme H\u016bm&#8217;.<\/p>\n","protected":false},"featured_media":173650,"comment_status":"open","ping_status":"closed","template":"","meta":[],"product_brand":[199],"product_cat":[6318],"product_tag":[7442],"class_list":{"0":"post-174051","1":"product","2":"type-product","3":"status-publish","4":"has-post-thumbnail","6":"product_brand-tamashii","7":"product_cat-tamashii","8":"product_tag-verfugbar","10":"first","11":"instock","12":"taxable","13":"shipping-taxable","14":"purchasable","15":"product-type-simple"},"exclude_global_add_ons":[],"addons":[],"df_price":69,"df_sale_price":"","df_regular_price":69,"df_image_link":"https:\/\/cdn02.fabioferro.eu\/wp-content\/uploads\/bracciale-tamashii-tibetano-ruota-della-preghiera-agata-verde-menta.jpg","_links":{"self":[{"href":"https:\/\/www.fabioferro.eu\/de\/wp-json\/wp\/v2\/product\/174051","targetHints":{"allow":["GET"]}}],"collection":[{"href":"https:\/\/www.fabioferro.eu\/de\/wp-json\/wp\/v2\/product"}],"about":[{"href":"https:\/\/www.fabioferro.eu\/de\/wp-json\/wp\/v2\/types\/product"}],"replies":[{"embeddable":true,"href":"https:\/\/www.fabioferro.eu\/de\/wp-json\/wp\/v2\/comments?post=174051"}],"version-history":[{"count":0,"href":"https:\/\/www.fabioferro.eu\/de\/wp-json\/wp\/v2\/product\/174051\/revisions"}],"wp:featuredmedia":[{"embeddable":true,"href":"https:\/\/www.fabioferro.eu\/de\/wp-json\/wp\/v2\/media\/173650"}],"wp:attachment":[{"href":"https:\/\/www.fabioferro.eu\/de\/wp-json\/wp\/v2\/media?parent=174051"}],"wp:term":[{"taxonomy":"product_brand","embeddable":true,"href":"https:\/\/www.fabioferro.eu\/de\/wp-json\/wp\/v2\/product_brand?post=174051"},{"taxonomy":"product_cat","embeddable":true,"href":"https:\/\/www.fabioferro.eu\/de\/wp-json\/wp\/v2\/product_cat?post=174051"},{"taxonomy":"product_tag","embeddable":true,"href":"https:\/\/www.fabioferro.eu\/de\/wp-json\/wp\/v2\/product_tag?post=174051"}],"curies":[{"name":"wp","href":"https:\/\/api.w.org\/{rel}","templated":true}]}}