{"id":174054,"date":"2025-02-12T18:43:26","date_gmt":"2025-02-12T17:43:26","guid":{"rendered":"https:\/\/www.fabioferro.eu\/tamashii-tibetische-jadeblueten-mondlicht-flieder-armband.html"},"modified":"2025-08-09T10:07:01","modified_gmt":"2025-08-09T08:07:01","slug":"tamashii-tibetische-jadeblueten-mondlicht-flieder-armband","status":"publish","type":"product","link":"https:\/\/www.fabioferro.eu\/de\/tamashii-tibetische-jadeblueten-mondlicht-flieder-armband.html","title":{"rendered":"Tamashii Tibetische Jadebl\u00fcten Mondlicht Flieder Armband"},"content":{"rendered":"<p class=\"p1\">Unisex tibetisches Tamashii-Armband aus nat\u00fcrlichem Jadestein, gesegnet von buddhistischen M\u00f6nchen.<\/p>\n<p class=\"p1\">Jade, ein Symbol f\u00fcr Wohlstand und Schutz, ist seit Jahrhunderten ein Amulett, das Tugenden wie Wohlwollen, Aufrichtigkeit und Ausgeglichenheit verk\u00f6rpert. Konfuzius betonte seine Qualit\u00e4ten, die Selbstverwirklichung und Autonomie f\u00f6rdern. Dieses Armband zeichnet sich durch seine zarten Blau- und Wei\u00dft\u00f6ne aus, die an die Harmonie zwischen Himmel und Wolken erinnern und Frieden und Gelassenheit symbolisieren.  <\/p>\n<p class=\"p1\">Die Steine des Armbands haben einen Durchmesser von 8 mm.<\/p>\n<p class=\"p1\">Dank seines Designs mit verstellbaren Schlaufen passt das Armband problemlos an jedes Handgelenk und kann durch Abschneiden der Kordel individuell angepasst werden.<\/p>\n<p class=\"p1\">Da es handgefertigt ist, ist jedes Armband einzigartig und kann leichte Farbabweichungen aufweisen.<\/p>\n<p class=\"p1\">Verpackt in der Originalverpackung von Tamashii mit Echtheitszertifikat.<\/p>\n","protected":false},"excerpt":{"rendered":"<p class=\"p1\">Tamashii-Armband, ein Amulett, das Wohlwollen und Ausgeglichenheit verleiht.<\/p>\n","protected":false},"featured_media":173631,"comment_status":"open","ping_status":"closed","template":"","meta":[],"product_brand":[],"product_cat":[6318],"product_tag":[],"class_list":{"0":"post-174054","1":"product","2":"type-product","3":"status-publish","4":"has-post-thumbnail","6":"product_cat-tamashii","8":"first","9":"instock","10":"taxable","11":"shipping-taxable","12":"purchasable","13":"product-type-simple"},"exclude_global_add_ons":[],"addons":[],"df_price":42,"df_sale_price":"","df_regular_price":42,"df_image_link":"https:\/\/cdn02.fabioferro.eu\/wp-content\/uploads\/bracciale-tamashii-tibetano-jade-blooms-moonlight-lilac.jpg","_links":{"self":[{"href":"https:\/\/www.fabioferro.eu\/de\/wp-json\/wp\/v2\/product\/174054","targetHints":{"allow":["GET"]}}],"collection":[{"href":"https:\/\/www.fabioferro.eu\/de\/wp-json\/wp\/v2\/product"}],"about":[{"href":"https:\/\/www.fabioferro.eu\/de\/wp-json\/wp\/v2\/types\/product"}],"replies":[{"embeddable":true,"href":"https:\/\/www.fabioferro.eu\/de\/wp-json\/wp\/v2\/comments?post=174054"}],"version-history":[{"count":1,"href":"https:\/\/www.fabioferro.eu\/de\/wp-json\/wp\/v2\/product\/174054\/revisions"}],"predecessor-version":[{"id":193935,"href":"https:\/\/www.fabioferro.eu\/de\/wp-json\/wp\/v2\/product\/174054\/revisions\/193935"}],"wp:featuredmedia":[{"embeddable":true,"href":"https:\/\/www.fabioferro.eu\/de\/wp-json\/wp\/v2\/media\/173631"}],"wp:attachment":[{"href":"https:\/\/www.fabioferro.eu\/de\/wp-json\/wp\/v2\/media?parent=174054"}],"wp:term":[{"taxonomy":"product_brand","embeddable":true,"href":"https:\/\/www.fabioferro.eu\/de\/wp-json\/wp\/v2\/product_brand?post=174054"},{"taxonomy":"product_cat","embeddable":true,"href":"https:\/\/www.fabioferro.eu\/de\/wp-json\/wp\/v2\/product_cat?post=174054"},{"taxonomy":"product_tag","embeddable":true,"href":"https:\/\/www.fabioferro.eu\/de\/wp-json\/wp\/v2\/product_tag?post=174054"}],"curies":[{"name":"wp","href":"https:\/\/api.w.org\/{rel}","templated":true}]}}