{"id":174057,"date":"2025-02-11T21:50:52","date_gmt":"2025-02-11T20:50:52","guid":{"rendered":"https:\/\/www.fabioferro.eu\/tamashii-tibetisches-bambus-korallen-armband.html"},"modified":"2025-03-11T17:19:02","modified_gmt":"2025-03-11T16:19:02","slug":"tamashii-tibetisches-bambus-korallen-armband","status":"publish","type":"product","link":"https:\/\/www.fabioferro.eu\/de\/tamashii-tibetisches-bambus-korallen-armband.html","title":{"rendered":"Tamashii Tibetisches Bambus-Korallen-Armband"},"content":{"rendered":"<p class=\"p1\">Original Tamashii-Armband, handgefertigt in Tibet mit nat\u00fcrlichem Bambus-Korallenstein und brauner Kordel, gesegnet von buddhistischen M\u00f6nchen.<\/p>\n<p class=\"p1\">Die Bambuskoralle mit ihrer intensiven und leuchtenden orange-roten Farbe ist ein Symbol f\u00fcr Leben, Mut und Schutz, das in alten tibetischen Zeremonien verwendet wird. Jeder fein gearbeitete Stein bewahrt die Erinnerung an diese Traditionen und vermittelt eine zeitlose Energie, die ein Symbol f\u00fcr Harmonie und Regeneration darstellt. <\/p>\n<p class=\"p1\">Jeder Stein misst 8 mm.<\/p>\n<p class=\"p1\">Die Einheitsgr\u00f6\u00dfe, verstellbar mit integrierten Schlaufen, passt sich jedem Handgelenk an. Der Kordelzug kann f\u00fcr eine individuelle Passform zugeschnitten werden.<\/p>\n<p class=\"p1\">Da es sich um ein handgefertigtes Produkt handelt, kann das Armband leichte Farbabweichungen von den Abbildungen aufweisen und die Verwendung von Bamboo Coral kann zu einer leichten Mattierung des Materials f\u00fchren.<\/p>\n<p class=\"p1\">Wird in der Originalverpackung von Tamashii geliefert, komplett mit Echtheitszertifikat.<\/p>\n","protected":false},"excerpt":{"rendered":"<p class=\"p1\">Handgefertigtes Tamashii-Armband, Symbol f\u00fcr Mut und Schutz.<\/p>\n","protected":false},"featured_media":173583,"comment_status":"open","ping_status":"closed","template":"","meta":[],"product_brand":[199],"product_cat":[6318],"product_tag":[7442],"class_list":{"0":"post-174057","1":"product","2":"type-product","3":"status-publish","4":"has-post-thumbnail","6":"product_brand-tamashii","7":"product_cat-tamashii","8":"product_tag-verfugbar","10":"first","11":"instock","12":"taxable","13":"shipping-taxable","14":"purchasable","15":"product-type-simple"},"exclude_global_add_ons":[],"addons":[],"df_price":49,"df_sale_price":"","df_regular_price":49,"df_image_link":"https:\/\/cdn02.fabioferro.eu\/wp-content\/uploads\/bracciale-tamashii-tibetano-bamboo-coral.jpg","_links":{"self":[{"href":"https:\/\/www.fabioferro.eu\/de\/wp-json\/wp\/v2\/product\/174057","targetHints":{"allow":["GET"]}}],"collection":[{"href":"https:\/\/www.fabioferro.eu\/de\/wp-json\/wp\/v2\/product"}],"about":[{"href":"https:\/\/www.fabioferro.eu\/de\/wp-json\/wp\/v2\/types\/product"}],"replies":[{"embeddable":true,"href":"https:\/\/www.fabioferro.eu\/de\/wp-json\/wp\/v2\/comments?post=174057"}],"version-history":[{"count":0,"href":"https:\/\/www.fabioferro.eu\/de\/wp-json\/wp\/v2\/product\/174057\/revisions"}],"wp:featuredmedia":[{"embeddable":true,"href":"https:\/\/www.fabioferro.eu\/de\/wp-json\/wp\/v2\/media\/173583"}],"wp:attachment":[{"href":"https:\/\/www.fabioferro.eu\/de\/wp-json\/wp\/v2\/media?parent=174057"}],"wp:term":[{"taxonomy":"product_brand","embeddable":true,"href":"https:\/\/www.fabioferro.eu\/de\/wp-json\/wp\/v2\/product_brand?post=174057"},{"taxonomy":"product_cat","embeddable":true,"href":"https:\/\/www.fabioferro.eu\/de\/wp-json\/wp\/v2\/product_cat?post=174057"},{"taxonomy":"product_tag","embeddable":true,"href":"https:\/\/www.fabioferro.eu\/de\/wp-json\/wp\/v2\/product_tag?post=174057"}],"curies":[{"name":"wp","href":"https:\/\/api.w.org\/{rel}","templated":true}]}}