{"id":174058,"date":"2025-02-11T22:01:04","date_gmt":"2025-02-11T21:01:04","guid":{"rendered":"https:\/\/www.fabioferro.eu\/armband-tamashii-tibetanische-jadeblueten-zuckerwatte-rose.html"},"modified":"2025-09-09T07:58:06","modified_gmt":"2025-09-09T05:58:06","slug":"armband-tamashii-tibetanische-jadeblueten-zuckerwatte-rose","status":"publish","type":"product","link":"https:\/\/www.fabioferro.eu\/de\/armband-tamashii-tibetanische-jadeblueten-zuckerwatte-rose.html","title":{"rendered":"Armband Tamashii Tibetanische Jadebl\u00fcten Zuckerwatte Rose"},"content":{"rendered":"<p class=\"p1\">Original tibetisches Tamashii-Armband aus nat\u00fcrlichem Jadestein und brauner Kordel, gesegnet von buddhistischen M\u00f6nchen.<\/p>\n<p class=\"p1\">Jade, die traditionell mit Gl\u00fcck assoziiert wird, steht f\u00fcr Tugenden wie Wohlwollen, Loyalit\u00e4t und Aufrichtigkeit. Sie hilft, das Gleichgewicht zwischen Geist und K\u00f6rper zu finden, und f\u00f6rdert Selbstverwirklichung und pers\u00f6nliches Wachstum. Ihre rosafarbene F\u00e4rbung erinnert an Harmonie und Hoffnung und vermittelt eine Botschaft der Erneuerung und Vitalit\u00e4t, genau wie die Fr\u00fchlingsbl\u00fcte.  <\/p>\n<p class=\"p1\">Steine mit einem Durchmesser von 8 mm.<\/p>\n<p class=\"p1\">Das One-Size-Fits-All-System mit verstellbaren Knopfl\u00f6chern passt sich problemlos allen Handgelenken an. Der Kordelzug kann f\u00fcr eine optimale Passform zugeschnitten werden. <\/p>\n<p class=\"p1\">Da es sich um ein handgefertigtes Produkt handelt, kann es zu kleinen Farbabweichungen von den Bildern kommen.<\/p>\n<p class=\"p1\">Verpackt in der Originalverpackung von Tamashii, mit Echtheitszertifikat.<\/p>\n","protected":false},"excerpt":{"rendered":"<p class=\"p1\">Handgefertigtes Tamashii-Armband, Symbol f\u00fcr Harmonie und Erneuerung.<\/p>\n","protected":false},"featured_media":173593,"comment_status":"open","ping_status":"closed","template":"","meta":[],"product_brand":[],"product_cat":[6318],"product_tag":[7442],"class_list":{"0":"post-174058","1":"product","2":"type-product","3":"status-publish","4":"has-post-thumbnail","6":"product_cat-tamashii","7":"product_tag-verfugbar","9":"first","10":"instock","11":"taxable","12":"shipping-taxable","13":"purchasable","14":"product-type-simple"},"exclude_global_add_ons":[],"addons":[],"df_price":42,"df_sale_price":"","df_regular_price":42,"df_image_link":"https:\/\/cdn02.fabioferro.eu\/wp-content\/uploads\/bracciale-tamashii-tibetano-bamboo-cotton-candy-rose.jpg","_links":{"self":[{"href":"https:\/\/www.fabioferro.eu\/de\/wp-json\/wp\/v2\/product\/174058","targetHints":{"allow":["GET"]}}],"collection":[{"href":"https:\/\/www.fabioferro.eu\/de\/wp-json\/wp\/v2\/product"}],"about":[{"href":"https:\/\/www.fabioferro.eu\/de\/wp-json\/wp\/v2\/types\/product"}],"replies":[{"embeddable":true,"href":"https:\/\/www.fabioferro.eu\/de\/wp-json\/wp\/v2\/comments?post=174058"}],"version-history":[{"count":1,"href":"https:\/\/www.fabioferro.eu\/de\/wp-json\/wp\/v2\/product\/174058\/revisions"}],"predecessor-version":[{"id":195534,"href":"https:\/\/www.fabioferro.eu\/de\/wp-json\/wp\/v2\/product\/174058\/revisions\/195534"}],"wp:featuredmedia":[{"embeddable":true,"href":"https:\/\/www.fabioferro.eu\/de\/wp-json\/wp\/v2\/media\/173593"}],"wp:attachment":[{"href":"https:\/\/www.fabioferro.eu\/de\/wp-json\/wp\/v2\/media?parent=174058"}],"wp:term":[{"taxonomy":"product_brand","embeddable":true,"href":"https:\/\/www.fabioferro.eu\/de\/wp-json\/wp\/v2\/product_brand?post=174058"},{"taxonomy":"product_cat","embeddable":true,"href":"https:\/\/www.fabioferro.eu\/de\/wp-json\/wp\/v2\/product_cat?post=174058"},{"taxonomy":"product_tag","embeddable":true,"href":"https:\/\/www.fabioferro.eu\/de\/wp-json\/wp\/v2\/product_tag?post=174058"}],"curies":[{"name":"wp","href":"https:\/\/api.w.org\/{rel}","templated":true}]}}