{"id":174065,"date":"2025-02-11T21:45:05","date_gmt":"2025-02-11T20:45:05","guid":{"rendered":"https:\/\/www.fabioferro.eu\/tamashii-tibetan-jade-blooms-kiwi-delight-armband.html"},"modified":"2025-08-09T10:07:00","modified_gmt":"2025-08-09T08:07:00","slug":"tamashii-tibetan-jade-blooms-kiwi-delight-armband","status":"publish","type":"product","link":"https:\/\/www.fabioferro.eu\/de\/tamashii-tibetan-jade-blooms-kiwi-delight-armband.html","title":{"rendered":"Tamashii Tibetan Jade Blooms Kiwi Delight Armband"},"content":{"rendered":"<p class=\"p1\">Original Tamashii-Armband, handgefertigt in Tibet aus nat\u00fcrlichem Jadestein und brauner Kordel, gesegnet von buddhistischen M\u00f6nchen.<\/p>\n<p class=\"p1\">Jade, ein Symbol des Gl\u00fccks und der Tugenden wie Wohlwollen, Treue und Aufrichtigkeit, ist ein Stein, der die Selbstverwirklichung und ein Gleichgewicht zwischen Aktivit\u00e4t und Ruhe f\u00f6rdert. Er hilft, in Harmonie mit der eigenen spirituellen Natur zu leben, und f\u00f6rdert Unabh\u00e4ngigkeit und Kreativit\u00e4t. Seine gr\u00fcnen, gelben und roten Farbt\u00f6ne erinnern an Wiedergeburt und Vitalit\u00e4t.  <\/p>\n<p class=\"p1\">Jeder Stein misst 8 mm.<\/p>\n<p class=\"p1\">Die Einheitsgr\u00f6\u00dfe, verstellbar mit integrierten Schlaufen, macht es einfach, sich an jedes Handgelenk anzupassen. Der Kordelzug kann f\u00fcr eine individuelle Passform zugeschnitten werden.<\/p>\n<p class=\"p1\">Da es sich um ein handgefertigtes Produkt handelt, kann das Armband leichte Farbabweichungen von den Bildern aufweisen.<\/p>\n<p class=\"p1\">Wird in der Originalverpackung von Tamashii geliefert, komplett mit Echtheitszertifikat.<\/p>\n","protected":false},"excerpt":{"rendered":"<p class=\"p1\">Handgefertigtes Tamashii-Armband, Symbol f\u00fcr Gleichgewicht und Selbstwertgef\u00fchl, mit nat\u00fcrlichem Jadestein.<\/p>\n","protected":false},"featured_media":173578,"comment_status":"open","ping_status":"closed","template":"","meta":[],"product_brand":[199],"product_cat":[6318],"product_tag":[7442],"class_list":{"0":"post-174065","1":"product","2":"type-product","3":"status-publish","4":"has-post-thumbnail","6":"product_brand-tamashii","7":"product_cat-tamashii","8":"product_tag-verfugbar","10":"first","11":"instock","12":"taxable","13":"shipping-taxable","14":"purchasable","15":"product-type-simple"},"exclude_global_add_ons":[],"addons":[],"df_price":42,"df_sale_price":"","df_regular_price":42,"df_image_link":"https:\/\/cdn02.fabioferro.eu\/wp-content\/uploads\/bracciale-tamashii-tibetano-jade-blooms-kiwi-delight.jpg","_links":{"self":[{"href":"https:\/\/www.fabioferro.eu\/de\/wp-json\/wp\/v2\/product\/174065","targetHints":{"allow":["GET"]}}],"collection":[{"href":"https:\/\/www.fabioferro.eu\/de\/wp-json\/wp\/v2\/product"}],"about":[{"href":"https:\/\/www.fabioferro.eu\/de\/wp-json\/wp\/v2\/types\/product"}],"replies":[{"embeddable":true,"href":"https:\/\/www.fabioferro.eu\/de\/wp-json\/wp\/v2\/comments?post=174065"}],"version-history":[{"count":1,"href":"https:\/\/www.fabioferro.eu\/de\/wp-json\/wp\/v2\/product\/174065\/revisions"}],"predecessor-version":[{"id":193932,"href":"https:\/\/www.fabioferro.eu\/de\/wp-json\/wp\/v2\/product\/174065\/revisions\/193932"}],"wp:featuredmedia":[{"embeddable":true,"href":"https:\/\/www.fabioferro.eu\/de\/wp-json\/wp\/v2\/media\/173578"}],"wp:attachment":[{"href":"https:\/\/www.fabioferro.eu\/de\/wp-json\/wp\/v2\/media?parent=174065"}],"wp:term":[{"taxonomy":"product_brand","embeddable":true,"href":"https:\/\/www.fabioferro.eu\/de\/wp-json\/wp\/v2\/product_brand?post=174065"},{"taxonomy":"product_cat","embeddable":true,"href":"https:\/\/www.fabioferro.eu\/de\/wp-json\/wp\/v2\/product_cat?post=174065"},{"taxonomy":"product_tag","embeddable":true,"href":"https:\/\/www.fabioferro.eu\/de\/wp-json\/wp\/v2\/product_tag?post=174065"}],"curies":[{"name":"wp","href":"https:\/\/api.w.org\/{rel}","templated":true}]}}