{"id":174092,"date":"2025-02-10T22:34:37","date_gmt":"2025-02-10T21:34:37","guid":{"rendered":"https:\/\/www.fabioferro.eu\/tamashii-tibetisches-shungit-armband-mit-gruenem-achat.html"},"modified":"2025-02-10T22:34:37","modified_gmt":"2025-02-10T21:34:37","slug":"tamashii-tibetisches-shungit-armband-mit-gruenem-achat","status":"publish","type":"product","link":"https:\/\/www.fabioferro.eu\/de\/tamashii-tibetisches-shungit-armband-mit-gruenem-achat.html","title":{"rendered":"Tamashii Tibetisches Shungit-Armband mit gr\u00fcnem Achat"},"content":{"rendered":"<p class=\"p1\">Original Tamashii Armband, handgefertigt in Tibet mit gr\u00fcnem Achat Geburtsstein und Shungite Calabash, gesegnet von buddhistischen M\u00f6nchen.<\/p>\n<p class=\"p3\">Der Gr\u00fcne Achat, ein Symbol f\u00fcr Gleichgewicht und Harmonie, erinnert an die Lebenskraft der Natur. Er wird mit Wachstum und der Energie des Handelns assoziiert und hilft, Eifersuchtsgef\u00fchle in Weisheit und Bewusstsein zu verwandeln. <\/p>\n<p class=\"p3\">Die sorgf\u00e4ltig gearbeiteten Steine haben einen Durchmesser von 8 mm.<\/p>\n<p class=\"p3\">Das Armband verf\u00fcgt \u00fcber ein Verstellsystem mit Schlaufen, mit dem es bequem an verschiedene Handgelenksgr\u00f6\u00dfen angepasst werden kann.<\/p>\n<p class=\"p3\">Da es sich um ein Kunsthandwerk handelt, ist jedes St\u00fcck einzigartig und kann leichte Farbabweichungen von den Bildern aufweisen.<\/p>\n<p class=\"p3\">Verpackt in der Originalverpackung von Tamashii, komplett mit Echtheitszertifikat und Garantie.<\/p>\n","protected":false},"excerpt":{"rendered":"<p class=\"p1\">Tamashii-Armband mit gr\u00fcnem Achat, der Harmonie und Lebensenergie symbolisiert.<\/p>\n","protected":false},"featured_media":173446,"comment_status":"open","ping_status":"closed","template":"","meta":[],"product_brand":[199],"product_cat":[6318],"product_tag":[],"class_list":{"0":"post-174092","1":"product","2":"type-product","3":"status-publish","4":"has-post-thumbnail","6":"product_brand-tamashii","7":"product_cat-tamashii","9":"first","10":"instock","11":"taxable","12":"shipping-taxable","13":"purchasable","14":"product-type-simple"},"exclude_global_add_ons":[],"addons":[],"df_price":45,"df_sale_price":"","df_regular_price":45,"df_image_link":"https:\/\/cdn02.fabioferro.eu\/wp-content\/uploads\/bracciale-tamashii-tibetano-shungite-con-agata-verde.jpg","_links":{"self":[{"href":"https:\/\/www.fabioferro.eu\/de\/wp-json\/wp\/v2\/product\/174092","targetHints":{"allow":["GET"]}}],"collection":[{"href":"https:\/\/www.fabioferro.eu\/de\/wp-json\/wp\/v2\/product"}],"about":[{"href":"https:\/\/www.fabioferro.eu\/de\/wp-json\/wp\/v2\/types\/product"}],"replies":[{"embeddable":true,"href":"https:\/\/www.fabioferro.eu\/de\/wp-json\/wp\/v2\/comments?post=174092"}],"version-history":[{"count":0,"href":"https:\/\/www.fabioferro.eu\/de\/wp-json\/wp\/v2\/product\/174092\/revisions"}],"wp:featuredmedia":[{"embeddable":true,"href":"https:\/\/www.fabioferro.eu\/de\/wp-json\/wp\/v2\/media\/173446"}],"wp:attachment":[{"href":"https:\/\/www.fabioferro.eu\/de\/wp-json\/wp\/v2\/media?parent=174092"}],"wp:term":[{"taxonomy":"product_brand","embeddable":true,"href":"https:\/\/www.fabioferro.eu\/de\/wp-json\/wp\/v2\/product_brand?post=174092"},{"taxonomy":"product_cat","embeddable":true,"href":"https:\/\/www.fabioferro.eu\/de\/wp-json\/wp\/v2\/product_cat?post=174092"},{"taxonomy":"product_tag","embeddable":true,"href":"https:\/\/www.fabioferro.eu\/de\/wp-json\/wp\/v2\/product_tag?post=174092"}],"curies":[{"name":"wp","href":"https:\/\/api.w.org\/{rel}","templated":true}]}}