{"id":174093,"date":"2025-02-08T16:52:38","date_gmt":"2025-02-08T15:52:38","guid":{"rendered":"https:\/\/www.fabioferro.eu\/tamashii-tibetisches-shungit-armband-mit-tuerkis.html"},"modified":"2025-02-08T16:52:38","modified_gmt":"2025-02-08T15:52:38","slug":"tamashii-tibetisches-shungit-armband-mit-tuerkis","status":"publish","type":"product","link":"https:\/\/www.fabioferro.eu\/de\/tamashii-tibetisches-shungit-armband-mit-tuerkis.html","title":{"rendered":"Tamashii Tibetisches Shungit-Armband mit T\u00fcrkis"},"content":{"rendered":"<p class=\"p1\">Original Tamashii-Armband, handgefertigt in Tibet mit nat\u00fcrlichem T\u00fcrkis und Kalebassenstein in Shungit, gesegnet von buddhistischen M\u00f6nchen.<b><\/b><\/p>\n<p class=\"p3\">Der T\u00fcrkis ist einer der ersten Edelsteine, die vom Menschen abgebaut wurden und symbolisiert Himmel, Luft und Wasser. Im Buddhismus steht er f\u00fcr Ruhe, Aufstieg und Reinheit und hilft, Mut und Selbstvertrauen zu st\u00e4rken.  Der Tamashii T\u00fcrkis stabilisiert Stimmungen und verwandelt Wut in Weisheit.<\/p>\n<p class=\"p3\">Die Steine messen 8 mm.<\/p>\n<p class=\"p3\">Die Einheitsgr\u00f6\u00dfe, verstellbar mit integrierten Schlaufen, passt sich jedem Handgelenk an.<\/p>\n<p class=\"p3\">Da es sich um ein handgefertigtes Produkt handelt, kann das Armband leichte Farbabweichungen im Vergleich zu den Bildern aufweisen.<\/p>\n<p class=\"p3\">Wird in der Originalverpackung von Tamashii geliefert, mit Echtheitszertifikat und Garantie.<\/p>\n","protected":false},"excerpt":{"rendered":"<p class=\"p1\">Tamashii Armband mit T\u00fcrkis, Symbol der Ruhe und Weisheit.<\/p>\n","protected":false},"featured_media":173435,"comment_status":"open","ping_status":"closed","template":"","meta":[],"product_brand":[199],"product_cat":[6318],"product_tag":[7442],"class_list":{"0":"post-174093","1":"product","2":"type-product","3":"status-publish","4":"has-post-thumbnail","6":"product_brand-tamashii","7":"product_cat-tamashii","8":"product_tag-verfugbar","10":"first","11":"instock","12":"taxable","13":"shipping-taxable","14":"purchasable","15":"product-type-simple"},"exclude_global_add_ons":[],"addons":[],"df_price":45,"df_sale_price":"","df_regular_price":45,"df_image_link":"https:\/\/cdn02.fabioferro.eu\/wp-content\/uploads\/bracciale-tamashii-tibetano-shungite-con-turchese.jpg","_links":{"self":[{"href":"https:\/\/www.fabioferro.eu\/de\/wp-json\/wp\/v2\/product\/174093","targetHints":{"allow":["GET"]}}],"collection":[{"href":"https:\/\/www.fabioferro.eu\/de\/wp-json\/wp\/v2\/product"}],"about":[{"href":"https:\/\/www.fabioferro.eu\/de\/wp-json\/wp\/v2\/types\/product"}],"replies":[{"embeddable":true,"href":"https:\/\/www.fabioferro.eu\/de\/wp-json\/wp\/v2\/comments?post=174093"}],"version-history":[{"count":0,"href":"https:\/\/www.fabioferro.eu\/de\/wp-json\/wp\/v2\/product\/174093\/revisions"}],"wp:featuredmedia":[{"embeddable":true,"href":"https:\/\/www.fabioferro.eu\/de\/wp-json\/wp\/v2\/media\/173435"}],"wp:attachment":[{"href":"https:\/\/www.fabioferro.eu\/de\/wp-json\/wp\/v2\/media?parent=174093"}],"wp:term":[{"taxonomy":"product_brand","embeddable":true,"href":"https:\/\/www.fabioferro.eu\/de\/wp-json\/wp\/v2\/product_brand?post=174093"},{"taxonomy":"product_cat","embeddable":true,"href":"https:\/\/www.fabioferro.eu\/de\/wp-json\/wp\/v2\/product_cat?post=174093"},{"taxonomy":"product_tag","embeddable":true,"href":"https:\/\/www.fabioferro.eu\/de\/wp-json\/wp\/v2\/product_tag?post=174093"}],"curies":[{"name":"wp","href":"https:\/\/api.w.org\/{rel}","templated":true}]}}