{"id":174099,"date":"2025-02-10T22:38:44","date_gmt":"2025-02-10T21:38:44","guid":{"rendered":"https:\/\/www.fabioferro.eu\/tamashii-tibetisches-shungit-armband-mit-haematit.html"},"modified":"2025-02-10T22:38:44","modified_gmt":"2025-02-10T21:38:44","slug":"tamashii-tibetisches-shungit-armband-mit-haematit","status":"publish","type":"product","link":"https:\/\/www.fabioferro.eu\/de\/tamashii-tibetisches-shungit-armband-mit-haematit.html","title":{"rendered":"Tamashii Tibetisches Shungit-Armband mit H\u00e4matit"},"content":{"rendered":"<p class=\"p1\">Original Tamashii-Armband, handgefertigt in Tibet aus den Natursteinen H\u00e4matit und Kalabasse in Shungit, gesegnet von buddhistischen M\u00f6nchen.<\/p>\n<p class=\"p3\">H\u00e4matit, ein schwarzer Stein eisenhaltigen Ursprungs, ist ein Symbol f\u00fcr Vitalit\u00e4t und Dynamik. Er st\u00e4rkt den Lebenswillen und regt das k\u00f6rperliche Wohlbefinden an, indem er dazu ermutigt, die eigenen Lebensbedingungen zu verbessern. Er ist ein Stein, der den Menschen dazu motiviert, sich um die Befriedigung seiner Bed\u00fcrfnisse zu bem\u00fchen.  <\/p>\n<p class=\"p3\">Die Steine mit einem Durchmesser von 8 mm werden von Calabash in Shungite flankiert, einem uralten Mineralstein, der f\u00fcr seine sch\u00fctzenden Eigenschaften und die F\u00f6rderung von Stabilit\u00e4t und Verwurzelung bekannt ist.<\/p>\n<p class=\"p3\">Das Armband hat ein Verstellsystem mit integrierten Schlaufen, das eine perfekte Passform f\u00fcr jedes Handgelenk erm\u00f6glicht.<\/p>\n<p class=\"p3\">Da es sich um ein handgefertigtes Produkt handelt, kann es zu leichten Farbabweichungen von den Bildern kommen.<\/p>\n<p class=\"p3\">Wird in der Originalverpackung von Tamashii geliefert, mit Echtheitszertifikat und Garantie.<\/p>\n","protected":false},"excerpt":{"rendered":"<p class=\"p1\">Tamashii-Armband mit H\u00e4matit, das die Dynamik verst\u00e4rkt.<\/p>\n","protected":false},"featured_media":173457,"comment_status":"open","ping_status":"closed","template":"","meta":[],"product_brand":[199],"product_cat":[6318],"product_tag":[],"class_list":{"0":"post-174099","1":"product","2":"type-product","3":"status-publish","4":"has-post-thumbnail","6":"product_brand-tamashii","7":"product_cat-tamashii","9":"first","10":"instock","11":"taxable","12":"shipping-taxable","13":"purchasable","14":"product-type-simple"},"exclude_global_add_ons":[],"addons":[],"df_price":45,"df_sale_price":"","df_regular_price":45,"df_image_link":"https:\/\/cdn02.fabioferro.eu\/wp-content\/uploads\/bracciale-tamashii-tibetano-shungite-con-ematite.jpg","_links":{"self":[{"href":"https:\/\/www.fabioferro.eu\/de\/wp-json\/wp\/v2\/product\/174099","targetHints":{"allow":["GET"]}}],"collection":[{"href":"https:\/\/www.fabioferro.eu\/de\/wp-json\/wp\/v2\/product"}],"about":[{"href":"https:\/\/www.fabioferro.eu\/de\/wp-json\/wp\/v2\/types\/product"}],"replies":[{"embeddable":true,"href":"https:\/\/www.fabioferro.eu\/de\/wp-json\/wp\/v2\/comments?post=174099"}],"version-history":[{"count":0,"href":"https:\/\/www.fabioferro.eu\/de\/wp-json\/wp\/v2\/product\/174099\/revisions"}],"wp:featuredmedia":[{"embeddable":true,"href":"https:\/\/www.fabioferro.eu\/de\/wp-json\/wp\/v2\/media\/173457"}],"wp:attachment":[{"href":"https:\/\/www.fabioferro.eu\/de\/wp-json\/wp\/v2\/media?parent=174099"}],"wp:term":[{"taxonomy":"product_brand","embeddable":true,"href":"https:\/\/www.fabioferro.eu\/de\/wp-json\/wp\/v2\/product_brand?post=174099"},{"taxonomy":"product_cat","embeddable":true,"href":"https:\/\/www.fabioferro.eu\/de\/wp-json\/wp\/v2\/product_cat?post=174099"},{"taxonomy":"product_tag","embeddable":true,"href":"https:\/\/www.fabioferro.eu\/de\/wp-json\/wp\/v2\/product_tag?post=174099"}],"curies":[{"name":"wp","href":"https:\/\/api.w.org\/{rel}","templated":true}]}}