{"id":174101,"date":"2025-02-10T22:49:48","date_gmt":"2025-02-10T21:49:48","guid":{"rendered":"https:\/\/www.fabioferro.eu\/tamashii-tibetisches-shungit-armband-mit-rosa-jade.html"},"modified":"2025-02-10T22:49:48","modified_gmt":"2025-02-10T21:49:48","slug":"tamashii-tibetisches-shungit-armband-mit-rosa-jade","status":"publish","type":"product","link":"https:\/\/www.fabioferro.eu\/de\/tamashii-tibetisches-shungit-armband-mit-rosa-jade.html","title":{"rendered":"Tamashii Tibetisches Shungit-Armband mit rosa Jade"},"content":{"rendered":"<p class=\"p1\">Original tibetisches Tamashii Armband aus rosa Jade und Calabash Shungite Geburtsstein.<\/p>\n<p class=\"p3\">Die rosa Jade, die seit Jahrtausenden als Gl\u00fccksbringer gilt, ist der Stein, der Tugenden wie Wohlwollen, Loyalit\u00e4t, H\u00f6flichkeit und Aufrichtigkeit vermittelt. Die seit der Antike gesch\u00e4tzte Jade ist ein Symbol der Gelassenheit und des Schutzes. <\/p>\n<p class=\"p3\">Kalebasse in Shungit, ein Stein mit uralten Urspr\u00fcngen, ist bekannt f\u00fcr seine F\u00e4higkeit, den Tr\u00e4ger zu sch\u00fctzen, zu stabilisieren und zu verwurzeln. Mit seinen antibakteriellen und antimikrobiellen Eigenschaften ist er auch ein ausgezeichneter Reiniger von Unreinheiten und Schwermetallen. <\/p>\n<p class=\"p3\">Die Steine auf dem Armband messen 8 mm und sind an einer verstellbaren braunen Kordel befestigt, die mit Schlaufen versehen ist, so dass sie leicht an jedes Handgelenk angepasst werden kann. Nachdem Sie die Gr\u00f6\u00dfe ausgew\u00e4hlt haben, k\u00f6nnen Sie die Kordel abschneiden, um eine perfekte Passform zu erhalten. <\/p>\n<p class=\"p3\">Jedes Armband wird in der Originalverpackung von Tamashii geliefert, begleitet von einem Echtheitszertifikat und einer Garantie.<\/p>\n","protected":false},"excerpt":{"rendered":"<p class=\"p1\">Tamashii-Armband mit rosa Jade und Shungit, Symbol f\u00fcr Gelassenheit, Schutz und Tugend.<\/p>\n","protected":false},"featured_media":173473,"comment_status":"open","ping_status":"closed","template":"","meta":[],"product_brand":[199],"product_cat":[6318],"product_tag":[],"class_list":{"0":"post-174101","1":"product","2":"type-product","3":"status-publish","4":"has-post-thumbnail","6":"product_brand-tamashii","7":"product_cat-tamashii","9":"first","10":"instock","11":"taxable","12":"shipping-taxable","13":"purchasable","14":"product-type-simple"},"exclude_global_add_ons":[],"addons":[],"df_price":45,"df_sale_price":"","df_regular_price":45,"df_image_link":"https:\/\/cdn02.fabioferro.eu\/wp-content\/uploads\/bracciale-tamashii-tibetano-shungite-con-giada-rosa.jpg","_links":{"self":[{"href":"https:\/\/www.fabioferro.eu\/de\/wp-json\/wp\/v2\/product\/174101","targetHints":{"allow":["GET"]}}],"collection":[{"href":"https:\/\/www.fabioferro.eu\/de\/wp-json\/wp\/v2\/product"}],"about":[{"href":"https:\/\/www.fabioferro.eu\/de\/wp-json\/wp\/v2\/types\/product"}],"replies":[{"embeddable":true,"href":"https:\/\/www.fabioferro.eu\/de\/wp-json\/wp\/v2\/comments?post=174101"}],"version-history":[{"count":0,"href":"https:\/\/www.fabioferro.eu\/de\/wp-json\/wp\/v2\/product\/174101\/revisions"}],"wp:featuredmedia":[{"embeddable":true,"href":"https:\/\/www.fabioferro.eu\/de\/wp-json\/wp\/v2\/media\/173473"}],"wp:attachment":[{"href":"https:\/\/www.fabioferro.eu\/de\/wp-json\/wp\/v2\/media?parent=174101"}],"wp:term":[{"taxonomy":"product_brand","embeddable":true,"href":"https:\/\/www.fabioferro.eu\/de\/wp-json\/wp\/v2\/product_brand?post=174101"},{"taxonomy":"product_cat","embeddable":true,"href":"https:\/\/www.fabioferro.eu\/de\/wp-json\/wp\/v2\/product_cat?post=174101"},{"taxonomy":"product_tag","embeddable":true,"href":"https:\/\/www.fabioferro.eu\/de\/wp-json\/wp\/v2\/product_tag?post=174101"}],"curies":[{"name":"wp","href":"https:\/\/api.w.org\/{rel}","templated":true}]}}