{"id":174104,"date":"2025-02-10T22:41:55","date_gmt":"2025-02-10T21:41:55","guid":{"rendered":"https:\/\/www.fabioferro.eu\/tamashii-tibetisches-shungit-armband-mit-rotem-achat.html"},"modified":"2025-02-10T22:41:55","modified_gmt":"2025-02-10T21:41:55","slug":"tamashii-tibetisches-shungit-armband-mit-rotem-achat","status":"publish","type":"product","link":"https:\/\/www.fabioferro.eu\/de\/tamashii-tibetisches-shungit-armband-mit-rotem-achat.html","title":{"rendered":"Tamashii Tibetisches Shungit-Armband mit rotem Achat"},"content":{"rendered":"<p class=\"p1\">Original tibetisches Tamashii Armband aus rotem Achat Geburtsstein und Calabash Shungite.<\/p>\n<p class=\"p3\">Der rote Achat, ein Symbol f\u00fcr St\u00e4rke, Kraft und Leidenschaft, ist ein Stein, der f\u00fcr Weisheit und spirituelle Kraft steht. Rot wird im Buddhismus mit kraftvollen und heiligen Ritualen in Verbindung gebracht und ist die Farbe, die die Trennlinie zwischen Gut und B\u00f6se symbolisiert. <\/p>\n<p class=\"p3\">Begleitet von Calabash in Shungite, einem uralten und kraftvollen Stein, der f\u00fcr seine abschirmenden F\u00e4higkeiten und f\u00fcr die F\u00f6rderung von Stabilit\u00e4t, Erdung und Reinigung bekannt ist.<\/p>\n<p class=\"p3\">Die Steine des Armbands mit einem Durchmesser von 8 mm sind in eine verstellbare braune Kordel integriert, die sich dank des Schlaufensystems leicht an jedes Handgelenk anpassen l\u00e4sst.<\/p>\n<p class=\"p3\">Da es sich um ein handgefertigtes Produkt handelt, kann es zu leichten Farbabweichungen von den Bildern kommen.<\/p>\n<p class=\"p3\">Jedes Armband wird in der Originalverpackung von Tamashii geliefert, begleitet von einem Echtheitszertifikat und einer Garantie.<\/p>\n","protected":false},"excerpt":{"rendered":"<p class=\"p1\">Tamashii-Armband mit rotem Achat, der f\u00fcr Kraft, Leidenschaft und Weisheit steht.<\/p>\n","protected":false},"featured_media":173462,"comment_status":"open","ping_status":"closed","template":"","meta":[],"product_brand":[199],"product_cat":[6318],"product_tag":[],"class_list":{"0":"post-174104","1":"product","2":"type-product","3":"status-publish","4":"has-post-thumbnail","6":"product_brand-tamashii","7":"product_cat-tamashii","9":"first","10":"instock","11":"taxable","12":"shipping-taxable","13":"purchasable","14":"product-type-simple"},"exclude_global_add_ons":[],"addons":[],"df_price":45,"df_sale_price":"","df_regular_price":45,"df_image_link":"https:\/\/cdn02.fabioferro.eu\/wp-content\/uploads\/bracciale-tamashii-tibetano-shungite-con-agata-rossa.jpg","_links":{"self":[{"href":"https:\/\/www.fabioferro.eu\/de\/wp-json\/wp\/v2\/product\/174104","targetHints":{"allow":["GET"]}}],"collection":[{"href":"https:\/\/www.fabioferro.eu\/de\/wp-json\/wp\/v2\/product"}],"about":[{"href":"https:\/\/www.fabioferro.eu\/de\/wp-json\/wp\/v2\/types\/product"}],"replies":[{"embeddable":true,"href":"https:\/\/www.fabioferro.eu\/de\/wp-json\/wp\/v2\/comments?post=174104"}],"version-history":[{"count":0,"href":"https:\/\/www.fabioferro.eu\/de\/wp-json\/wp\/v2\/product\/174104\/revisions"}],"wp:featuredmedia":[{"embeddable":true,"href":"https:\/\/www.fabioferro.eu\/de\/wp-json\/wp\/v2\/media\/173462"}],"wp:attachment":[{"href":"https:\/\/www.fabioferro.eu\/de\/wp-json\/wp\/v2\/media?parent=174104"}],"wp:term":[{"taxonomy":"product_brand","embeddable":true,"href":"https:\/\/www.fabioferro.eu\/de\/wp-json\/wp\/v2\/product_brand?post=174104"},{"taxonomy":"product_cat","embeddable":true,"href":"https:\/\/www.fabioferro.eu\/de\/wp-json\/wp\/v2\/product_cat?post=174104"},{"taxonomy":"product_tag","embeddable":true,"href":"https:\/\/www.fabioferro.eu\/de\/wp-json\/wp\/v2\/product_tag?post=174104"}],"curies":[{"name":"wp","href":"https:\/\/api.w.org\/{rel}","templated":true}]}}