{"id":174105,"date":"2025-02-10T22:54:31","date_gmt":"2025-02-10T21:54:31","guid":{"rendered":"https:\/\/www.fabioferro.eu\/tamashii-tibetisches-shungit-armband-mit-gruener-wasser-jade.html"},"modified":"2025-02-10T22:54:31","modified_gmt":"2025-02-10T21:54:31","slug":"tamashii-tibetisches-shungit-armband-mit-gruener-wasser-jade","status":"publish","type":"product","link":"https:\/\/www.fabioferro.eu\/de\/tamashii-tibetisches-shungit-armband-mit-gruener-wasser-jade.html","title":{"rendered":"Tamashii Tibetisches Shungit-Armband mit gr\u00fcner Wasser-Jade"},"content":{"rendered":"<p class=\"p1\">Original tibetisches Tamashii-Armband aus dem Naturstein Aqua Green Jade und Calabash Shungite.<\/p>\n<p class=\"p1\">Die blaugr\u00fcne Jade, ein Symbol f\u00fcr Gl\u00fcck und Schutz, wird f\u00fcr ihre Tugenden in Bezug auf Gelassenheit und Sicherheit gesch\u00e4tzt. Dieser Stein, der seit der Antike in Amuletten verwendet wird, ist ideal, um Kinder und \u00e4ltere Menschen auf Reisen zu sch\u00fctzen und stabile und dauerhafte Bindungen in reifen Liebesbeziehungen zu f\u00f6rdern. <\/p>\n<p class=\"p1\">Die Steine mit einem Durchmesser von 8 mm sind an einer verstellbaren braunen Kordel mit einem Schlaufensystem befestigt, mit dem sie sich leicht an jedes Handgelenk anpassen l\u00e4sst.<\/p>\n<p class=\"p1\">Da es sich um ein handgefertigtes Produkt handelt, ist jedes Armband einzigartig und kann leichte Farbabweichungen von den Abbildungen aufweisen.<\/p>\n<p class=\"p1\">Jedes Armband wird in der Originalverpackung von Tamashii geliefert, mit einer Echtheitserkl\u00e4rung und Garantie.<\/p>\n","protected":false},"excerpt":{"rendered":"<p class=\"p1\">Tamashii-Armband mit aquagr\u00fcner Jade und Shungit, Symbol f\u00fcr Schutz, Gelassenheit und dauerhafte Liebe.<\/p>\n","protected":false},"featured_media":173479,"comment_status":"open","ping_status":"closed","template":"","meta":[],"product_brand":[199],"product_cat":[6318],"product_tag":[],"class_list":{"0":"post-174105","1":"product","2":"type-product","3":"status-publish","4":"has-post-thumbnail","6":"product_brand-tamashii","7":"product_cat-tamashii","9":"first","10":"instock","11":"taxable","12":"shipping-taxable","13":"purchasable","14":"product-type-simple"},"exclude_global_add_ons":[],"addons":[],"df_price":45,"df_sale_price":"","df_regular_price":45,"df_image_link":"https:\/\/cdn02.fabioferro.eu\/wp-content\/uploads\/bracciale-tamashii-tibetano-shungite-con-giada-verde-acqua.jpg","_links":{"self":[{"href":"https:\/\/www.fabioferro.eu\/de\/wp-json\/wp\/v2\/product\/174105","targetHints":{"allow":["GET"]}}],"collection":[{"href":"https:\/\/www.fabioferro.eu\/de\/wp-json\/wp\/v2\/product"}],"about":[{"href":"https:\/\/www.fabioferro.eu\/de\/wp-json\/wp\/v2\/types\/product"}],"replies":[{"embeddable":true,"href":"https:\/\/www.fabioferro.eu\/de\/wp-json\/wp\/v2\/comments?post=174105"}],"version-history":[{"count":0,"href":"https:\/\/www.fabioferro.eu\/de\/wp-json\/wp\/v2\/product\/174105\/revisions"}],"wp:featuredmedia":[{"embeddable":true,"href":"https:\/\/www.fabioferro.eu\/de\/wp-json\/wp\/v2\/media\/173479"}],"wp:attachment":[{"href":"https:\/\/www.fabioferro.eu\/de\/wp-json\/wp\/v2\/media?parent=174105"}],"wp:term":[{"taxonomy":"product_brand","embeddable":true,"href":"https:\/\/www.fabioferro.eu\/de\/wp-json\/wp\/v2\/product_brand?post=174105"},{"taxonomy":"product_cat","embeddable":true,"href":"https:\/\/www.fabioferro.eu\/de\/wp-json\/wp\/v2\/product_cat?post=174105"},{"taxonomy":"product_tag","embeddable":true,"href":"https:\/\/www.fabioferro.eu\/de\/wp-json\/wp\/v2\/product_tag?post=174105"}],"curies":[{"name":"wp","href":"https:\/\/api.w.org\/{rel}","templated":true}]}}