{"id":174108,"date":"2025-02-10T22:46:11","date_gmt":"2025-02-10T21:46:11","guid":{"rendered":"https:\/\/www.fabioferro.eu\/tamashii-tibetisches-shungit-armband-mit-rotem-passions-achat.html"},"modified":"2025-02-10T22:46:11","modified_gmt":"2025-02-10T21:46:11","slug":"tamashii-tibetisches-shungit-armband-mit-rotem-passions-achat","status":"publish","type":"product","link":"https:\/\/www.fabioferro.eu\/de\/tamashii-tibetisches-shungit-armband-mit-rotem-passions-achat.html","title":{"rendered":"Tamashii Tibetisches Shungit-Armband mit rotem Passions-Achat"},"content":{"rendered":"<p class=\"p1\">Original tibetisches Tamashii-Armband aus leidenschaftlichem rotem Achat und Calabash Shungite Geburtsstein.<\/p>\n<p class=\"p1\">Der rote Achat Passion, ein Symbol des Feuerelements, strahlt eine intensive Energie aus, die Schutz, Mut und Vitalit\u00e4t f\u00f6rdert. Dieser Stein entfacht die innere Leidenschaft und f\u00f6rdert das Erwachen von Kraft und Mut, um die Herausforderungen des Lebens zu meistern. <\/p>\n<p class=\"p1\">Die uralte und kraftvolle Shungite-Kalabasse ist bekannt f\u00fcr ihre sch\u00fctzenden Eigenschaften, die Stabilit\u00e4t und Verwurzelung f\u00f6rdern. Dank seiner antibakteriellen, antimikrobiellen und reinigenden Eigenschaften ist er auch in der Lage, Unreinheiten und Schwermetalle zur\u00fcckzuhalten. <\/p>\n<p class=\"p1\">Die Steine mit einem Durchmesser von 8 mm sind an einer verstellbaren braunen Kordel mit einem Schlaufensystem befestigt, mit dem sie sich leicht an jedes Handgelenk anpassen l\u00e4sst.<\/p>\n<p class=\"p1\">Da es sich um ein handgefertigtes Produkt handelt, kann es zu leichten Farbabweichungen von den Bildern kommen.<\/p>\n<p class=\"p1\">Verpackt in der Originalverpackung von Tamashii, mit Echtheitszertifikat und Garantie.<\/p>\n","protected":false},"excerpt":{"rendered":"<p class=\"p1\">Tamashii-Armband mit Passion Red Achat, verk\u00f6rpert Schutz, Leidenschaft und Mut.<\/p>\n","protected":false},"featured_media":173468,"comment_status":"open","ping_status":"closed","template":"","meta":[],"product_brand":[199],"product_cat":[6318],"product_tag":[],"class_list":{"0":"post-174108","1":"product","2":"type-product","3":"status-publish","4":"has-post-thumbnail","6":"product_brand-tamashii","7":"product_cat-tamashii","9":"first","10":"instock","11":"taxable","12":"shipping-taxable","13":"purchasable","14":"product-type-simple"},"exclude_global_add_ons":[],"addons":[],"df_price":45,"df_sale_price":"","df_regular_price":45,"df_image_link":"https:\/\/cdn02.fabioferro.eu\/wp-content\/uploads\/bracciale-tamashii-tibetano-shungite-con-agata-rosso-passione.jpg","_links":{"self":[{"href":"https:\/\/www.fabioferro.eu\/de\/wp-json\/wp\/v2\/product\/174108","targetHints":{"allow":["GET"]}}],"collection":[{"href":"https:\/\/www.fabioferro.eu\/de\/wp-json\/wp\/v2\/product"}],"about":[{"href":"https:\/\/www.fabioferro.eu\/de\/wp-json\/wp\/v2\/types\/product"}],"replies":[{"embeddable":true,"href":"https:\/\/www.fabioferro.eu\/de\/wp-json\/wp\/v2\/comments?post=174108"}],"version-history":[{"count":0,"href":"https:\/\/www.fabioferro.eu\/de\/wp-json\/wp\/v2\/product\/174108\/revisions"}],"wp:featuredmedia":[{"embeddable":true,"href":"https:\/\/www.fabioferro.eu\/de\/wp-json\/wp\/v2\/media\/173468"}],"wp:attachment":[{"href":"https:\/\/www.fabioferro.eu\/de\/wp-json\/wp\/v2\/media?parent=174108"}],"wp:term":[{"taxonomy":"product_brand","embeddable":true,"href":"https:\/\/www.fabioferro.eu\/de\/wp-json\/wp\/v2\/product_brand?post=174108"},{"taxonomy":"product_cat","embeddable":true,"href":"https:\/\/www.fabioferro.eu\/de\/wp-json\/wp\/v2\/product_cat?post=174108"},{"taxonomy":"product_tag","embeddable":true,"href":"https:\/\/www.fabioferro.eu\/de\/wp-json\/wp\/v2\/product_tag?post=174108"}],"curies":[{"name":"wp","href":"https:\/\/api.w.org\/{rel}","templated":true}]}}