{"id":174118,"date":"2025-02-11T21:17:50","date_gmt":"2025-02-11T20:17:50","guid":{"rendered":"https:\/\/www.fabioferro.eu\/tamashii-tibetische-jadeblueten-lime-horizon-armbaender.html"},"modified":"2025-02-11T21:17:50","modified_gmt":"2025-02-11T20:17:50","slug":"tamashii-tibetische-jadeblueten-lime-horizon-armbaender","status":"publish","type":"product","link":"https:\/\/www.fabioferro.eu\/de\/tamashii-tibetische-jadeblueten-lime-horizon-armbaender.html","title":{"rendered":"Tamashii Tibetische Jadebl\u00fcten Lime Horizon Armb\u00e4nder"},"content":{"rendered":"<p class=\"p1\">Tamashii-Armband, Symbol der Selbstverwirklichung und des Gleichgewichts, aus gr\u00fcnem und blauem Jade-Naturstein und brauner Kordel.<\/p>\n<p class=\"p3\">Jade gilt seit jeher als Gl\u00fccksbringer und als Symbol f\u00fcr Tugenden wie Wohlwollen, Loyalit\u00e4t und Aufrichtigkeit. Sie hilft, sich selbst zu erkennen und das richtige Gleichgewicht zwischen Ruhe und Aktivit\u00e4t zu finden. <\/p>\n<p class=\"p3\">Die Steine auf dem Armband haben einen Durchmesser von 8 mm und sind an einer verstellbaren braunen Kordel befestigt, die an jedes Handgelenk passt.<\/p>\n<p>Da es sich um ein handgefertigtes Produkt handelt, ist jedes St\u00fcck einzigartig und kann leichte Farbabweichungen aufweisen.<\/p>\n<p class=\"p3\">Jedes Armband ist in der Originalverpackung von Tamashii verpackt und mit einer Echtheitserkl\u00e4rung versehen.<\/p>\n","protected":false},"excerpt":{"rendered":"<p class=\"p1\">Handgefertigtes Tamashii-Armband, Symbol f\u00fcr Wachstum und Harmonie.<\/p>\n","protected":false},"featured_media":173568,"comment_status":"open","ping_status":"closed","template":"","meta":[],"product_brand":[199],"product_cat":[6318],"product_tag":[],"class_list":{"0":"post-174118","1":"product","2":"type-product","3":"status-publish","4":"has-post-thumbnail","6":"product_brand-tamashii","7":"product_cat-tamashii","9":"first","10":"instock","11":"taxable","12":"shipping-taxable","13":"purchasable","14":"product-type-simple"},"exclude_global_add_ons":[],"addons":[],"df_price":42,"df_sale_price":"","df_regular_price":42,"df_image_link":"https:\/\/cdn02.fabioferro.eu\/wp-content\/uploads\/bracciale-tamashii-tibetano-jade-blooms-lime-horizon.jpg","_links":{"self":[{"href":"https:\/\/www.fabioferro.eu\/de\/wp-json\/wp\/v2\/product\/174118","targetHints":{"allow":["GET"]}}],"collection":[{"href":"https:\/\/www.fabioferro.eu\/de\/wp-json\/wp\/v2\/product"}],"about":[{"href":"https:\/\/www.fabioferro.eu\/de\/wp-json\/wp\/v2\/types\/product"}],"replies":[{"embeddable":true,"href":"https:\/\/www.fabioferro.eu\/de\/wp-json\/wp\/v2\/comments?post=174118"}],"version-history":[{"count":0,"href":"https:\/\/www.fabioferro.eu\/de\/wp-json\/wp\/v2\/product\/174118\/revisions"}],"wp:featuredmedia":[{"embeddable":true,"href":"https:\/\/www.fabioferro.eu\/de\/wp-json\/wp\/v2\/media\/173568"}],"wp:attachment":[{"href":"https:\/\/www.fabioferro.eu\/de\/wp-json\/wp\/v2\/media?parent=174118"}],"wp:term":[{"taxonomy":"product_brand","embeddable":true,"href":"https:\/\/www.fabioferro.eu\/de\/wp-json\/wp\/v2\/product_brand?post=174118"},{"taxonomy":"product_cat","embeddable":true,"href":"https:\/\/www.fabioferro.eu\/de\/wp-json\/wp\/v2\/product_cat?post=174118"},{"taxonomy":"product_tag","embeddable":true,"href":"https:\/\/www.fabioferro.eu\/de\/wp-json\/wp\/v2\/product_tag?post=174118"}],"curies":[{"name":"wp","href":"https:\/\/api.w.org\/{rel}","templated":true}]}}