{"id":174124,"date":"2025-02-12T18:27:04","date_gmt":"2025-02-12T17:27:04","guid":{"rendered":"https:\/\/www.fabioferro.eu\/tamashii-tibetan-jade-blooms-azure-drift-armband.html"},"modified":"2025-02-12T18:27:04","modified_gmt":"2025-02-12T17:27:04","slug":"tamashii-tibetan-jade-blooms-azure-drift-armband","status":"publish","type":"product","link":"https:\/\/www.fabioferro.eu\/de\/tamashii-tibetan-jade-blooms-azure-drift-armband.html","title":{"rendered":"Tamashii Tibetan Jade Blooms Azure Drift Armband"},"content":{"rendered":"<p class=\"p1\">Original tibetisches Tamashii-Armband aus nat\u00fcrlichem Jadestein, gesegnet von buddhistischen M\u00f6nchen.<\/p>\n<p class=\"p1\">Seit Jahrhunderten gilt Jade als Stein des Schutzes und der Weisheit, der Ausgeglichenheit und innere Harmonie vermitteln kann. Konfuzius r\u00fchmte seine Tugenden, darunter Wohlwollen, Aufrichtigkeit und Bildung. Dieses Exemplar zeichnet sich durch seine seltene Kombination aus blauen und orangenen Farbt\u00f6nen aus, eine Kombination, die an das Zusammentreffen von Himmel und Sonne in der Morgend\u00e4mmerung erinnert, ein Symbol f\u00fcr einen Neuanfang und innere Transformation.  <\/p>\n<p class=\"p1\">Die Steine messen 8 mm im Durchmesser.<\/p>\n<p class=\"p1\">Das Armband ist dank der vorhandenen Schlaufen verstellbar und kann durch Abschneiden der \u00fcbersch\u00fcssigen Kordel individuell angepasst werden.<\/p>\n<p class=\"p1\">Da es sich um ein handgefertigtes Produkt handelt, ist jedes St\u00fcck einzigartig und kann leichte Farbabweichungen aufweisen.<\/p>\n<p class=\"p1\">Verpackt in der Originalverpackung von Tamashii mit Echtheitszertifikat.<\/p>\n","protected":false},"excerpt":{"rendered":"<p class=\"p1\">Tamashii-Armband mit Jade, ein Accessoire, das die Wiedergeburt symbolisiert.<\/p>\n","protected":false},"featured_media":173625,"comment_status":"open","ping_status":"closed","template":"","meta":[],"product_brand":[199],"product_cat":[6318],"product_tag":[],"class_list":{"0":"post-174124","1":"product","2":"type-product","3":"status-publish","4":"has-post-thumbnail","6":"product_brand-tamashii","7":"product_cat-tamashii","9":"first","10":"instock","11":"taxable","12":"shipping-taxable","13":"purchasable","14":"product-type-simple"},"exclude_global_add_ons":[],"addons":[],"df_price":42,"df_sale_price":"","df_regular_price":42,"df_image_link":"https:\/\/cdn02.fabioferro.eu\/wp-content\/uploads\/bracciale-tamashii-tibetano-jade-blooms-azure-drift.jpg","_links":{"self":[{"href":"https:\/\/www.fabioferro.eu\/de\/wp-json\/wp\/v2\/product\/174124","targetHints":{"allow":["GET"]}}],"collection":[{"href":"https:\/\/www.fabioferro.eu\/de\/wp-json\/wp\/v2\/product"}],"about":[{"href":"https:\/\/www.fabioferro.eu\/de\/wp-json\/wp\/v2\/types\/product"}],"replies":[{"embeddable":true,"href":"https:\/\/www.fabioferro.eu\/de\/wp-json\/wp\/v2\/comments?post=174124"}],"version-history":[{"count":0,"href":"https:\/\/www.fabioferro.eu\/de\/wp-json\/wp\/v2\/product\/174124\/revisions"}],"wp:featuredmedia":[{"embeddable":true,"href":"https:\/\/www.fabioferro.eu\/de\/wp-json\/wp\/v2\/media\/173625"}],"wp:attachment":[{"href":"https:\/\/www.fabioferro.eu\/de\/wp-json\/wp\/v2\/media?parent=174124"}],"wp:term":[{"taxonomy":"product_brand","embeddable":true,"href":"https:\/\/www.fabioferro.eu\/de\/wp-json\/wp\/v2\/product_brand?post=174124"},{"taxonomy":"product_cat","embeddable":true,"href":"https:\/\/www.fabioferro.eu\/de\/wp-json\/wp\/v2\/product_cat?post=174124"},{"taxonomy":"product_tag","embeddable":true,"href":"https:\/\/www.fabioferro.eu\/de\/wp-json\/wp\/v2\/product_tag?post=174124"}],"curies":[{"name":"wp","href":"https:\/\/api.w.org\/{rel}","templated":true}]}}