{"id":174312,"date":"2025-02-17T12:00:11","date_gmt":"2025-02-17T11:00:11","guid":{"rendered":"https:\/\/www.fabioferro.eu\/giovanni-raspini-selene-longuette-halskette.html"},"modified":"2025-02-17T12:00:11","modified_gmt":"2025-02-17T11:00:11","slug":"giovanni-raspini-selene-longuette-halskette","status":"publish","type":"product","link":"https:\/\/www.fabioferro.eu\/de\/giovanni-raspini-selene-longuette-halskette.html","title":{"rendered":"Giovanni Raspini Selene Longuette Halskette"},"content":{"rendered":"<p class=\"p1\">Elegante Halskette aus 925er Sterlingsilber, verziert mit sechs Verzierungen entlang der Kette.<\/p>\n<p class=\"p1\">Mit einer L\u00e4nge von 91 cm schlie\u00dft sie mit einem praktischen Karabinerhaken f\u00fcr optimalen Komfort.<\/p>\n<p class=\"p1\">Ein Schmuckst\u00fcck, das die italienische Goldschmiedetradition widerspiegelt, mit viel Liebe zum Detail und edlen Materialien.<\/p>\n<p class=\"p1\">Geliefert in einer offiziellen Giovanni Raspini-Box, komplett mit Garantie.<\/p>\n","protected":false},"excerpt":{"rendered":"<p class=\"p1\">Ein Hauch von Eleganz, der jede Ihrer Gesten mit nat\u00fcrlicher Leichtigkeit begleitet.<\/p>\n","protected":false},"featured_media":173919,"comment_status":"open","ping_status":"closed","template":"","meta":[],"product_brand":[155],"product_cat":[7568],"product_tag":[],"class_list":{"0":"post-174312","1":"product","2":"type-product","3":"status-publish","4":"has-post-thumbnail","6":"product_brand-raspini","7":"product_cat-giovanni-raspini-halsketten","9":"first","10":"instock","11":"sale","12":"taxable","13":"shipping-taxable","14":"purchasable","15":"product-type-simple"},"exclude_global_add_ons":[],"addons":[],"df_price":549,"df_sale_price":549,"df_regular_price":610,"df_image_link":"https:\/\/cdn02.fabioferro.eu\/wp-content\/uploads\/collana-giovanni-raspini-selene-longuette.jpg","_links":{"self":[{"href":"https:\/\/www.fabioferro.eu\/de\/wp-json\/wp\/v2\/product\/174312","targetHints":{"allow":["GET"]}}],"collection":[{"href":"https:\/\/www.fabioferro.eu\/de\/wp-json\/wp\/v2\/product"}],"about":[{"href":"https:\/\/www.fabioferro.eu\/de\/wp-json\/wp\/v2\/types\/product"}],"replies":[{"embeddable":true,"href":"https:\/\/www.fabioferro.eu\/de\/wp-json\/wp\/v2\/comments?post=174312"}],"version-history":[{"count":0,"href":"https:\/\/www.fabioferro.eu\/de\/wp-json\/wp\/v2\/product\/174312\/revisions"}],"wp:featuredmedia":[{"embeddable":true,"href":"https:\/\/www.fabioferro.eu\/de\/wp-json\/wp\/v2\/media\/173919"}],"wp:attachment":[{"href":"https:\/\/www.fabioferro.eu\/de\/wp-json\/wp\/v2\/media?parent=174312"}],"wp:term":[{"taxonomy":"product_brand","embeddable":true,"href":"https:\/\/www.fabioferro.eu\/de\/wp-json\/wp\/v2\/product_brand?post=174312"},{"taxonomy":"product_cat","embeddable":true,"href":"https:\/\/www.fabioferro.eu\/de\/wp-json\/wp\/v2\/product_cat?post=174312"},{"taxonomy":"product_tag","embeddable":true,"href":"https:\/\/www.fabioferro.eu\/de\/wp-json\/wp\/v2\/product_tag?post=174312"}],"curies":[{"name":"wp","href":"https:\/\/api.w.org\/{rel}","templated":true}]}}