{"id":174337,"date":"2025-02-17T12:00:32","date_gmt":"2025-02-17T11:00:32","guid":{"rendered":"https:\/\/www.fabioferro.eu\/giovanni-raspini-klinge-farbe-gruen-armband-gold.html"},"modified":"2025-02-17T12:00:32","modified_gmt":"2025-02-17T11:00:32","slug":"giovanni-raspini-klinge-farbe-gruen-armband-gold","status":"publish","type":"product","link":"https:\/\/www.fabioferro.eu\/de\/giovanni-raspini-klinge-farbe-gruen-armband-gold.html","title":{"rendered":"Giovanni Raspini Klinge Farbe Gr\u00fcn Armband Gold"},"content":{"rendered":"<p class=\"p1\">Giovanni Raspini Armband aus 925er Sterlingsilber in 18 kt Gold und gr\u00fcnen Kristallen, ein Symbol f\u00fcr zeitlose Eleganz.<\/p>\n<p>Das innere Oval misst 6 x 5 cm.<\/p>\n<p>Bequeme und praktische federbelastete \u00d6ffnung.<\/p>\n<p class=\"p1\">Jedes Detail ist sorgf\u00e4ltig ausgearbeitet und spiegelt die traditionelle Handwerkskunst und die hohe Qualit\u00e4t von Schmuck Made in Italy wider.<\/p>\n<p class=\"p1\">Hergestellt in handwerklicher Arbeit in Italien, eine Garantie f\u00fcr die Echtheit.<\/p>\n<p class=\"p1\">Wird in einer eleganten offiziellen Giovanni Raspini-Box geliefert, inklusive Garantie.<\/p>\n","protected":false},"excerpt":{"rendered":"<p class=\"p1\">Ein Schmuckst\u00fcck, das durch seine unaufdringliche Sch\u00f6nheit besticht und jeden Look vervollst\u00e4ndigt.<\/p>\n","protected":false},"featured_media":173885,"comment_status":"open","ping_status":"closed","template":"","meta":[],"product_brand":[155],"product_cat":[7569],"product_tag":[],"class_list":{"0":"post-174337","1":"product","2":"type-product","3":"status-publish","4":"has-post-thumbnail","6":"product_brand-raspini","7":"product_cat-armbander-giovanni-raspini","9":"first","10":"instock","11":"sale","12":"taxable","13":"shipping-taxable","14":"purchasable","15":"product-type-simple"},"exclude_global_add_ons":[],"addons":[],"df_price":441,"df_sale_price":441,"df_regular_price":490,"df_image_link":"https:\/\/cdn02.fabioferro.eu\/wp-content\/uploads\/bracciale-giovanni-raspini-blade-colour-green-blade-oro.jpg","_links":{"self":[{"href":"https:\/\/www.fabioferro.eu\/de\/wp-json\/wp\/v2\/product\/174337","targetHints":{"allow":["GET"]}}],"collection":[{"href":"https:\/\/www.fabioferro.eu\/de\/wp-json\/wp\/v2\/product"}],"about":[{"href":"https:\/\/www.fabioferro.eu\/de\/wp-json\/wp\/v2\/types\/product"}],"replies":[{"embeddable":true,"href":"https:\/\/www.fabioferro.eu\/de\/wp-json\/wp\/v2\/comments?post=174337"}],"version-history":[{"count":0,"href":"https:\/\/www.fabioferro.eu\/de\/wp-json\/wp\/v2\/product\/174337\/revisions"}],"wp:featuredmedia":[{"embeddable":true,"href":"https:\/\/www.fabioferro.eu\/de\/wp-json\/wp\/v2\/media\/173885"}],"wp:attachment":[{"href":"https:\/\/www.fabioferro.eu\/de\/wp-json\/wp\/v2\/media?parent=174337"}],"wp:term":[{"taxonomy":"product_brand","embeddable":true,"href":"https:\/\/www.fabioferro.eu\/de\/wp-json\/wp\/v2\/product_brand?post=174337"},{"taxonomy":"product_cat","embeddable":true,"href":"https:\/\/www.fabioferro.eu\/de\/wp-json\/wp\/v2\/product_cat?post=174337"},{"taxonomy":"product_tag","embeddable":true,"href":"https:\/\/www.fabioferro.eu\/de\/wp-json\/wp\/v2\/product_tag?post=174337"}],"curies":[{"name":"wp","href":"https:\/\/api.w.org\/{rel}","templated":true}]}}