{"id":174340,"date":"2025-02-17T12:00:20","date_gmt":"2025-02-17T11:00:20","guid":{"rendered":"https:\/\/www.fabioferro.eu\/giovanni-raspini-margherita-kleine-perlenkette.html"},"modified":"2025-02-17T12:00:20","modified_gmt":"2025-02-17T11:00:20","slug":"giovanni-raspini-margherita-kleine-perlenkette","status":"publish","type":"product","link":"https:\/\/www.fabioferro.eu\/de\/giovanni-raspini-margherita-kleine-perlenkette.html","title":{"rendered":"Giovanni Raspini Margherita Kleine Perlenkette"},"content":{"rendered":"<p class=\"p1\">Halskette aus 925er Sterlingsilber, verziert mit ausgew\u00e4hlten Perlen, eine Synthese aus Eleganz und Handwerkskunst.<\/p>\n<p class=\"p1\">Mit einer L\u00e4nge von 44 cm f\u00fcgt sie sich harmonisch in jeden Stil ein und unterstreicht die Raffinesse der Tr\u00e4gerin.<\/p>\n<p class=\"p1\">Der pr\u00e4zise gearbeitete Karabinerverschluss verleiht dem Design einen Hauch von Exklusivit\u00e4t.<\/p>\n<p class=\"p1\">Sie ist eine Hommage an die gro\u00dfe italienische Goldschmiedetradition und wird aus edlen Materialien und mit viel Liebe zum Detail hergestellt.<\/p>\n<p class=\"p1\">Ein zeitloses Schmuckst\u00fcck, ein Ausdruck von Klasse und Qualit\u00e4t, streng Made in Italy.<\/p>\n<p class=\"p1\">Wird in einer eleganten offiziellen Giovanni Raspini-Box geliefert, komplett mit Garantie.<\/p>\n","protected":false},"excerpt":{"rendered":"<p class=\"p1\">Eine Halskette, die sich nat\u00fcrlich an Ihren Stil anpasst, ohne jemals unbemerkt zu bleiben.<\/p>\n","protected":false},"featured_media":173904,"comment_status":"open","ping_status":"closed","template":"","meta":[],"product_brand":[155],"product_cat":[7568],"product_tag":[],"class_list":{"0":"post-174340","1":"product","2":"type-product","3":"status-publish","4":"has-post-thumbnail","6":"product_brand-raspini","7":"product_cat-giovanni-raspini-halsketten","9":"first","10":"instock","11":"sale","12":"taxable","13":"shipping-taxable","14":"purchasable","15":"product-type-simple"},"exclude_global_add_ons":[],"addons":[],"df_price":279,"df_sale_price":279,"df_regular_price":310,"df_image_link":"https:\/\/cdn02.fabioferro.eu\/wp-content\/uploads\/collana-giovanni-raspini-margherita-perle-piccole.jpg","_links":{"self":[{"href":"https:\/\/www.fabioferro.eu\/de\/wp-json\/wp\/v2\/product\/174340","targetHints":{"allow":["GET"]}}],"collection":[{"href":"https:\/\/www.fabioferro.eu\/de\/wp-json\/wp\/v2\/product"}],"about":[{"href":"https:\/\/www.fabioferro.eu\/de\/wp-json\/wp\/v2\/types\/product"}],"replies":[{"embeddable":true,"href":"https:\/\/www.fabioferro.eu\/de\/wp-json\/wp\/v2\/comments?post=174340"}],"version-history":[{"count":0,"href":"https:\/\/www.fabioferro.eu\/de\/wp-json\/wp\/v2\/product\/174340\/revisions"}],"wp:featuredmedia":[{"embeddable":true,"href":"https:\/\/www.fabioferro.eu\/de\/wp-json\/wp\/v2\/media\/173904"}],"wp:attachment":[{"href":"https:\/\/www.fabioferro.eu\/de\/wp-json\/wp\/v2\/media?parent=174340"}],"wp:term":[{"taxonomy":"product_brand","embeddable":true,"href":"https:\/\/www.fabioferro.eu\/de\/wp-json\/wp\/v2\/product_brand?post=174340"},{"taxonomy":"product_cat","embeddable":true,"href":"https:\/\/www.fabioferro.eu\/de\/wp-json\/wp\/v2\/product_cat?post=174340"},{"taxonomy":"product_tag","embeddable":true,"href":"https:\/\/www.fabioferro.eu\/de\/wp-json\/wp\/v2\/product_tag?post=174340"}],"curies":[{"name":"wp","href":"https:\/\/api.w.org\/{rel}","templated":true}]}}