{"id":174370,"date":"2025-02-17T12:00:32","date_gmt":"2025-02-17T11:00:32","guid":{"rendered":"https:\/\/www.fabioferro.eu\/giovanni-raspini-margherita-kette-halskette.html"},"modified":"2025-03-11T17:19:13","modified_gmt":"2025-03-11T16:19:13","slug":"giovanni-raspini-margherita-kette-halskette","status":"publish","type":"product","link":"https:\/\/www.fabioferro.eu\/de\/giovanni-raspini-margherita-kette-halskette.html","title":{"rendered":"Giovanni Raspini Margherita Kette Halskette"},"content":{"rendered":"<p class=\"p1\">Giovanni Raspini Halskette aus Sterlingsilber.<\/p>\n<p class=\"p1\">Die Gesamtl\u00e4nge des Schmuckst\u00fccks betr\u00e4gt 44 cm.<\/p>\n<p class=\"p1\">Der kunstvoll gearbeitete Karabinerverschluss verleiht dem Schmuckst\u00fcck einen Hauch von Exklusivit\u00e4t und Sicherheit.<\/p>\n<p class=\"p1\">Ein zeitloses Accessoire, ein Symbol f\u00fcr Qualit\u00e4t und Charme, komplett Made in Italy.<\/p>\n<p class=\"p1\">Pr\u00e4sentiert in einer raffinierten offiziellen Giovanni Raspini-Box, inklusive Garantie.<\/p>\n","protected":false},"excerpt":{"rendered":"<p class=\"p1\">Eine einzigartige Kreation, die Tradition und Modernit\u00e4t in einem zeitlosen Design vereint.<\/p>\n","protected":false},"featured_media":173910,"comment_status":"open","ping_status":"closed","template":"","meta":[],"product_brand":[155],"product_cat":[7568],"product_tag":[7442],"class_list":{"0":"post-174370","1":"product","2":"type-product","3":"status-publish","4":"has-post-thumbnail","6":"product_brand-raspini","7":"product_cat-giovanni-raspini-halsketten","8":"product_tag-verfugbar","10":"first","11":"instock","12":"sale","13":"taxable","14":"shipping-taxable","15":"purchasable","16":"product-type-simple"},"exclude_global_add_ons":[],"addons":[],"df_price":346.5,"df_sale_price":346.5,"df_regular_price":385,"df_image_link":"https:\/\/cdn02.fabioferro.eu\/wp-content\/uploads\/collana-giovanni-raspini-margherita-catena.jpg","_links":{"self":[{"href":"https:\/\/www.fabioferro.eu\/de\/wp-json\/wp\/v2\/product\/174370","targetHints":{"allow":["GET"]}}],"collection":[{"href":"https:\/\/www.fabioferro.eu\/de\/wp-json\/wp\/v2\/product"}],"about":[{"href":"https:\/\/www.fabioferro.eu\/de\/wp-json\/wp\/v2\/types\/product"}],"replies":[{"embeddable":true,"href":"https:\/\/www.fabioferro.eu\/de\/wp-json\/wp\/v2\/comments?post=174370"}],"version-history":[{"count":0,"href":"https:\/\/www.fabioferro.eu\/de\/wp-json\/wp\/v2\/product\/174370\/revisions"}],"wp:featuredmedia":[{"embeddable":true,"href":"https:\/\/www.fabioferro.eu\/de\/wp-json\/wp\/v2\/media\/173910"}],"wp:attachment":[{"href":"https:\/\/www.fabioferro.eu\/de\/wp-json\/wp\/v2\/media?parent=174370"}],"wp:term":[{"taxonomy":"product_brand","embeddable":true,"href":"https:\/\/www.fabioferro.eu\/de\/wp-json\/wp\/v2\/product_brand?post=174370"},{"taxonomy":"product_cat","embeddable":true,"href":"https:\/\/www.fabioferro.eu\/de\/wp-json\/wp\/v2\/product_cat?post=174370"},{"taxonomy":"product_tag","embeddable":true,"href":"https:\/\/www.fabioferro.eu\/de\/wp-json\/wp\/v2\/product_tag?post=174370"}],"curies":[{"name":"wp","href":"https:\/\/api.w.org\/{rel}","templated":true}]}}