{"id":174375,"date":"2025-02-17T12:00:04","date_gmt":"2025-02-17T11:00:04","guid":{"rendered":"https:\/\/www.fabioferro.eu\/giovanni-raspini-byzantinische-mini-halskette.html"},"modified":"2025-02-17T12:00:04","modified_gmt":"2025-02-17T11:00:04","slug":"giovanni-raspini-byzantinische-mini-halskette","status":"publish","type":"product","link":"https:\/\/www.fabioferro.eu\/de\/giovanni-raspini-byzantinische-mini-halskette.html","title":{"rendered":"Giovanni Raspini Byzantinische Mini-Halskette"},"content":{"rendered":"<p class=\"p1\">Giovanni Raspini Halskette aus Sterlingsilber.<\/p>\n<p class=\"p1\">Gesamtl\u00e4nge des Schmuckst\u00fccks 45 cm Gr\u00f6\u00dfe M, 50 cm Gr\u00f6\u00dfe L.<\/p>\n<p class=\"p1\">Schneller und sicherer Verschluss durch einen Karabinerhaken<\/p>\n<p class=\"p1\">Hergestellt von Meisterhand, Made in Italy.<\/p>\n<p class=\"p1\">Pr\u00e4sentiert in einer raffinierten offiziellen Giovanni Raspini-Box, inklusive Garantie.<\/p>\n","protected":false},"excerpt":{"rendered":"<p class=\"p1\">Eine Halskette, die zarte Linien und starken Charakter in einem perfekten Gleichgewicht vereint.<\/p>\n","protected":false},"featured_media":173943,"comment_status":"open","ping_status":"closed","template":"","meta":[],"product_brand":[],"product_cat":[7568,7598],"product_tag":[7442],"class_list":{"0":"post-174375","1":"product","2":"type-product","3":"status-publish","4":"has-post-thumbnail","6":"product_cat-giovanni-raspini-halsketten","7":"product_cat-giovanni-raspini-halsketten-fur-manner","8":"product_tag-verfugbar","10":"first","11":"instock","12":"sale","13":"taxable","14":"shipping-taxable","15":"purchasable","16":"product-type-variable","17":"has-default-attributes"},"exclude_global_add_ons":[],"addons":[],"df_price":337.5,"df_sale_price":"","df_regular_price":337.5,"df_image_link":"https:\/\/cdn02.fabioferro.eu\/wp-content\/uploads\/collana-giovanni-raspini-bizantina-mini.jpg","_links":{"self":[{"href":"https:\/\/www.fabioferro.eu\/de\/wp-json\/wp\/v2\/product\/174375","targetHints":{"allow":["GET"]}}],"collection":[{"href":"https:\/\/www.fabioferro.eu\/de\/wp-json\/wp\/v2\/product"}],"about":[{"href":"https:\/\/www.fabioferro.eu\/de\/wp-json\/wp\/v2\/types\/product"}],"replies":[{"embeddable":true,"href":"https:\/\/www.fabioferro.eu\/de\/wp-json\/wp\/v2\/comments?post=174375"}],"version-history":[{"count":0,"href":"https:\/\/www.fabioferro.eu\/de\/wp-json\/wp\/v2\/product\/174375\/revisions"}],"wp:featuredmedia":[{"embeddable":true,"href":"https:\/\/www.fabioferro.eu\/de\/wp-json\/wp\/v2\/media\/173943"}],"wp:attachment":[{"href":"https:\/\/www.fabioferro.eu\/de\/wp-json\/wp\/v2\/media?parent=174375"}],"wp:term":[{"taxonomy":"product_brand","embeddable":true,"href":"https:\/\/www.fabioferro.eu\/de\/wp-json\/wp\/v2\/product_brand?post=174375"},{"taxonomy":"product_cat","embeddable":true,"href":"https:\/\/www.fabioferro.eu\/de\/wp-json\/wp\/v2\/product_cat?post=174375"},{"taxonomy":"product_tag","embeddable":true,"href":"https:\/\/www.fabioferro.eu\/de\/wp-json\/wp\/v2\/product_tag?post=174375"}],"curies":[{"name":"wp","href":"https:\/\/api.w.org\/{rel}","templated":true}]}}